{"id":287,"date":"2025-10-07T09:56:32","date_gmt":"2025-10-07T09:56:32","guid":{"rendered":"https:\/\/telemaquedjerba.ms3.decms.eu\/sea-view-superior-room\/"},"modified":"2025-11-25T11:27:48","modified_gmt":"2025-11-25T11:27:48","slug":"superior-doppelzimmer-mit-meerblick","status":"publish","type":"page","link":"https:\/\/www.telemaque-beach.com\/de\/zimmer\/superior-doppelzimmer-mit-meerblick\/","title":{"rendered":"Superior Doppelzimmer mit Meerblick"},"content":{"rendered":"<p style=\"text-align: center;\">G\u00f6nnen Sie sich den<strong> Luxus von Raum und Weite<\/strong> in unserem <strong>Hotel auf Djerba mit Meerblick.<\/strong><br \/>\nDas<strong> Superior Doppelzimmer<\/strong> vereint <strong>Komfort und Entspannung.<\/strong> Auf <strong>30 m\u00b2<\/strong>, lichtdurchflutet, er\u00f6ffnet es einen <strong>panoramischen Blick auf das Mittelmeer<\/strong> und l\u00e4sst die Grenze zwischen Ihrem Zimmer und der Weite des Meeres verschwimmen.<\/p>\n<p style=\"text-align: center;\"><strong><span style=\"color: var(--highlighted-d-20);\">Kostenlose Stornierung &amp; 100 % sichere Zahlung<\/span><\/strong><\/p>\n","protected":false},"excerpt":{"rendered":"<p>G\u00f6nnen Sie sich den Luxus von Raum und Weite in unserem Hotel auf Djerba mit Meerblick. Das Superior Doppelzimmer vereint Komfort und Entspannung. Auf 30 m\u00b2, lichtdurchflutet, er\u00f6ffnet es einen panoramischen Blick auf das Mittelmeer und l\u00e4sst die Grenze zwischen Ihrem Zimmer und der Weite des Meeres verschwimmen. Kostenlose Stornierung &amp; 100 % sichere Zahlung<\/p>\n","protected":false},"author":23,"featured_media":0,"parent":313,"menu_order":7,"comment_status":"closed","ping_status":"closed","template":"template-single-room.php","meta":{"footnotes":""},"class_list":["post-287","page","type-page","status-publish","hentry"],"yoast_head":"<!-- This site is optimized with the Yoast SEO plugin v26.9 - https:\/\/yoast.com\/product\/yoast-seo-wordpress\/ -->\n<title>Superior Doppelzimmer mit Meerblick - Telemaque Djerba<\/title>\n<meta name=\"description\" content=\"Erleben Sie ein einzigartiges Erlebnis in unserem Hotel in Tunesien mit Meerblick. Unsere Superior-Zimmer bieten Ihnen eine gro\u00dfz\u00fcgige Fl\u00e4che von 30 m\u00b2 und eine Sitzecke.\" \/>\n<meta name=\"robots\" content=\"index, follow, max-snippet:-1, max-image-preview:large, max-video-preview:-1\" \/>\n<link rel=\"canonical\" href=\"https:\/\/www.telemaque-beach.com\/de\/zimmer\/superior-doppelzimmer-mit-meerblick\/\" \/>\n<meta property=\"og:locale\" content=\"de_DE\" \/>\n<meta property=\"og:type\" content=\"article\" \/>\n<meta property=\"og:title\" content=\"Superior Doppelzimmer mit Meerblick - Telemaque Djerba\" \/>\n<meta property=\"og:description\" content=\"Erleben Sie ein einzigartiges Erlebnis in unserem Hotel in Tunesien mit Meerblick. Unsere Superior-Zimmer bieten Ihnen eine gro\u00dfz\u00fcgige Fl\u00e4che von 30 m\u00b2 und eine Sitzecke.\" \/>\n<meta property=\"og:url\" content=\"https:\/\/www.telemaque-beach.com\/de\/zimmer\/superior-doppelzimmer-mit-meerblick\/\" \/>\n<meta property=\"og:site_name\" content=\"Telemaque Djerba\" \/>\n<meta property=\"article:modified_time\" content=\"2025-11-25T11:27:48+00:00\" \/>\n<meta name=\"twitter:card\" content=\"summary_large_image\" \/>\n<meta name=\"twitter:label1\" content=\"Est. reading time\" \/>\n\t<meta name=\"twitter:data1\" content=\"1\u00a0Minute\" \/>\n<script type=\"application\/ld+json\" class=\"yoast-schema-graph\">{\"@context\":\"https:\/\/schema.org\",\"@graph\":[{\"@type\":\"WebPage\",\"@id\":\"https:\/\/www.telemaque-beach.com\/de\/zimmer\/superior-doppelzimmer-mit-meerblick\/\",\"url\":\"https:\/\/www.telemaque-beach.com\/de\/zimmer\/superior-doppelzimmer-mit-meerblick\/\",\"name\":\"Superior Doppelzimmer mit Meerblick - Telemaque Djerba\",\"isPartOf\":{\"@id\":\"https:\/\/www.telemaque-beach.com\/de\/#website\"},\"datePublished\":\"2025-10-07T09:56:32+00:00\",\"dateModified\":\"2025-11-25T11:27:48+00:00\",\"description\":\"Erleben Sie ein einzigartiges Erlebnis in unserem Hotel in Tunesien mit Meerblick. Unsere Superior-Zimmer bieten Ihnen eine gro\u00dfz\u00fcgige Fl\u00e4che von 30 m\u00b2 und eine Sitzecke.\",\"breadcrumb\":{\"@id\":\"https:\/\/www.telemaque-beach.com\/de\/zimmer\/superior-doppelzimmer-mit-meerblick\/#breadcrumb\"},\"inLanguage\":\"de\",\"potentialAction\":[{\"@type\":\"ReadAction\",\"target\":[\"https:\/\/www.telemaque-beach.com\/de\/zimmer\/superior-doppelzimmer-mit-meerblick\/\"]}]},{\"@type\":\"BreadcrumbList\",\"@id\":\"https:\/\/www.telemaque-beach.com\/de\/zimmer\/superior-doppelzimmer-mit-meerblick\/#breadcrumb\",\"itemListElement\":[{\"@type\":\"ListItem\",\"position\":1,\"name\":\"Home\",\"item\":\"https:\/\/www.telemaque-beach.com\/de\/\"},{\"@type\":\"ListItem\",\"position\":2,\"name\":\"Zimmer\",\"item\":\"https:\/\/www.telemaque-beach.com\/de\/zimmer\/\"},{\"@type\":\"ListItem\",\"position\":3,\"name\":\"Superior Doppelzimmer mit Meerblick\"}]},{\"@type\":\"WebSite\",\"@id\":\"https:\/\/www.telemaque-beach.com\/de\/#website\",\"url\":\"https:\/\/www.telemaque-beach.com\/de\/\",\"name\":\"Telemaque Beach & Spa\",\"description\":\"\",\"potentialAction\":[{\"@type\":\"SearchAction\",\"target\":{\"@type\":\"EntryPoint\",\"urlTemplate\":\"https:\/\/www.telemaque-beach.com\/de\/?s={search_term_string}\"},\"query-input\":{\"@type\":\"PropertyValueSpecification\",\"valueRequired\":true,\"valueName\":\"search_term_string\"}}],\"inLanguage\":\"de\"}]}<\/script>\n<!-- \/ Yoast SEO plugin. -->","yoast_head_json":{"title":"Superior Doppelzimmer mit Meerblick - Telemaque Djerba","description":"Erleben Sie ein einzigartiges Erlebnis in unserem Hotel in Tunesien mit Meerblick. Unsere Superior-Zimmer bieten Ihnen eine gro\u00dfz\u00fcgige Fl\u00e4che von 30 m\u00b2 und eine Sitzecke.","robots":{"index":"index","follow":"follow","max-snippet":"max-snippet:-1","max-image-preview":"max-image-preview:large","max-video-preview":"max-video-preview:-1"},"canonical":"https:\/\/www.telemaque-beach.com\/de\/zimmer\/superior-doppelzimmer-mit-meerblick\/","og_locale":"de_DE","og_type":"article","og_title":"Superior Doppelzimmer mit Meerblick - Telemaque Djerba","og_description":"Erleben Sie ein einzigartiges Erlebnis in unserem Hotel in Tunesien mit Meerblick. Unsere Superior-Zimmer bieten Ihnen eine gro\u00dfz\u00fcgige Fl\u00e4che von 30 m\u00b2 und eine Sitzecke.","og_url":"https:\/\/www.telemaque-beach.com\/de\/zimmer\/superior-doppelzimmer-mit-meerblick\/","og_site_name":"Telemaque Djerba","article_modified_time":"2025-11-25T11:27:48+00:00","twitter_card":"summary_large_image","twitter_misc":{"Est. reading time":"1\u00a0Minute"},"schema":{"@context":"https:\/\/schema.org","@graph":[{"@type":"WebPage","@id":"https:\/\/www.telemaque-beach.com\/de\/zimmer\/superior-doppelzimmer-mit-meerblick\/","url":"https:\/\/www.telemaque-beach.com\/de\/zimmer\/superior-doppelzimmer-mit-meerblick\/","name":"Superior Doppelzimmer mit Meerblick - Telemaque Djerba","isPartOf":{"@id":"https:\/\/www.telemaque-beach.com\/de\/#website"},"datePublished":"2025-10-07T09:56:32+00:00","dateModified":"2025-11-25T11:27:48+00:00","description":"Erleben Sie ein einzigartiges Erlebnis in unserem Hotel in Tunesien mit Meerblick. Unsere Superior-Zimmer bieten Ihnen eine gro\u00dfz\u00fcgige Fl\u00e4che von 30 m\u00b2 und eine Sitzecke.","breadcrumb":{"@id":"https:\/\/www.telemaque-beach.com\/de\/zimmer\/superior-doppelzimmer-mit-meerblick\/#breadcrumb"},"inLanguage":"de","potentialAction":[{"@type":"ReadAction","target":["https:\/\/www.telemaque-beach.com\/de\/zimmer\/superior-doppelzimmer-mit-meerblick\/"]}]},{"@type":"BreadcrumbList","@id":"https:\/\/www.telemaque-beach.com\/de\/zimmer\/superior-doppelzimmer-mit-meerblick\/#breadcrumb","itemListElement":[{"@type":"ListItem","position":1,"name":"Home","item":"https:\/\/www.telemaque-beach.com\/de\/"},{"@type":"ListItem","position":2,"name":"Zimmer","item":"https:\/\/www.telemaque-beach.com\/de\/zimmer\/"},{"@type":"ListItem","position":3,"name":"Superior Doppelzimmer mit Meerblick"}]},{"@type":"WebSite","@id":"https:\/\/www.telemaque-beach.com\/de\/#website","url":"https:\/\/www.telemaque-beach.com\/de\/","name":"Telemaque Beach & Spa","description":"","potentialAction":[{"@type":"SearchAction","target":{"@type":"EntryPoint","urlTemplate":"https:\/\/www.telemaque-beach.com\/de\/?s={search_term_string}"},"query-input":{"@type":"PropertyValueSpecification","valueRequired":true,"valueName":"search_term_string"}}],"inLanguage":"de"}]}},"acf":[],"_links":{"self":[{"href":"https:\/\/www.telemaque-beach.com\/de\/wp-json\/wp\/v2\/pages\/287","targetHints":{"allow":["GET"]}}],"collection":[{"href":"https:\/\/www.telemaque-beach.com\/de\/wp-json\/wp\/v2\/pages"}],"about":[{"href":"https:\/\/www.telemaque-beach.com\/de\/wp-json\/wp\/v2\/types\/page"}],"author":[{"embeddable":true,"href":"https:\/\/www.telemaque-beach.com\/de\/wp-json\/wp\/v2\/users\/23"}],"replies":[{"embeddable":true,"href":"https:\/\/www.telemaque-beach.com\/de\/wp-json\/wp\/v2\/comments?post=287"}],"version-history":[{"count":0,"href":"https:\/\/www.telemaque-beach.com\/de\/wp-json\/wp\/v2\/pages\/287\/revisions"}],"up":[{"embeddable":true,"href":"https:\/\/www.telemaque-beach.com\/de\/wp-json\/wp\/v2\/pages\/313"}],"wp:attachment":[{"href":"https:\/\/www.telemaque-beach.com\/de\/wp-json\/wp\/v2\/media?parent=287"}],"curies":[{"name":"wp","href":"https:\/\/api.w.org\/{rel}","templated":true}]}}