{"id":288,"date":"2025-10-07T09:56:32","date_gmt":"2025-10-07T09:56:32","guid":{"rendered":"https:\/\/telemaquedjerba.ms3.decms.eu\/standard-triple-room\/"},"modified":"2025-11-25T11:27:08","modified_gmt":"2025-11-25T11:27:08","slug":"standard-dreibettzimmer","status":"publish","type":"page","link":"https:\/\/www.telemaque-beach.com\/de\/zimmer\/standard-dreibettzimmer\/","title":{"rendered":"Standard Dreibettzimmer"},"content":{"rendered":"<p style=\"text-align: center;\">Unsere Dreibettzimmer auf Djerba bieten eine Fl\u00e4che von 22 m\u00b2 und Platz f\u00fcr bis zu drei Personen dank eines Doppelbetts (160 cm) und eines Einzelbetts (90 cm).<br \/>\nIdeal f\u00fcr Familien oder kleine Freundesgruppen, verf\u00fcgen alle Dreibettzimmer \u00fcber einen Balkon, eine Terrasse oder eine gro\u00dfe Fensterfront mit einem wunderbaren Blick auf die Hotelg\u00e4rten.<\/p>\n<p style=\"text-align: center;\"><strong><span style=\"color: var(--highlighted-d-20);\">Kostenlose Stornierung &amp; 100 % sichere Zahlung<\/span><\/strong><\/p>\n","protected":false},"excerpt":{"rendered":"<p>Unsere Dreibettzimmer auf Djerba bieten eine Fl\u00e4che von 22 m\u00b2 und Platz f\u00fcr bis zu drei Personen dank eines Doppelbetts (160 cm) und eines Einzelbetts (90 cm). Ideal f\u00fcr Familien oder kleine Freundesgruppen, verf\u00fcgen alle Dreibettzimmer \u00fcber einen Balkon, eine Terrasse oder eine gro\u00dfe Fensterfront mit einem wunderbaren Blick auf die Hotelg\u00e4rten. Kostenlose Stornierung &amp; [&hellip;]<\/p>\n","protected":false},"author":23,"featured_media":0,"parent":313,"menu_order":2,"comment_status":"closed","ping_status":"closed","template":"template-single-room.php","meta":{"footnotes":""},"class_list":["post-288","page","type-page","status-publish","hentry"],"yoast_head":"<!-- This site is optimized with the Yoast SEO plugin v26.9 - https:\/\/yoast.com\/product\/yoast-seo-wordpress\/ -->\n<title>Standard Dreibettzimmer - Telemaque Djerba<\/title>\n<meta name=\"description\" content=\"Unser 22 m\u00b2 gro\u00dfes Dreibettzimmer ist f\u00fcr bis zu 3 Personen ausgelegt. Es ist mit einem Kingsize-Bett, einem bequemen Zustellbett und einem Balkon ausgestattet.\" \/>\n<meta name=\"robots\" content=\"index, follow, max-snippet:-1, max-image-preview:large, max-video-preview:-1\" \/>\n<link rel=\"canonical\" href=\"https:\/\/www.telemaque-beach.com\/de\/zimmer\/standard-dreibettzimmer\/\" \/>\n<meta property=\"og:locale\" content=\"de_DE\" \/>\n<meta property=\"og:type\" content=\"article\" \/>\n<meta property=\"og:title\" content=\"Standard Dreibettzimmer - Telemaque Djerba\" \/>\n<meta property=\"og:description\" content=\"Unser 22 m\u00b2 gro\u00dfes Dreibettzimmer ist f\u00fcr bis zu 3 Personen ausgelegt. Es ist mit einem Kingsize-Bett, einem bequemen Zustellbett und einem Balkon ausgestattet.\" \/>\n<meta property=\"og:url\" content=\"https:\/\/www.telemaque-beach.com\/de\/zimmer\/standard-dreibettzimmer\/\" \/>\n<meta property=\"og:site_name\" content=\"Telemaque Djerba\" \/>\n<meta property=\"article:modified_time\" content=\"2025-11-25T11:27:08+00:00\" \/>\n<meta name=\"twitter:card\" content=\"summary_large_image\" \/>\n<meta name=\"twitter:label1\" content=\"Est. reading time\" \/>\n\t<meta name=\"twitter:data1\" content=\"1\u00a0Minute\" \/>\n<script type=\"application\/ld+json\" class=\"yoast-schema-graph\">{\"@context\":\"https:\/\/schema.org\",\"@graph\":[{\"@type\":\"WebPage\",\"@id\":\"https:\/\/www.telemaque-beach.com\/de\/zimmer\/standard-dreibettzimmer\/\",\"url\":\"https:\/\/www.telemaque-beach.com\/de\/zimmer\/standard-dreibettzimmer\/\",\"name\":\"Standard Dreibettzimmer - Telemaque Djerba\",\"isPartOf\":{\"@id\":\"https:\/\/www.telemaque-beach.com\/de\/#website\"},\"datePublished\":\"2025-10-07T09:56:32+00:00\",\"dateModified\":\"2025-11-25T11:27:08+00:00\",\"description\":\"Unser 22 m\u00b2 gro\u00dfes Dreibettzimmer ist f\u00fcr bis zu 3 Personen ausgelegt. Es ist mit einem Kingsize-Bett, einem bequemen Zustellbett und einem Balkon ausgestattet.\",\"breadcrumb\":{\"@id\":\"https:\/\/www.telemaque-beach.com\/de\/zimmer\/standard-dreibettzimmer\/#breadcrumb\"},\"inLanguage\":\"de\",\"potentialAction\":[{\"@type\":\"ReadAction\",\"target\":[\"https:\/\/www.telemaque-beach.com\/de\/zimmer\/standard-dreibettzimmer\/\"]}]},{\"@type\":\"BreadcrumbList\",\"@id\":\"https:\/\/www.telemaque-beach.com\/de\/zimmer\/standard-dreibettzimmer\/#breadcrumb\",\"itemListElement\":[{\"@type\":\"ListItem\",\"position\":1,\"name\":\"Home\",\"item\":\"https:\/\/www.telemaque-beach.com\/de\/\"},{\"@type\":\"ListItem\",\"position\":2,\"name\":\"Zimmer\",\"item\":\"https:\/\/www.telemaque-beach.com\/de\/zimmer\/\"},{\"@type\":\"ListItem\",\"position\":3,\"name\":\"Standard Dreibettzimmer\"}]},{\"@type\":\"WebSite\",\"@id\":\"https:\/\/www.telemaque-beach.com\/de\/#website\",\"url\":\"https:\/\/www.telemaque-beach.com\/de\/\",\"name\":\"Telemaque Beach & Spa\",\"description\":\"\",\"potentialAction\":[{\"@type\":\"SearchAction\",\"target\":{\"@type\":\"EntryPoint\",\"urlTemplate\":\"https:\/\/www.telemaque-beach.com\/de\/?s={search_term_string}\"},\"query-input\":{\"@type\":\"PropertyValueSpecification\",\"valueRequired\":true,\"valueName\":\"search_term_string\"}}],\"inLanguage\":\"de\"}]}<\/script>\n<!-- \/ Yoast SEO plugin. -->","yoast_head_json":{"title":"Standard Dreibettzimmer - Telemaque Djerba","description":"Unser 22 m\u00b2 gro\u00dfes Dreibettzimmer ist f\u00fcr bis zu 3 Personen ausgelegt. Es ist mit einem Kingsize-Bett, einem bequemen Zustellbett und einem Balkon ausgestattet.","robots":{"index":"index","follow":"follow","max-snippet":"max-snippet:-1","max-image-preview":"max-image-preview:large","max-video-preview":"max-video-preview:-1"},"canonical":"https:\/\/www.telemaque-beach.com\/de\/zimmer\/standard-dreibettzimmer\/","og_locale":"de_DE","og_type":"article","og_title":"Standard Dreibettzimmer - Telemaque Djerba","og_description":"Unser 22 m\u00b2 gro\u00dfes Dreibettzimmer ist f\u00fcr bis zu 3 Personen ausgelegt. Es ist mit einem Kingsize-Bett, einem bequemen Zustellbett und einem Balkon ausgestattet.","og_url":"https:\/\/www.telemaque-beach.com\/de\/zimmer\/standard-dreibettzimmer\/","og_site_name":"Telemaque Djerba","article_modified_time":"2025-11-25T11:27:08+00:00","twitter_card":"summary_large_image","twitter_misc":{"Est. reading time":"1\u00a0Minute"},"schema":{"@context":"https:\/\/schema.org","@graph":[{"@type":"WebPage","@id":"https:\/\/www.telemaque-beach.com\/de\/zimmer\/standard-dreibettzimmer\/","url":"https:\/\/www.telemaque-beach.com\/de\/zimmer\/standard-dreibettzimmer\/","name":"Standard Dreibettzimmer - Telemaque Djerba","isPartOf":{"@id":"https:\/\/www.telemaque-beach.com\/de\/#website"},"datePublished":"2025-10-07T09:56:32+00:00","dateModified":"2025-11-25T11:27:08+00:00","description":"Unser 22 m\u00b2 gro\u00dfes Dreibettzimmer ist f\u00fcr bis zu 3 Personen ausgelegt. Es ist mit einem Kingsize-Bett, einem bequemen Zustellbett und einem Balkon ausgestattet.","breadcrumb":{"@id":"https:\/\/www.telemaque-beach.com\/de\/zimmer\/standard-dreibettzimmer\/#breadcrumb"},"inLanguage":"de","potentialAction":[{"@type":"ReadAction","target":["https:\/\/www.telemaque-beach.com\/de\/zimmer\/standard-dreibettzimmer\/"]}]},{"@type":"BreadcrumbList","@id":"https:\/\/www.telemaque-beach.com\/de\/zimmer\/standard-dreibettzimmer\/#breadcrumb","itemListElement":[{"@type":"ListItem","position":1,"name":"Home","item":"https:\/\/www.telemaque-beach.com\/de\/"},{"@type":"ListItem","position":2,"name":"Zimmer","item":"https:\/\/www.telemaque-beach.com\/de\/zimmer\/"},{"@type":"ListItem","position":3,"name":"Standard Dreibettzimmer"}]},{"@type":"WebSite","@id":"https:\/\/www.telemaque-beach.com\/de\/#website","url":"https:\/\/www.telemaque-beach.com\/de\/","name":"Telemaque Beach & Spa","description":"","potentialAction":[{"@type":"SearchAction","target":{"@type":"EntryPoint","urlTemplate":"https:\/\/www.telemaque-beach.com\/de\/?s={search_term_string}"},"query-input":{"@type":"PropertyValueSpecification","valueRequired":true,"valueName":"search_term_string"}}],"inLanguage":"de"}]}},"acf":[],"_links":{"self":[{"href":"https:\/\/www.telemaque-beach.com\/de\/wp-json\/wp\/v2\/pages\/288","targetHints":{"allow":["GET"]}}],"collection":[{"href":"https:\/\/www.telemaque-beach.com\/de\/wp-json\/wp\/v2\/pages"}],"about":[{"href":"https:\/\/www.telemaque-beach.com\/de\/wp-json\/wp\/v2\/types\/page"}],"author":[{"embeddable":true,"href":"https:\/\/www.telemaque-beach.com\/de\/wp-json\/wp\/v2\/users\/23"}],"replies":[{"embeddable":true,"href":"https:\/\/www.telemaque-beach.com\/de\/wp-json\/wp\/v2\/comments?post=288"}],"version-history":[{"count":0,"href":"https:\/\/www.telemaque-beach.com\/de\/wp-json\/wp\/v2\/pages\/288\/revisions"}],"up":[{"embeddable":true,"href":"https:\/\/www.telemaque-beach.com\/de\/wp-json\/wp\/v2\/pages\/313"}],"wp:attachment":[{"href":"https:\/\/www.telemaque-beach.com\/de\/wp-json\/wp\/v2\/media?parent=288"}],"curies":[{"name":"wp","href":"https:\/\/api.w.org\/{rel}","templated":true}]}}