{"id":289,"date":"2025-10-07T09:56:32","date_gmt":"2025-10-07T09:56:32","guid":{"rendered":"https:\/\/telemaquedjerba.ms3.decms.eu\/triple-room-sea-view\/"},"modified":"2025-11-25T11:27:16","modified_gmt":"2025-11-25T11:27:16","slug":"dreibettzimmer-mit-meerblick","status":"publish","type":"page","link":"https:\/\/www.telemaque-beach.com\/de\/zimmer\/dreibettzimmer-mit-meerblick\/","title":{"rendered":"Dreibettzimmer mit Meerblick"},"content":{"rendered":"<p style=\"text-align: center;\">Von unserem <b>Hotel auf Djerba mit Meerblick<\/b> aus genie\u00dfen Sie einen <b>au\u00dfergew\u00f6hnlichen Blick<\/b> und k\u00f6nnen die <b>wundersch\u00f6nen Sonnenunterg\u00e4nge<\/b> bewundern.<br \/>\nMit einer <b>Fl\u00e4che von 22 m\u00b2<\/b> ist dieses <b>Dreibettzimmer<\/b> ideal f\u00fcr <b>bis zu drei Personen<\/b>.<\/p>\n<p style=\"text-align: center;\"><strong><span style=\"color: var(--highlighted-d-20);\">Kostenlose Stornierung &amp; 100 % sichere Zahlung<\/span><\/strong><\/p>\n","protected":false},"excerpt":{"rendered":"<p>Von unserem Hotel auf Djerba mit Meerblick aus genie\u00dfen Sie einen au\u00dfergew\u00f6hnlichen Blick und k\u00f6nnen die wundersch\u00f6nen Sonnenunterg\u00e4nge bewundern. Mit einer Fl\u00e4che von 22 m\u00b2 ist dieses Dreibettzimmer ideal f\u00fcr bis zu drei Personen. Kostenlose Stornierung &amp; 100 % sichere Zahlung<\/p>\n","protected":false},"author":23,"featured_media":0,"parent":313,"menu_order":3,"comment_status":"closed","ping_status":"closed","template":"template-single-room.php","meta":{"footnotes":""},"class_list":["post-289","page","type-page","status-publish","hentry"],"yoast_head":"<!-- This site is optimized with the Yoast SEO plugin v26.9 - https:\/\/yoast.com\/product\/yoast-seo-wordpress\/ -->\n<title>Dreibettzimmer mit Meerblick - Telemaque Djerba<\/title>\n<meta name=\"description\" content=\"Genie\u00dfen Sie ein einzigartiges Panorama von unserem Hotel in Tunesien mit Meerblick. Unser klimatisiertes Dreibettzimmer empf\u00e4ngt Sie in einem schlichten und eleganten Dekor.\" \/>\n<meta name=\"robots\" content=\"index, follow, max-snippet:-1, max-image-preview:large, max-video-preview:-1\" \/>\n<link rel=\"canonical\" href=\"https:\/\/www.telemaque-beach.com\/de\/zimmer\/dreibettzimmer-mit-meerblick\/\" \/>\n<meta property=\"og:locale\" content=\"de_DE\" \/>\n<meta property=\"og:type\" content=\"article\" \/>\n<meta property=\"og:title\" content=\"Dreibettzimmer mit Meerblick - Telemaque Djerba\" \/>\n<meta property=\"og:description\" content=\"Genie\u00dfen Sie ein einzigartiges Panorama von unserem Hotel in Tunesien mit Meerblick. Unser klimatisiertes Dreibettzimmer empf\u00e4ngt Sie in einem schlichten und eleganten Dekor.\" \/>\n<meta property=\"og:url\" content=\"https:\/\/www.telemaque-beach.com\/de\/zimmer\/dreibettzimmer-mit-meerblick\/\" \/>\n<meta property=\"og:site_name\" content=\"Telemaque Djerba\" \/>\n<meta property=\"article:modified_time\" content=\"2025-11-25T11:27:16+00:00\" \/>\n<meta name=\"twitter:card\" content=\"summary_large_image\" \/>\n<meta name=\"twitter:label1\" content=\"Est. reading time\" \/>\n\t<meta name=\"twitter:data1\" content=\"1\u00a0Minute\" \/>\n<script type=\"application\/ld+json\" class=\"yoast-schema-graph\">{\"@context\":\"https:\/\/schema.org\",\"@graph\":[{\"@type\":\"WebPage\",\"@id\":\"https:\/\/www.telemaque-beach.com\/de\/zimmer\/dreibettzimmer-mit-meerblick\/\",\"url\":\"https:\/\/www.telemaque-beach.com\/de\/zimmer\/dreibettzimmer-mit-meerblick\/\",\"name\":\"Dreibettzimmer mit Meerblick - Telemaque Djerba\",\"isPartOf\":{\"@id\":\"https:\/\/www.telemaque-beach.com\/de\/#website\"},\"datePublished\":\"2025-10-07T09:56:32+00:00\",\"dateModified\":\"2025-11-25T11:27:16+00:00\",\"description\":\"Genie\u00dfen Sie ein einzigartiges Panorama von unserem Hotel in Tunesien mit Meerblick. Unser klimatisiertes Dreibettzimmer empf\u00e4ngt Sie in einem schlichten und eleganten Dekor.\",\"breadcrumb\":{\"@id\":\"https:\/\/www.telemaque-beach.com\/de\/zimmer\/dreibettzimmer-mit-meerblick\/#breadcrumb\"},\"inLanguage\":\"de\",\"potentialAction\":[{\"@type\":\"ReadAction\",\"target\":[\"https:\/\/www.telemaque-beach.com\/de\/zimmer\/dreibettzimmer-mit-meerblick\/\"]}]},{\"@type\":\"BreadcrumbList\",\"@id\":\"https:\/\/www.telemaque-beach.com\/de\/zimmer\/dreibettzimmer-mit-meerblick\/#breadcrumb\",\"itemListElement\":[{\"@type\":\"ListItem\",\"position\":1,\"name\":\"Home\",\"item\":\"https:\/\/www.telemaque-beach.com\/de\/\"},{\"@type\":\"ListItem\",\"position\":2,\"name\":\"Zimmer\",\"item\":\"https:\/\/www.telemaque-beach.com\/de\/zimmer\/\"},{\"@type\":\"ListItem\",\"position\":3,\"name\":\"Dreibettzimmer mit Meerblick\"}]},{\"@type\":\"WebSite\",\"@id\":\"https:\/\/www.telemaque-beach.com\/de\/#website\",\"url\":\"https:\/\/www.telemaque-beach.com\/de\/\",\"name\":\"Telemaque Beach & Spa\",\"description\":\"\",\"potentialAction\":[{\"@type\":\"SearchAction\",\"target\":{\"@type\":\"EntryPoint\",\"urlTemplate\":\"https:\/\/www.telemaque-beach.com\/de\/?s={search_term_string}\"},\"query-input\":{\"@type\":\"PropertyValueSpecification\",\"valueRequired\":true,\"valueName\":\"search_term_string\"}}],\"inLanguage\":\"de\"}]}<\/script>\n<!-- \/ Yoast SEO plugin. -->","yoast_head_json":{"title":"Dreibettzimmer mit Meerblick - Telemaque Djerba","description":"Genie\u00dfen Sie ein einzigartiges Panorama von unserem Hotel in Tunesien mit Meerblick. Unser klimatisiertes Dreibettzimmer empf\u00e4ngt Sie in einem schlichten und eleganten Dekor.","robots":{"index":"index","follow":"follow","max-snippet":"max-snippet:-1","max-image-preview":"max-image-preview:large","max-video-preview":"max-video-preview:-1"},"canonical":"https:\/\/www.telemaque-beach.com\/de\/zimmer\/dreibettzimmer-mit-meerblick\/","og_locale":"de_DE","og_type":"article","og_title":"Dreibettzimmer mit Meerblick - Telemaque Djerba","og_description":"Genie\u00dfen Sie ein einzigartiges Panorama von unserem Hotel in Tunesien mit Meerblick. Unser klimatisiertes Dreibettzimmer empf\u00e4ngt Sie in einem schlichten und eleganten Dekor.","og_url":"https:\/\/www.telemaque-beach.com\/de\/zimmer\/dreibettzimmer-mit-meerblick\/","og_site_name":"Telemaque Djerba","article_modified_time":"2025-11-25T11:27:16+00:00","twitter_card":"summary_large_image","twitter_misc":{"Est. reading time":"1\u00a0Minute"},"schema":{"@context":"https:\/\/schema.org","@graph":[{"@type":"WebPage","@id":"https:\/\/www.telemaque-beach.com\/de\/zimmer\/dreibettzimmer-mit-meerblick\/","url":"https:\/\/www.telemaque-beach.com\/de\/zimmer\/dreibettzimmer-mit-meerblick\/","name":"Dreibettzimmer mit Meerblick - Telemaque Djerba","isPartOf":{"@id":"https:\/\/www.telemaque-beach.com\/de\/#website"},"datePublished":"2025-10-07T09:56:32+00:00","dateModified":"2025-11-25T11:27:16+00:00","description":"Genie\u00dfen Sie ein einzigartiges Panorama von unserem Hotel in Tunesien mit Meerblick. Unser klimatisiertes Dreibettzimmer empf\u00e4ngt Sie in einem schlichten und eleganten Dekor.","breadcrumb":{"@id":"https:\/\/www.telemaque-beach.com\/de\/zimmer\/dreibettzimmer-mit-meerblick\/#breadcrumb"},"inLanguage":"de","potentialAction":[{"@type":"ReadAction","target":["https:\/\/www.telemaque-beach.com\/de\/zimmer\/dreibettzimmer-mit-meerblick\/"]}]},{"@type":"BreadcrumbList","@id":"https:\/\/www.telemaque-beach.com\/de\/zimmer\/dreibettzimmer-mit-meerblick\/#breadcrumb","itemListElement":[{"@type":"ListItem","position":1,"name":"Home","item":"https:\/\/www.telemaque-beach.com\/de\/"},{"@type":"ListItem","position":2,"name":"Zimmer","item":"https:\/\/www.telemaque-beach.com\/de\/zimmer\/"},{"@type":"ListItem","position":3,"name":"Dreibettzimmer mit Meerblick"}]},{"@type":"WebSite","@id":"https:\/\/www.telemaque-beach.com\/de\/#website","url":"https:\/\/www.telemaque-beach.com\/de\/","name":"Telemaque Beach & Spa","description":"","potentialAction":[{"@type":"SearchAction","target":{"@type":"EntryPoint","urlTemplate":"https:\/\/www.telemaque-beach.com\/de\/?s={search_term_string}"},"query-input":{"@type":"PropertyValueSpecification","valueRequired":true,"valueName":"search_term_string"}}],"inLanguage":"de"}]}},"acf":[],"_links":{"self":[{"href":"https:\/\/www.telemaque-beach.com\/de\/wp-json\/wp\/v2\/pages\/289","targetHints":{"allow":["GET"]}}],"collection":[{"href":"https:\/\/www.telemaque-beach.com\/de\/wp-json\/wp\/v2\/pages"}],"about":[{"href":"https:\/\/www.telemaque-beach.com\/de\/wp-json\/wp\/v2\/types\/page"}],"author":[{"embeddable":true,"href":"https:\/\/www.telemaque-beach.com\/de\/wp-json\/wp\/v2\/users\/23"}],"replies":[{"embeddable":true,"href":"https:\/\/www.telemaque-beach.com\/de\/wp-json\/wp\/v2\/comments?post=289"}],"version-history":[{"count":0,"href":"https:\/\/www.telemaque-beach.com\/de\/wp-json\/wp\/v2\/pages\/289\/revisions"}],"up":[{"embeddable":true,"href":"https:\/\/www.telemaque-beach.com\/de\/wp-json\/wp\/v2\/pages\/313"}],"wp:attachment":[{"href":"https:\/\/www.telemaque-beach.com\/de\/wp-json\/wp\/v2\/media?parent=289"}],"curies":[{"name":"wp","href":"https:\/\/api.w.org\/{rel}","templated":true}]}}