{"id":290,"date":"2025-10-07T09:56:32","date_gmt":"2025-10-07T09:56:32","guid":{"rendered":"https:\/\/telemaquedjerba.ms3.decms.eu\/family-room\/"},"modified":"2025-11-25T11:27:22","modified_gmt":"2025-11-25T11:27:22","slug":"familienzimmer","status":"publish","type":"page","link":"https:\/\/www.telemaque-beach.com\/de\/zimmer\/familienzimmer\/","title":{"rendered":"Familienzimmer"},"content":{"rendered":"<p style=\"text-align: center;\">Weil ein <b>gelungener Familienurlaub<\/b> mit einem <b>angepassten Raum<\/b> beginnt, wurde unser <b>Familienzimmer auf Djerba<\/b> mit <b>30 m\u00b2<\/b> f\u00fcr Sie konzipiert, um den Aufenthalt so einfach wie m\u00f6glich zu gestalten. Gro\u00df genug f\u00fcr <b>bis zu 4 Personen<\/b>, bietet es ein <b>komfortables Raumgef\u00fchl<\/b>, in dem die Kinder spielen k\u00f6nnen und Sie Ihre Koffer auspacken, ohne sich eingeengt zu f\u00fchlen.<\/p>\n<p style=\"text-align: center;\"><strong><span style=\"color: var(--highlighted-d-20);\">Kostenlose Stornierung &amp; 100 % sichere Zahlung<\/span><\/strong><\/p>\n","protected":false},"excerpt":{"rendered":"<p>Weil ein gelungener Familienurlaub mit einem angepassten Raum beginnt, wurde unser Familienzimmer auf Djerba mit 30 m\u00b2 f\u00fcr Sie konzipiert, um den Aufenthalt so einfach wie m\u00f6glich zu gestalten. Gro\u00df genug f\u00fcr bis zu 4 Personen, bietet es ein komfortables Raumgef\u00fchl, in dem die Kinder spielen k\u00f6nnen und Sie Ihre Koffer auspacken, ohne sich eingeengt [&hellip;]<\/p>\n","protected":false},"author":23,"featured_media":0,"parent":313,"menu_order":4,"comment_status":"closed","ping_status":"closed","template":"template-single-room.php","meta":{"footnotes":""},"class_list":["post-290","page","type-page","status-publish","hentry"],"yoast_head":"<!-- This site is optimized with the Yoast SEO plugin v26.9 - https:\/\/yoast.com\/product\/yoast-seo-wordpress\/ -->\n<title>Familienzimmer - Telemaque Djerba<\/title>\n<meta name=\"description\" content=\"Verbringen Sie einen einzigartigen Urlaub in unserem Familienhotel in Djerba. Unsere ger\u00e4umigen Zimmer bieten Ihnen allen Komfort, den Sie f\u00fcr eine vierk\u00f6pfige Familie ben\u00f6tigen.\" \/>\n<meta name=\"robots\" content=\"index, follow, max-snippet:-1, max-image-preview:large, max-video-preview:-1\" \/>\n<link rel=\"canonical\" href=\"https:\/\/www.telemaque-beach.com\/de\/zimmer\/familienzimmer\/\" \/>\n<meta property=\"og:locale\" content=\"de_DE\" \/>\n<meta property=\"og:type\" content=\"article\" \/>\n<meta property=\"og:title\" content=\"Familienzimmer - Telemaque Djerba\" \/>\n<meta property=\"og:description\" content=\"Verbringen Sie einen einzigartigen Urlaub in unserem Familienhotel in Djerba. Unsere ger\u00e4umigen Zimmer bieten Ihnen allen Komfort, den Sie f\u00fcr eine vierk\u00f6pfige Familie ben\u00f6tigen.\" \/>\n<meta property=\"og:url\" content=\"https:\/\/www.telemaque-beach.com\/de\/zimmer\/familienzimmer\/\" \/>\n<meta property=\"og:site_name\" content=\"Telemaque Djerba\" \/>\n<meta property=\"article:modified_time\" content=\"2025-11-25T11:27:22+00:00\" \/>\n<meta name=\"twitter:card\" content=\"summary_large_image\" \/>\n<meta name=\"twitter:label1\" content=\"Est. reading time\" \/>\n\t<meta name=\"twitter:data1\" content=\"1\u00a0Minute\" \/>\n<script type=\"application\/ld+json\" class=\"yoast-schema-graph\">{\"@context\":\"https:\/\/schema.org\",\"@graph\":[{\"@type\":\"WebPage\",\"@id\":\"https:\/\/www.telemaque-beach.com\/de\/zimmer\/familienzimmer\/\",\"url\":\"https:\/\/www.telemaque-beach.com\/de\/zimmer\/familienzimmer\/\",\"name\":\"Familienzimmer - Telemaque Djerba\",\"isPartOf\":{\"@id\":\"https:\/\/www.telemaque-beach.com\/de\/#website\"},\"datePublished\":\"2025-10-07T09:56:32+00:00\",\"dateModified\":\"2025-11-25T11:27:22+00:00\",\"description\":\"Verbringen Sie einen einzigartigen Urlaub in unserem Familienhotel in Djerba. Unsere ger\u00e4umigen Zimmer bieten Ihnen allen Komfort, den Sie f\u00fcr eine vierk\u00f6pfige Familie ben\u00f6tigen.\",\"breadcrumb\":{\"@id\":\"https:\/\/www.telemaque-beach.com\/de\/zimmer\/familienzimmer\/#breadcrumb\"},\"inLanguage\":\"de\",\"potentialAction\":[{\"@type\":\"ReadAction\",\"target\":[\"https:\/\/www.telemaque-beach.com\/de\/zimmer\/familienzimmer\/\"]}]},{\"@type\":\"BreadcrumbList\",\"@id\":\"https:\/\/www.telemaque-beach.com\/de\/zimmer\/familienzimmer\/#breadcrumb\",\"itemListElement\":[{\"@type\":\"ListItem\",\"position\":1,\"name\":\"Home\",\"item\":\"https:\/\/www.telemaque-beach.com\/de\/\"},{\"@type\":\"ListItem\",\"position\":2,\"name\":\"Zimmer\",\"item\":\"https:\/\/www.telemaque-beach.com\/de\/zimmer\/\"},{\"@type\":\"ListItem\",\"position\":3,\"name\":\"Familienzimmer\"}]},{\"@type\":\"WebSite\",\"@id\":\"https:\/\/www.telemaque-beach.com\/de\/#website\",\"url\":\"https:\/\/www.telemaque-beach.com\/de\/\",\"name\":\"Telemaque Beach & Spa\",\"description\":\"\",\"potentialAction\":[{\"@type\":\"SearchAction\",\"target\":{\"@type\":\"EntryPoint\",\"urlTemplate\":\"https:\/\/www.telemaque-beach.com\/de\/?s={search_term_string}\"},\"query-input\":{\"@type\":\"PropertyValueSpecification\",\"valueRequired\":true,\"valueName\":\"search_term_string\"}}],\"inLanguage\":\"de\"}]}<\/script>\n<!-- \/ Yoast SEO plugin. -->","yoast_head_json":{"title":"Familienzimmer - Telemaque Djerba","description":"Verbringen Sie einen einzigartigen Urlaub in unserem Familienhotel in Djerba. Unsere ger\u00e4umigen Zimmer bieten Ihnen allen Komfort, den Sie f\u00fcr eine vierk\u00f6pfige Familie ben\u00f6tigen.","robots":{"index":"index","follow":"follow","max-snippet":"max-snippet:-1","max-image-preview":"max-image-preview:large","max-video-preview":"max-video-preview:-1"},"canonical":"https:\/\/www.telemaque-beach.com\/de\/zimmer\/familienzimmer\/","og_locale":"de_DE","og_type":"article","og_title":"Familienzimmer - Telemaque Djerba","og_description":"Verbringen Sie einen einzigartigen Urlaub in unserem Familienhotel in Djerba. Unsere ger\u00e4umigen Zimmer bieten Ihnen allen Komfort, den Sie f\u00fcr eine vierk\u00f6pfige Familie ben\u00f6tigen.","og_url":"https:\/\/www.telemaque-beach.com\/de\/zimmer\/familienzimmer\/","og_site_name":"Telemaque Djerba","article_modified_time":"2025-11-25T11:27:22+00:00","twitter_card":"summary_large_image","twitter_misc":{"Est. reading time":"1\u00a0Minute"},"schema":{"@context":"https:\/\/schema.org","@graph":[{"@type":"WebPage","@id":"https:\/\/www.telemaque-beach.com\/de\/zimmer\/familienzimmer\/","url":"https:\/\/www.telemaque-beach.com\/de\/zimmer\/familienzimmer\/","name":"Familienzimmer - Telemaque Djerba","isPartOf":{"@id":"https:\/\/www.telemaque-beach.com\/de\/#website"},"datePublished":"2025-10-07T09:56:32+00:00","dateModified":"2025-11-25T11:27:22+00:00","description":"Verbringen Sie einen einzigartigen Urlaub in unserem Familienhotel in Djerba. Unsere ger\u00e4umigen Zimmer bieten Ihnen allen Komfort, den Sie f\u00fcr eine vierk\u00f6pfige Familie ben\u00f6tigen.","breadcrumb":{"@id":"https:\/\/www.telemaque-beach.com\/de\/zimmer\/familienzimmer\/#breadcrumb"},"inLanguage":"de","potentialAction":[{"@type":"ReadAction","target":["https:\/\/www.telemaque-beach.com\/de\/zimmer\/familienzimmer\/"]}]},{"@type":"BreadcrumbList","@id":"https:\/\/www.telemaque-beach.com\/de\/zimmer\/familienzimmer\/#breadcrumb","itemListElement":[{"@type":"ListItem","position":1,"name":"Home","item":"https:\/\/www.telemaque-beach.com\/de\/"},{"@type":"ListItem","position":2,"name":"Zimmer","item":"https:\/\/www.telemaque-beach.com\/de\/zimmer\/"},{"@type":"ListItem","position":3,"name":"Familienzimmer"}]},{"@type":"WebSite","@id":"https:\/\/www.telemaque-beach.com\/de\/#website","url":"https:\/\/www.telemaque-beach.com\/de\/","name":"Telemaque Beach & Spa","description":"","potentialAction":[{"@type":"SearchAction","target":{"@type":"EntryPoint","urlTemplate":"https:\/\/www.telemaque-beach.com\/de\/?s={search_term_string}"},"query-input":{"@type":"PropertyValueSpecification","valueRequired":true,"valueName":"search_term_string"}}],"inLanguage":"de"}]}},"acf":[],"_links":{"self":[{"href":"https:\/\/www.telemaque-beach.com\/de\/wp-json\/wp\/v2\/pages\/290","targetHints":{"allow":["GET"]}}],"collection":[{"href":"https:\/\/www.telemaque-beach.com\/de\/wp-json\/wp\/v2\/pages"}],"about":[{"href":"https:\/\/www.telemaque-beach.com\/de\/wp-json\/wp\/v2\/types\/page"}],"author":[{"embeddable":true,"href":"https:\/\/www.telemaque-beach.com\/de\/wp-json\/wp\/v2\/users\/23"}],"replies":[{"embeddable":true,"href":"https:\/\/www.telemaque-beach.com\/de\/wp-json\/wp\/v2\/comments?post=290"}],"version-history":[{"count":0,"href":"https:\/\/www.telemaque-beach.com\/de\/wp-json\/wp\/v2\/pages\/290\/revisions"}],"up":[{"embeddable":true,"href":"https:\/\/www.telemaque-beach.com\/de\/wp-json\/wp\/v2\/pages\/313"}],"wp:attachment":[{"href":"https:\/\/www.telemaque-beach.com\/de\/wp-json\/wp\/v2\/media?parent=290"}],"curies":[{"name":"wp","href":"https:\/\/api.w.org\/{rel}","templated":true}]}}