{"id":292,"date":"2025-10-07T09:56:32","date_gmt":"2025-10-07T09:56:32","guid":{"rendered":"https:\/\/telemaquedjerba.ms3.decms.eu\/superior-room\/"},"modified":"2025-11-25T11:27:38","modified_gmt":"2025-11-25T11:27:38","slug":"superior-doppelzimmer","status":"publish","type":"page","link":"https:\/\/www.telemaque-beach.com\/de\/zimmer\/superior-doppelzimmer\/","title":{"rendered":"Superior Doppelzimmer"},"content":{"rendered":"<p style=\"text-align: center;\">Steigen Sie in die<strong> Superior-Kategorie<\/strong> auf und entdecken Sie eine neue Dimension des <strong>Komforts<\/strong> in unserem <strong>4-Sterne-Hotel auf Djerba.<\/strong><br \/>\nMit <strong>gro\u00dfz\u00fcgigen 30 m\u00b2<\/strong> bietet unser <strong>Superior Doppelzimmer<\/strong> weit mehr als nur einen Schlafplatz: Es ist ein <strong>echter Wohnraum f\u00fcr zwei Personen.<\/strong><br \/>\nDas Highlight ist der <strong>gem\u00fctliche Sitzbereich,<\/strong> ideal, um ein Buch zu lesen, Ausfl\u00fcge zu planen oder einfach bei einem Getr\u00e4nk in Ruhe zu entspannen.<\/p>\n<p style=\"text-align: center;\"><strong><span style=\"color: var(--highlighted-d-20);\">Kostenlose Stornierung &amp; 100 % sichere Zahlung<\/span><\/strong><\/p>\n","protected":false},"excerpt":{"rendered":"<p>Steigen Sie in die Superior-Kategorie auf und entdecken Sie eine neue Dimension des Komforts in unserem 4-Sterne-Hotel auf Djerba. Mit gro\u00dfz\u00fcgigen 30 m\u00b2 bietet unser Superior Doppelzimmer weit mehr als nur einen Schlafplatz: Es ist ein echter Wohnraum f\u00fcr zwei Personen. Das Highlight ist der gem\u00fctliche Sitzbereich, ideal, um ein Buch zu lesen, Ausfl\u00fcge zu [&hellip;]<\/p>\n","protected":false},"author":23,"featured_media":0,"parent":313,"menu_order":6,"comment_status":"closed","ping_status":"closed","template":"template-single-room.php","meta":{"footnotes":""},"class_list":["post-292","page","type-page","status-publish","hentry"],"yoast_head":"<!-- This site is optimized with the Yoast SEO plugin v26.9 - https:\/\/yoast.com\/product\/yoast-seo-wordpress\/ -->\n<title>Superior Doppelzimmer - Telemaque Djerba<\/title>\n<meta name=\"description\" content=\"Entdecken Sie den Komfort unserer 30 m\u00b2 gro\u00dfen Superior-Zimmer in Djerba. Genie\u00dfen Sie das gro\u00dfe Kingsize-Bett, die Sitzecke und das eigene Badezimmer.\" \/>\n<meta name=\"robots\" content=\"index, follow, max-snippet:-1, max-image-preview:large, max-video-preview:-1\" \/>\n<link rel=\"canonical\" href=\"https:\/\/www.telemaque-beach.com\/de\/zimmer\/superior-doppelzimmer\/\" \/>\n<meta property=\"og:locale\" content=\"de_DE\" \/>\n<meta property=\"og:type\" content=\"article\" \/>\n<meta property=\"og:title\" content=\"Superior Doppelzimmer - Telemaque Djerba\" \/>\n<meta property=\"og:description\" content=\"Entdecken Sie den Komfort unserer 30 m\u00b2 gro\u00dfen Superior-Zimmer in Djerba. Genie\u00dfen Sie das gro\u00dfe Kingsize-Bett, die Sitzecke und das eigene Badezimmer.\" \/>\n<meta property=\"og:url\" content=\"https:\/\/www.telemaque-beach.com\/de\/zimmer\/superior-doppelzimmer\/\" \/>\n<meta property=\"og:site_name\" content=\"Telemaque Djerba\" \/>\n<meta property=\"article:modified_time\" content=\"2025-11-25T11:27:38+00:00\" \/>\n<meta name=\"twitter:card\" content=\"summary_large_image\" \/>\n<meta name=\"twitter:label1\" content=\"Est. reading time\" \/>\n\t<meta name=\"twitter:data1\" content=\"1\u00a0Minute\" \/>\n<script type=\"application\/ld+json\" class=\"yoast-schema-graph\">{\"@context\":\"https:\/\/schema.org\",\"@graph\":[{\"@type\":\"WebPage\",\"@id\":\"https:\/\/www.telemaque-beach.com\/de\/zimmer\/superior-doppelzimmer\/\",\"url\":\"https:\/\/www.telemaque-beach.com\/de\/zimmer\/superior-doppelzimmer\/\",\"name\":\"Superior Doppelzimmer - Telemaque Djerba\",\"isPartOf\":{\"@id\":\"https:\/\/www.telemaque-beach.com\/de\/#website\"},\"datePublished\":\"2025-10-07T09:56:32+00:00\",\"dateModified\":\"2025-11-25T11:27:38+00:00\",\"description\":\"Entdecken Sie den Komfort unserer 30 m\u00b2 gro\u00dfen Superior-Zimmer in Djerba. Genie\u00dfen Sie das gro\u00dfe Kingsize-Bett, die Sitzecke und das eigene Badezimmer.\",\"breadcrumb\":{\"@id\":\"https:\/\/www.telemaque-beach.com\/de\/zimmer\/superior-doppelzimmer\/#breadcrumb\"},\"inLanguage\":\"de\",\"potentialAction\":[{\"@type\":\"ReadAction\",\"target\":[\"https:\/\/www.telemaque-beach.com\/de\/zimmer\/superior-doppelzimmer\/\"]}]},{\"@type\":\"BreadcrumbList\",\"@id\":\"https:\/\/www.telemaque-beach.com\/de\/zimmer\/superior-doppelzimmer\/#breadcrumb\",\"itemListElement\":[{\"@type\":\"ListItem\",\"position\":1,\"name\":\"Home\",\"item\":\"https:\/\/www.telemaque-beach.com\/de\/\"},{\"@type\":\"ListItem\",\"position\":2,\"name\":\"Zimmer\",\"item\":\"https:\/\/www.telemaque-beach.com\/de\/zimmer\/\"},{\"@type\":\"ListItem\",\"position\":3,\"name\":\"Superior Doppelzimmer\"}]},{\"@type\":\"WebSite\",\"@id\":\"https:\/\/www.telemaque-beach.com\/de\/#website\",\"url\":\"https:\/\/www.telemaque-beach.com\/de\/\",\"name\":\"Telemaque Beach & Spa\",\"description\":\"\",\"potentialAction\":[{\"@type\":\"SearchAction\",\"target\":{\"@type\":\"EntryPoint\",\"urlTemplate\":\"https:\/\/www.telemaque-beach.com\/de\/?s={search_term_string}\"},\"query-input\":{\"@type\":\"PropertyValueSpecification\",\"valueRequired\":true,\"valueName\":\"search_term_string\"}}],\"inLanguage\":\"de\"}]}<\/script>\n<!-- \/ Yoast SEO plugin. -->","yoast_head_json":{"title":"Superior Doppelzimmer - Telemaque Djerba","description":"Entdecken Sie den Komfort unserer 30 m\u00b2 gro\u00dfen Superior-Zimmer in Djerba. Genie\u00dfen Sie das gro\u00dfe Kingsize-Bett, die Sitzecke und das eigene Badezimmer.","robots":{"index":"index","follow":"follow","max-snippet":"max-snippet:-1","max-image-preview":"max-image-preview:large","max-video-preview":"max-video-preview:-1"},"canonical":"https:\/\/www.telemaque-beach.com\/de\/zimmer\/superior-doppelzimmer\/","og_locale":"de_DE","og_type":"article","og_title":"Superior Doppelzimmer - Telemaque Djerba","og_description":"Entdecken Sie den Komfort unserer 30 m\u00b2 gro\u00dfen Superior-Zimmer in Djerba. Genie\u00dfen Sie das gro\u00dfe Kingsize-Bett, die Sitzecke und das eigene Badezimmer.","og_url":"https:\/\/www.telemaque-beach.com\/de\/zimmer\/superior-doppelzimmer\/","og_site_name":"Telemaque Djerba","article_modified_time":"2025-11-25T11:27:38+00:00","twitter_card":"summary_large_image","twitter_misc":{"Est. reading time":"1\u00a0Minute"},"schema":{"@context":"https:\/\/schema.org","@graph":[{"@type":"WebPage","@id":"https:\/\/www.telemaque-beach.com\/de\/zimmer\/superior-doppelzimmer\/","url":"https:\/\/www.telemaque-beach.com\/de\/zimmer\/superior-doppelzimmer\/","name":"Superior Doppelzimmer - Telemaque Djerba","isPartOf":{"@id":"https:\/\/www.telemaque-beach.com\/de\/#website"},"datePublished":"2025-10-07T09:56:32+00:00","dateModified":"2025-11-25T11:27:38+00:00","description":"Entdecken Sie den Komfort unserer 30 m\u00b2 gro\u00dfen Superior-Zimmer in Djerba. Genie\u00dfen Sie das gro\u00dfe Kingsize-Bett, die Sitzecke und das eigene Badezimmer.","breadcrumb":{"@id":"https:\/\/www.telemaque-beach.com\/de\/zimmer\/superior-doppelzimmer\/#breadcrumb"},"inLanguage":"de","potentialAction":[{"@type":"ReadAction","target":["https:\/\/www.telemaque-beach.com\/de\/zimmer\/superior-doppelzimmer\/"]}]},{"@type":"BreadcrumbList","@id":"https:\/\/www.telemaque-beach.com\/de\/zimmer\/superior-doppelzimmer\/#breadcrumb","itemListElement":[{"@type":"ListItem","position":1,"name":"Home","item":"https:\/\/www.telemaque-beach.com\/de\/"},{"@type":"ListItem","position":2,"name":"Zimmer","item":"https:\/\/www.telemaque-beach.com\/de\/zimmer\/"},{"@type":"ListItem","position":3,"name":"Superior Doppelzimmer"}]},{"@type":"WebSite","@id":"https:\/\/www.telemaque-beach.com\/de\/#website","url":"https:\/\/www.telemaque-beach.com\/de\/","name":"Telemaque Beach & Spa","description":"","potentialAction":[{"@type":"SearchAction","target":{"@type":"EntryPoint","urlTemplate":"https:\/\/www.telemaque-beach.com\/de\/?s={search_term_string}"},"query-input":{"@type":"PropertyValueSpecification","valueRequired":true,"valueName":"search_term_string"}}],"inLanguage":"de"}]}},"acf":[],"_links":{"self":[{"href":"https:\/\/www.telemaque-beach.com\/de\/wp-json\/wp\/v2\/pages\/292","targetHints":{"allow":["GET"]}}],"collection":[{"href":"https:\/\/www.telemaque-beach.com\/de\/wp-json\/wp\/v2\/pages"}],"about":[{"href":"https:\/\/www.telemaque-beach.com\/de\/wp-json\/wp\/v2\/types\/page"}],"author":[{"embeddable":true,"href":"https:\/\/www.telemaque-beach.com\/de\/wp-json\/wp\/v2\/users\/23"}],"replies":[{"embeddable":true,"href":"https:\/\/www.telemaque-beach.com\/de\/wp-json\/wp\/v2\/comments?post=292"}],"version-history":[{"count":0,"href":"https:\/\/www.telemaque-beach.com\/de\/wp-json\/wp\/v2\/pages\/292\/revisions"}],"up":[{"embeddable":true,"href":"https:\/\/www.telemaque-beach.com\/de\/wp-json\/wp\/v2\/pages\/313"}],"wp:attachment":[{"href":"https:\/\/www.telemaque-beach.com\/de\/wp-json\/wp\/v2\/media?parent=292"}],"curies":[{"name":"wp","href":"https:\/\/api.w.org\/{rel}","templated":true}]}}