{"id":293,"date":"2025-10-07T09:56:32","date_gmt":"2025-10-07T09:56:32","guid":{"rendered":"https:\/\/telemaquedjerba.ms3.decms.eu\/double-or-twin-room-sea-view\/"},"modified":"2025-11-25T11:26:58","modified_gmt":"2025-11-25T11:26:58","slug":"doppelzimmer-mit-meerblick","status":"publish","type":"page","link":"https:\/\/www.telemaque-beach.com\/de\/zimmer\/doppelzimmer-mit-meerblick\/","title":{"rendered":"Doppelzimmer mit Meerblick"},"content":{"rendered":"<p style=\"text-align: center;\">Im Herzen unseres Hotels auf Djerba mit Meerblick wurde das Standard Doppelzimmer Meerblick als ein besonderer R\u00fcckzugsort f\u00fcr Momente voller Entspannung und Exklusivit\u00e4t gestaltet.<br \/>\nAuf 22 m\u00b2 ist der Raum so angeordnet, dass der Panoramablick auf das Meer das zentrale Element Ihres Aufenthalts bildet.<br \/>\nDie gro\u00dfen Glasfronten \u2013 ob Balkont\u00fcr, Terrasse oder Fenster \u2013 lassen die Grenzen zwischen Innen und Au\u00dfen verschwimmen und vermitteln das Gef\u00fchl, \u00fcber dem Meer zu schweben.<\/p>\n<p style=\"text-align: center;\"><strong><span style=\"color: var(--highlighted-d-20);\">Kostenlose Stornierung &amp; 100 % sichere Zahlung<\/span><\/strong><\/p>\n<p>&nbsp;<\/p>\n","protected":false},"excerpt":{"rendered":"<p>Im Herzen unseres Hotels auf Djerba mit Meerblick wurde das Standard Doppelzimmer Meerblick als ein besonderer R\u00fcckzugsort f\u00fcr Momente voller Entspannung und Exklusivit\u00e4t gestaltet. Auf 22 m\u00b2 ist der Raum so angeordnet, dass der Panoramablick auf das Meer das zentrale Element Ihres Aufenthalts bildet. Die gro\u00dfen Glasfronten \u2013 ob Balkont\u00fcr, Terrasse oder Fenster \u2013 lassen [&hellip;]<\/p>\n","protected":false},"author":23,"featured_media":0,"parent":313,"menu_order":1,"comment_status":"closed","ping_status":"closed","template":"template-single-room.php","meta":{"footnotes":""},"class_list":["post-293","page","type-page","status-publish","hentry"],"yoast_head":"<!-- This site is optimized with the Yoast SEO plugin v26.9 - https:\/\/yoast.com\/product\/yoast-seo-wordpress\/ -->\n<title>Doppelzimmer mit Meerblick - Telemaque Djerba<\/title>\n<meta name=\"description\" content=\"Lassen Sie sich w\u00e4hrend Ihres Aufenthalts in Tunesien vom Mittelmeer verw\u00f6hnen. Bewundern Sie vom Balkon Ihres Zimmers mit Meerblick aus eine Kulisse, in der schlichte Eleganz auf den Horizont trifft.\" \/>\n<meta name=\"robots\" content=\"index, follow, max-snippet:-1, max-image-preview:large, max-video-preview:-1\" \/>\n<link rel=\"canonical\" href=\"https:\/\/www.telemaque-beach.com\/de\/zimmer\/doppelzimmer-mit-meerblick\/\" \/>\n<meta property=\"og:locale\" content=\"de_DE\" \/>\n<meta property=\"og:type\" content=\"article\" \/>\n<meta property=\"og:title\" content=\"Doppelzimmer mit Meerblick - Telemaque Djerba\" \/>\n<meta property=\"og:description\" content=\"Lassen Sie sich w\u00e4hrend Ihres Aufenthalts in Tunesien vom Mittelmeer verw\u00f6hnen. Bewundern Sie vom Balkon Ihres Zimmers mit Meerblick aus eine Kulisse, in der schlichte Eleganz auf den Horizont trifft.\" \/>\n<meta property=\"og:url\" content=\"https:\/\/www.telemaque-beach.com\/de\/zimmer\/doppelzimmer-mit-meerblick\/\" \/>\n<meta property=\"og:site_name\" content=\"Telemaque Djerba\" \/>\n<meta property=\"article:modified_time\" content=\"2025-11-25T11:26:58+00:00\" \/>\n<meta name=\"twitter:card\" content=\"summary_large_image\" \/>\n<meta name=\"twitter:label1\" content=\"Est. reading time\" \/>\n\t<meta name=\"twitter:data1\" content=\"1\u00a0Minute\" \/>\n<script type=\"application\/ld+json\" class=\"yoast-schema-graph\">{\"@context\":\"https:\/\/schema.org\",\"@graph\":[{\"@type\":\"WebPage\",\"@id\":\"https:\/\/www.telemaque-beach.com\/de\/zimmer\/doppelzimmer-mit-meerblick\/\",\"url\":\"https:\/\/www.telemaque-beach.com\/de\/zimmer\/doppelzimmer-mit-meerblick\/\",\"name\":\"Doppelzimmer mit Meerblick - Telemaque Djerba\",\"isPartOf\":{\"@id\":\"https:\/\/www.telemaque-beach.com\/de\/#website\"},\"datePublished\":\"2025-10-07T09:56:32+00:00\",\"dateModified\":\"2025-11-25T11:26:58+00:00\",\"description\":\"Lassen Sie sich w\u00e4hrend Ihres Aufenthalts in Tunesien vom Mittelmeer verw\u00f6hnen. Bewundern Sie vom Balkon Ihres Zimmers mit Meerblick aus eine Kulisse, in der schlichte Eleganz auf den Horizont trifft.\",\"breadcrumb\":{\"@id\":\"https:\/\/www.telemaque-beach.com\/de\/zimmer\/doppelzimmer-mit-meerblick\/#breadcrumb\"},\"inLanguage\":\"de\",\"potentialAction\":[{\"@type\":\"ReadAction\",\"target\":[\"https:\/\/www.telemaque-beach.com\/de\/zimmer\/doppelzimmer-mit-meerblick\/\"]}]},{\"@type\":\"BreadcrumbList\",\"@id\":\"https:\/\/www.telemaque-beach.com\/de\/zimmer\/doppelzimmer-mit-meerblick\/#breadcrumb\",\"itemListElement\":[{\"@type\":\"ListItem\",\"position\":1,\"name\":\"Home\",\"item\":\"https:\/\/www.telemaque-beach.com\/de\/\"},{\"@type\":\"ListItem\",\"position\":2,\"name\":\"Zimmer\",\"item\":\"https:\/\/www.telemaque-beach.com\/de\/zimmer\/\"},{\"@type\":\"ListItem\",\"position\":3,\"name\":\"Doppelzimmer mit Meerblick\"}]},{\"@type\":\"WebSite\",\"@id\":\"https:\/\/www.telemaque-beach.com\/de\/#website\",\"url\":\"https:\/\/www.telemaque-beach.com\/de\/\",\"name\":\"Telemaque Beach & Spa\",\"description\":\"\",\"potentialAction\":[{\"@type\":\"SearchAction\",\"target\":{\"@type\":\"EntryPoint\",\"urlTemplate\":\"https:\/\/www.telemaque-beach.com\/de\/?s={search_term_string}\"},\"query-input\":{\"@type\":\"PropertyValueSpecification\",\"valueRequired\":true,\"valueName\":\"search_term_string\"}}],\"inLanguage\":\"de\"}]}<\/script>\n<!-- \/ Yoast SEO plugin. -->","yoast_head_json":{"title":"Doppelzimmer mit Meerblick - Telemaque Djerba","description":"Lassen Sie sich w\u00e4hrend Ihres Aufenthalts in Tunesien vom Mittelmeer verw\u00f6hnen. Bewundern Sie vom Balkon Ihres Zimmers mit Meerblick aus eine Kulisse, in der schlichte Eleganz auf den Horizont trifft.","robots":{"index":"index","follow":"follow","max-snippet":"max-snippet:-1","max-image-preview":"max-image-preview:large","max-video-preview":"max-video-preview:-1"},"canonical":"https:\/\/www.telemaque-beach.com\/de\/zimmer\/doppelzimmer-mit-meerblick\/","og_locale":"de_DE","og_type":"article","og_title":"Doppelzimmer mit Meerblick - Telemaque Djerba","og_description":"Lassen Sie sich w\u00e4hrend Ihres Aufenthalts in Tunesien vom Mittelmeer verw\u00f6hnen. Bewundern Sie vom Balkon Ihres Zimmers mit Meerblick aus eine Kulisse, in der schlichte Eleganz auf den Horizont trifft.","og_url":"https:\/\/www.telemaque-beach.com\/de\/zimmer\/doppelzimmer-mit-meerblick\/","og_site_name":"Telemaque Djerba","article_modified_time":"2025-11-25T11:26:58+00:00","twitter_card":"summary_large_image","twitter_misc":{"Est. reading time":"1\u00a0Minute"},"schema":{"@context":"https:\/\/schema.org","@graph":[{"@type":"WebPage","@id":"https:\/\/www.telemaque-beach.com\/de\/zimmer\/doppelzimmer-mit-meerblick\/","url":"https:\/\/www.telemaque-beach.com\/de\/zimmer\/doppelzimmer-mit-meerblick\/","name":"Doppelzimmer mit Meerblick - Telemaque Djerba","isPartOf":{"@id":"https:\/\/www.telemaque-beach.com\/de\/#website"},"datePublished":"2025-10-07T09:56:32+00:00","dateModified":"2025-11-25T11:26:58+00:00","description":"Lassen Sie sich w\u00e4hrend Ihres Aufenthalts in Tunesien vom Mittelmeer verw\u00f6hnen. Bewundern Sie vom Balkon Ihres Zimmers mit Meerblick aus eine Kulisse, in der schlichte Eleganz auf den Horizont trifft.","breadcrumb":{"@id":"https:\/\/www.telemaque-beach.com\/de\/zimmer\/doppelzimmer-mit-meerblick\/#breadcrumb"},"inLanguage":"de","potentialAction":[{"@type":"ReadAction","target":["https:\/\/www.telemaque-beach.com\/de\/zimmer\/doppelzimmer-mit-meerblick\/"]}]},{"@type":"BreadcrumbList","@id":"https:\/\/www.telemaque-beach.com\/de\/zimmer\/doppelzimmer-mit-meerblick\/#breadcrumb","itemListElement":[{"@type":"ListItem","position":1,"name":"Home","item":"https:\/\/www.telemaque-beach.com\/de\/"},{"@type":"ListItem","position":2,"name":"Zimmer","item":"https:\/\/www.telemaque-beach.com\/de\/zimmer\/"},{"@type":"ListItem","position":3,"name":"Doppelzimmer mit Meerblick"}]},{"@type":"WebSite","@id":"https:\/\/www.telemaque-beach.com\/de\/#website","url":"https:\/\/www.telemaque-beach.com\/de\/","name":"Telemaque Beach & Spa","description":"","potentialAction":[{"@type":"SearchAction","target":{"@type":"EntryPoint","urlTemplate":"https:\/\/www.telemaque-beach.com\/de\/?s={search_term_string}"},"query-input":{"@type":"PropertyValueSpecification","valueRequired":true,"valueName":"search_term_string"}}],"inLanguage":"de"}]}},"acf":[],"_links":{"self":[{"href":"https:\/\/www.telemaque-beach.com\/de\/wp-json\/wp\/v2\/pages\/293","targetHints":{"allow":["GET"]}}],"collection":[{"href":"https:\/\/www.telemaque-beach.com\/de\/wp-json\/wp\/v2\/pages"}],"about":[{"href":"https:\/\/www.telemaque-beach.com\/de\/wp-json\/wp\/v2\/types\/page"}],"author":[{"embeddable":true,"href":"https:\/\/www.telemaque-beach.com\/de\/wp-json\/wp\/v2\/users\/23"}],"replies":[{"embeddable":true,"href":"https:\/\/www.telemaque-beach.com\/de\/wp-json\/wp\/v2\/comments?post=293"}],"version-history":[{"count":0,"href":"https:\/\/www.telemaque-beach.com\/de\/wp-json\/wp\/v2\/pages\/293\/revisions"}],"up":[{"embeddable":true,"href":"https:\/\/www.telemaque-beach.com\/de\/wp-json\/wp\/v2\/pages\/313"}],"wp:attachment":[{"href":"https:\/\/www.telemaque-beach.com\/de\/wp-json\/wp\/v2\/media?parent=293"}],"curies":[{"name":"wp","href":"https:\/\/api.w.org\/{rel}","templated":true}]}}