{"id":299,"date":"2025-10-06T13:17:18","date_gmt":"2025-10-06T13:17:18","guid":{"rendered":"https:\/\/telemaquedjerba.ms3.decms.eu\/location\/"},"modified":"2025-11-25T11:30:35","modified_gmt":"2025-11-25T11:30:35","slug":"lage","status":"publish","type":"page","link":"https:\/\/www.telemaque-beach.com\/de\/lage\/","title":{"rendered":"Lage"},"content":{"rendered":"<p style=\"text-align: center;\">Das T\u00e9l\u00e9maque Beach &amp; Spa genie\u00dft eine privilegierte Lage direkt am Meer auf Djerba.<br \/>\nOb Sie Entspannung suchen oder Aktivit\u00e4ten f\u00fcr die ganze Familie, dieses kleine Paradies bietet Ihnen das Beste des Mittelmeers, nur 30 Autominuten vom Flughafen Zarzis entfernt.<\/p>\n","protected":false},"excerpt":{"rendered":"<p>Das T\u00e9l\u00e9maque Beach &amp; Spa genie\u00dft eine privilegierte Lage direkt am Meer auf Djerba. Ob Sie Entspannung suchen oder Aktivit\u00e4ten f\u00fcr die ganze Familie, dieses kleine Paradies bietet Ihnen das Beste des Mittelmeers, nur 30 Autominuten vom Flughafen Zarzis entfernt.<\/p>\n","protected":false},"author":23,"featured_media":0,"parent":0,"menu_order":4,"comment_status":"closed","ping_status":"closed","template":"template-location.php","meta":{"footnotes":""},"class_list":["post-299","page","type-page","status-publish","hentry"],"yoast_head":"<!-- This site is optimized with the Yoast SEO plugin v26.9 - https:\/\/yoast.com\/product\/yoast-seo-wordpress\/ -->\n<title>Lage - Telemaque Djerba<\/title>\n<meta name=\"description\" content=\"Unser Hotel am Meer in Djerba genie\u00dft eine privilegierte Lage. Entdecken Sie ganz einfach Djerbahood, den Hafen von Houmt Souk und die Synagoge von Ghriba.\" \/>\n<meta name=\"robots\" content=\"index, follow, max-snippet:-1, max-image-preview:large, max-video-preview:-1\" \/>\n<link rel=\"canonical\" href=\"https:\/\/www.telemaque-beach.com\/de\/lage\/\" \/>\n<meta property=\"og:locale\" content=\"de_DE\" \/>\n<meta property=\"og:type\" content=\"article\" \/>\n<meta property=\"og:title\" content=\"Lage - Telemaque Djerba\" \/>\n<meta property=\"og:description\" content=\"Unser Hotel am Meer in Djerba genie\u00dft eine privilegierte Lage. Entdecken Sie ganz einfach Djerbahood, den Hafen von Houmt Souk und die Synagoge von Ghriba.\" \/>\n<meta property=\"og:url\" content=\"https:\/\/www.telemaque-beach.com\/de\/lage\/\" \/>\n<meta property=\"og:site_name\" content=\"Telemaque Djerba\" \/>\n<meta property=\"article:modified_time\" content=\"2025-11-25T11:30:35+00:00\" \/>\n<meta name=\"twitter:card\" content=\"summary_large_image\" \/>\n<meta name=\"twitter:label1\" content=\"Est. reading time\" \/>\n\t<meta name=\"twitter:data1\" content=\"1\u00a0Minute\" \/>\n<script type=\"application\/ld+json\" class=\"yoast-schema-graph\">{\"@context\":\"https:\/\/schema.org\",\"@graph\":[{\"@type\":\"WebPage\",\"@id\":\"https:\/\/www.telemaque-beach.com\/de\/lage\/\",\"url\":\"https:\/\/www.telemaque-beach.com\/de\/lage\/\",\"name\":\"Lage - Telemaque Djerba\",\"isPartOf\":{\"@id\":\"https:\/\/www.telemaque-beach.com\/de\/#website\"},\"datePublished\":\"2025-10-06T13:17:18+00:00\",\"dateModified\":\"2025-11-25T11:30:35+00:00\",\"description\":\"Unser Hotel am Meer in Djerba genie\u00dft eine privilegierte Lage. Entdecken Sie ganz einfach Djerbahood, den Hafen von Houmt Souk und die Synagoge von Ghriba.\",\"breadcrumb\":{\"@id\":\"https:\/\/www.telemaque-beach.com\/de\/lage\/#breadcrumb\"},\"inLanguage\":\"de\",\"potentialAction\":[{\"@type\":\"ReadAction\",\"target\":[\"https:\/\/www.telemaque-beach.com\/de\/lage\/\"]}]},{\"@type\":\"BreadcrumbList\",\"@id\":\"https:\/\/www.telemaque-beach.com\/de\/lage\/#breadcrumb\",\"itemListElement\":[{\"@type\":\"ListItem\",\"position\":1,\"name\":\"Home\",\"item\":\"https:\/\/www.telemaque-beach.com\/de\/\"},{\"@type\":\"ListItem\",\"position\":2,\"name\":\"Lage\"}]},{\"@type\":\"WebSite\",\"@id\":\"https:\/\/www.telemaque-beach.com\/de\/#website\",\"url\":\"https:\/\/www.telemaque-beach.com\/de\/\",\"name\":\"Telemaque Beach & Spa\",\"description\":\"\",\"potentialAction\":[{\"@type\":\"SearchAction\",\"target\":{\"@type\":\"EntryPoint\",\"urlTemplate\":\"https:\/\/www.telemaque-beach.com\/de\/?s={search_term_string}\"},\"query-input\":{\"@type\":\"PropertyValueSpecification\",\"valueRequired\":true,\"valueName\":\"search_term_string\"}}],\"inLanguage\":\"de\"}]}<\/script>\n<!-- \/ Yoast SEO plugin. -->","yoast_head_json":{"title":"Lage - Telemaque Djerba","description":"Unser Hotel am Meer in Djerba genie\u00dft eine privilegierte Lage. Entdecken Sie ganz einfach Djerbahood, den Hafen von Houmt Souk und die Synagoge von Ghriba.","robots":{"index":"index","follow":"follow","max-snippet":"max-snippet:-1","max-image-preview":"max-image-preview:large","max-video-preview":"max-video-preview:-1"},"canonical":"https:\/\/www.telemaque-beach.com\/de\/lage\/","og_locale":"de_DE","og_type":"article","og_title":"Lage - Telemaque Djerba","og_description":"Unser Hotel am Meer in Djerba genie\u00dft eine privilegierte Lage. Entdecken Sie ganz einfach Djerbahood, den Hafen von Houmt Souk und die Synagoge von Ghriba.","og_url":"https:\/\/www.telemaque-beach.com\/de\/lage\/","og_site_name":"Telemaque Djerba","article_modified_time":"2025-11-25T11:30:35+00:00","twitter_card":"summary_large_image","twitter_misc":{"Est. reading time":"1\u00a0Minute"},"schema":{"@context":"https:\/\/schema.org","@graph":[{"@type":"WebPage","@id":"https:\/\/www.telemaque-beach.com\/de\/lage\/","url":"https:\/\/www.telemaque-beach.com\/de\/lage\/","name":"Lage - Telemaque Djerba","isPartOf":{"@id":"https:\/\/www.telemaque-beach.com\/de\/#website"},"datePublished":"2025-10-06T13:17:18+00:00","dateModified":"2025-11-25T11:30:35+00:00","description":"Unser Hotel am Meer in Djerba genie\u00dft eine privilegierte Lage. Entdecken Sie ganz einfach Djerbahood, den Hafen von Houmt Souk und die Synagoge von Ghriba.","breadcrumb":{"@id":"https:\/\/www.telemaque-beach.com\/de\/lage\/#breadcrumb"},"inLanguage":"de","potentialAction":[{"@type":"ReadAction","target":["https:\/\/www.telemaque-beach.com\/de\/lage\/"]}]},{"@type":"BreadcrumbList","@id":"https:\/\/www.telemaque-beach.com\/de\/lage\/#breadcrumb","itemListElement":[{"@type":"ListItem","position":1,"name":"Home","item":"https:\/\/www.telemaque-beach.com\/de\/"},{"@type":"ListItem","position":2,"name":"Lage"}]},{"@type":"WebSite","@id":"https:\/\/www.telemaque-beach.com\/de\/#website","url":"https:\/\/www.telemaque-beach.com\/de\/","name":"Telemaque Beach & Spa","description":"","potentialAction":[{"@type":"SearchAction","target":{"@type":"EntryPoint","urlTemplate":"https:\/\/www.telemaque-beach.com\/de\/?s={search_term_string}"},"query-input":{"@type":"PropertyValueSpecification","valueRequired":true,"valueName":"search_term_string"}}],"inLanguage":"de"}]}},"acf":[],"_links":{"self":[{"href":"https:\/\/www.telemaque-beach.com\/de\/wp-json\/wp\/v2\/pages\/299","targetHints":{"allow":["GET"]}}],"collection":[{"href":"https:\/\/www.telemaque-beach.com\/de\/wp-json\/wp\/v2\/pages"}],"about":[{"href":"https:\/\/www.telemaque-beach.com\/de\/wp-json\/wp\/v2\/types\/page"}],"author":[{"embeddable":true,"href":"https:\/\/www.telemaque-beach.com\/de\/wp-json\/wp\/v2\/users\/23"}],"replies":[{"embeddable":true,"href":"https:\/\/www.telemaque-beach.com\/de\/wp-json\/wp\/v2\/comments?post=299"}],"version-history":[{"count":0,"href":"https:\/\/www.telemaque-beach.com\/de\/wp-json\/wp\/v2\/pages\/299\/revisions"}],"wp:attachment":[{"href":"https:\/\/www.telemaque-beach.com\/de\/wp-json\/wp\/v2\/media?parent=299"}],"curies":[{"name":"wp","href":"https:\/\/api.w.org\/{rel}","templated":true}]}}