{"id":300,"date":"2025-10-06T13:17:06","date_gmt":"2025-10-06T13:17:06","guid":{"rendered":"https:\/\/telemaquedjerba.ms3.decms.eu\/amphitheater-nightclub\/"},"modified":"2025-11-25T11:29:57","modified_gmt":"2025-11-25T11:29:57","slug":"abendunterhaltung","status":"publish","type":"page","link":"https:\/\/www.telemaque-beach.com\/de\/service-ausstattung\/abendunterhaltung\/","title":{"rendered":"Abendunterhaltung"},"content":{"rendered":"<p style=\"text-align: center;\">Nach Einbruch der Dunkelheit bietet das<strong> T\u00e9l\u00e9maque Beach &amp; Spa zwei verschiedene Atmosph\u00e4ren<\/strong>, um Ihre Abende auf Djerba zu gestalten.<br \/>\nVon Familienunterhaltung im Amphitheater bis zur Tanzfl\u00e4che unserer <strong>Disco im Hotel auf Djerba<\/strong> \u2013 entdecken Sie die beiden Seiten unserer Abendunterhaltung.<br \/>\nWir bieten die passende Stimmung, um Ihre Urlaubstage stimmungsvoll ausklingen zu lassen.<\/p>\n","protected":false},"excerpt":{"rendered":"<p>Nach Einbruch der Dunkelheit bietet das T\u00e9l\u00e9maque Beach &amp; Spa zwei verschiedene Atmosph\u00e4ren, um Ihre Abende auf Djerba zu gestalten. Von Familienunterhaltung im Amphitheater bis zur Tanzfl\u00e4che unserer Disco im Hotel auf Djerba \u2013 entdecken Sie die beiden Seiten unserer Abendunterhaltung. Wir bieten die passende Stimmung, um Ihre Urlaubstage stimmungsvoll ausklingen zu lassen.<\/p>\n","protected":false},"author":23,"featured_media":0,"parent":309,"menu_order":6,"comment_status":"closed","ping_status":"closed","template":"template-default-2.php","meta":{"footnotes":""},"class_list":["post-300","page","type-page","status-publish","hentry"],"yoast_head":"<!-- This site is optimized with the Yoast SEO plugin v26.9 - https:\/\/yoast.com\/product\/yoast-seo-wordpress\/ -->\n<title>Abendunterhaltung - Telemaque Djerba<\/title>\n<meta name=\"description\" content=\"Verbringen Sie unvergessliche Abende in unserem Hotel in Djerba. Besuchen Sie die Shows in unserem Amphitheater und tanzen Sie anschlie\u00dfend in unserem Open-Air-Nachtclub.\" \/>\n<meta name=\"robots\" content=\"index, follow, max-snippet:-1, max-image-preview:large, max-video-preview:-1\" \/>\n<link rel=\"canonical\" href=\"https:\/\/www.telemaque-beach.com\/de\/service-ausstattung\/abendunterhaltung\/\" \/>\n<meta property=\"og:locale\" content=\"de_DE\" \/>\n<meta property=\"og:type\" content=\"article\" \/>\n<meta property=\"og:title\" content=\"Abendunterhaltung - Telemaque Djerba\" \/>\n<meta property=\"og:description\" content=\"Verbringen Sie unvergessliche Abende in unserem Hotel in Djerba. Besuchen Sie die Shows in unserem Amphitheater und tanzen Sie anschlie\u00dfend in unserem Open-Air-Nachtclub.\" \/>\n<meta property=\"og:url\" content=\"https:\/\/www.telemaque-beach.com\/de\/service-ausstattung\/abendunterhaltung\/\" \/>\n<meta property=\"og:site_name\" content=\"Telemaque Djerba\" \/>\n<meta property=\"article:modified_time\" content=\"2025-11-25T11:29:57+00:00\" \/>\n<meta name=\"twitter:card\" content=\"summary_large_image\" \/>\n<meta name=\"twitter:label1\" content=\"Est. reading time\" \/>\n\t<meta name=\"twitter:data1\" content=\"1\u00a0Minute\" \/>\n<script type=\"application\/ld+json\" class=\"yoast-schema-graph\">{\"@context\":\"https:\/\/schema.org\",\"@graph\":[{\"@type\":\"WebPage\",\"@id\":\"https:\/\/www.telemaque-beach.com\/de\/service-ausstattung\/abendunterhaltung\/\",\"url\":\"https:\/\/www.telemaque-beach.com\/de\/service-ausstattung\/abendunterhaltung\/\",\"name\":\"Abendunterhaltung - Telemaque Djerba\",\"isPartOf\":{\"@id\":\"https:\/\/www.telemaque-beach.com\/de\/#website\"},\"datePublished\":\"2025-10-06T13:17:06+00:00\",\"dateModified\":\"2025-11-25T11:29:57+00:00\",\"description\":\"Verbringen Sie unvergessliche Abende in unserem Hotel in Djerba. Besuchen Sie die Shows in unserem Amphitheater und tanzen Sie anschlie\u00dfend in unserem Open-Air-Nachtclub.\",\"breadcrumb\":{\"@id\":\"https:\/\/www.telemaque-beach.com\/de\/service-ausstattung\/abendunterhaltung\/#breadcrumb\"},\"inLanguage\":\"de\",\"potentialAction\":[{\"@type\":\"ReadAction\",\"target\":[\"https:\/\/www.telemaque-beach.com\/de\/service-ausstattung\/abendunterhaltung\/\"]}]},{\"@type\":\"BreadcrumbList\",\"@id\":\"https:\/\/www.telemaque-beach.com\/de\/service-ausstattung\/abendunterhaltung\/#breadcrumb\",\"itemListElement\":[{\"@type\":\"ListItem\",\"position\":1,\"name\":\"Home\",\"item\":\"https:\/\/www.telemaque-beach.com\/de\/\"},{\"@type\":\"ListItem\",\"position\":2,\"name\":\"Service &amp; Ausstattung\",\"item\":\"https:\/\/www.telemaque-beach.com\/de\/service-ausstattung\/\"},{\"@type\":\"ListItem\",\"position\":3,\"name\":\"Abendunterhaltung\"}]},{\"@type\":\"WebSite\",\"@id\":\"https:\/\/www.telemaque-beach.com\/de\/#website\",\"url\":\"https:\/\/www.telemaque-beach.com\/de\/\",\"name\":\"Telemaque Beach & Spa\",\"description\":\"\",\"potentialAction\":[{\"@type\":\"SearchAction\",\"target\":{\"@type\":\"EntryPoint\",\"urlTemplate\":\"https:\/\/www.telemaque-beach.com\/de\/?s={search_term_string}\"},\"query-input\":{\"@type\":\"PropertyValueSpecification\",\"valueRequired\":true,\"valueName\":\"search_term_string\"}}],\"inLanguage\":\"de\"}]}<\/script>\n<!-- \/ Yoast SEO plugin. -->","yoast_head_json":{"title":"Abendunterhaltung - Telemaque Djerba","description":"Verbringen Sie unvergessliche Abende in unserem Hotel in Djerba. Besuchen Sie die Shows in unserem Amphitheater und tanzen Sie anschlie\u00dfend in unserem Open-Air-Nachtclub.","robots":{"index":"index","follow":"follow","max-snippet":"max-snippet:-1","max-image-preview":"max-image-preview:large","max-video-preview":"max-video-preview:-1"},"canonical":"https:\/\/www.telemaque-beach.com\/de\/service-ausstattung\/abendunterhaltung\/","og_locale":"de_DE","og_type":"article","og_title":"Abendunterhaltung - Telemaque Djerba","og_description":"Verbringen Sie unvergessliche Abende in unserem Hotel in Djerba. Besuchen Sie die Shows in unserem Amphitheater und tanzen Sie anschlie\u00dfend in unserem Open-Air-Nachtclub.","og_url":"https:\/\/www.telemaque-beach.com\/de\/service-ausstattung\/abendunterhaltung\/","og_site_name":"Telemaque Djerba","article_modified_time":"2025-11-25T11:29:57+00:00","twitter_card":"summary_large_image","twitter_misc":{"Est. reading time":"1\u00a0Minute"},"schema":{"@context":"https:\/\/schema.org","@graph":[{"@type":"WebPage","@id":"https:\/\/www.telemaque-beach.com\/de\/service-ausstattung\/abendunterhaltung\/","url":"https:\/\/www.telemaque-beach.com\/de\/service-ausstattung\/abendunterhaltung\/","name":"Abendunterhaltung - Telemaque Djerba","isPartOf":{"@id":"https:\/\/www.telemaque-beach.com\/de\/#website"},"datePublished":"2025-10-06T13:17:06+00:00","dateModified":"2025-11-25T11:29:57+00:00","description":"Verbringen Sie unvergessliche Abende in unserem Hotel in Djerba. Besuchen Sie die Shows in unserem Amphitheater und tanzen Sie anschlie\u00dfend in unserem Open-Air-Nachtclub.","breadcrumb":{"@id":"https:\/\/www.telemaque-beach.com\/de\/service-ausstattung\/abendunterhaltung\/#breadcrumb"},"inLanguage":"de","potentialAction":[{"@type":"ReadAction","target":["https:\/\/www.telemaque-beach.com\/de\/service-ausstattung\/abendunterhaltung\/"]}]},{"@type":"BreadcrumbList","@id":"https:\/\/www.telemaque-beach.com\/de\/service-ausstattung\/abendunterhaltung\/#breadcrumb","itemListElement":[{"@type":"ListItem","position":1,"name":"Home","item":"https:\/\/www.telemaque-beach.com\/de\/"},{"@type":"ListItem","position":2,"name":"Service &amp; Ausstattung","item":"https:\/\/www.telemaque-beach.com\/de\/service-ausstattung\/"},{"@type":"ListItem","position":3,"name":"Abendunterhaltung"}]},{"@type":"WebSite","@id":"https:\/\/www.telemaque-beach.com\/de\/#website","url":"https:\/\/www.telemaque-beach.com\/de\/","name":"Telemaque Beach & Spa","description":"","potentialAction":[{"@type":"SearchAction","target":{"@type":"EntryPoint","urlTemplate":"https:\/\/www.telemaque-beach.com\/de\/?s={search_term_string}"},"query-input":{"@type":"PropertyValueSpecification","valueRequired":true,"valueName":"search_term_string"}}],"inLanguage":"de"}]}},"acf":[],"_links":{"self":[{"href":"https:\/\/www.telemaque-beach.com\/de\/wp-json\/wp\/v2\/pages\/300","targetHints":{"allow":["GET"]}}],"collection":[{"href":"https:\/\/www.telemaque-beach.com\/de\/wp-json\/wp\/v2\/pages"}],"about":[{"href":"https:\/\/www.telemaque-beach.com\/de\/wp-json\/wp\/v2\/types\/page"}],"author":[{"embeddable":true,"href":"https:\/\/www.telemaque-beach.com\/de\/wp-json\/wp\/v2\/users\/23"}],"replies":[{"embeddable":true,"href":"https:\/\/www.telemaque-beach.com\/de\/wp-json\/wp\/v2\/comments?post=300"}],"version-history":[{"count":0,"href":"https:\/\/www.telemaque-beach.com\/de\/wp-json\/wp\/v2\/pages\/300\/revisions"}],"up":[{"embeddable":true,"href":"https:\/\/www.telemaque-beach.com\/de\/wp-json\/wp\/v2\/pages\/309"}],"wp:attachment":[{"href":"https:\/\/www.telemaque-beach.com\/de\/wp-json\/wp\/v2\/media?parent=300"}],"curies":[{"name":"wp","href":"https:\/\/api.w.org\/{rel}","templated":true}]}}