{"id":301,"date":"2025-10-06T13:17:06","date_gmt":"2025-10-06T13:17:06","guid":{"rendered":"https:\/\/telemaquedjerba.ms3.decms.eu\/store\/"},"modified":"2025-11-25T11:29:48","modified_gmt":"2025-11-25T11:29:48","slug":"einkaufszentrum","status":"publish","type":"page","link":"https:\/\/www.telemaque-beach.com\/de\/service-ausstattung\/einkaufszentrum\/","title":{"rendered":"Einkaufszentrum"},"content":{"rendered":"<p style=\"text-align: center;\">Weil <b>Urlaub auch zum Bummeln und Genie\u00dfen<\/b> da ist, bietet unser Hotel eine <b>eigene Einkaufsmeile direkt vor Ort<\/b>.<br \/>\nKein Verlassen des Hotels n\u00f6tig \u2013 <b>alles ist bequem erreichbar<\/b>.<br \/>\nDie <b>Hotelboutique<\/b> ist ge\u00f6ffnet von <b>8:00 bis 22:00 Uhr<\/b> (Winter\u00f6ffnung bis 21:00 Uhr).<\/p>\n","protected":false},"excerpt":{"rendered":"<p>Weil Urlaub auch zum Bummeln und Genie\u00dfen da ist, bietet unser Hotel eine eigene Einkaufsmeile direkt vor Ort. Kein Verlassen des Hotels n\u00f6tig \u2013 alles ist bequem erreichbar. Die Hotelboutique ist ge\u00f6ffnet von 8:00 bis 22:00 Uhr (Winter\u00f6ffnung bis 21:00 Uhr).<\/p>\n","protected":false},"author":23,"featured_media":0,"parent":309,"menu_order":5,"comment_status":"closed","ping_status":"closed","template":"template-default-2.php","meta":{"footnotes":""},"class_list":["post-301","page","type-page","status-publish","hentry"],"yoast_head":"<!-- This site is optimized with the Yoast SEO plugin v26.9 - https:\/\/yoast.com\/product\/yoast-seo-wordpress\/ -->\n<title>Einkaufszentrum - Telemaque Djerba<\/title>\n<meta name=\"description\" content=\"Nutzen Sie unsere Einkaufspassage f\u00fcr Ihre Souvenirs und den t\u00e4glichen Bedarf. Wir bieten einen Tabakservice und eine Wechselstube f\u00fcr zus\u00e4tzlichen Komfort.\" \/>\n<meta name=\"robots\" content=\"index, follow, max-snippet:-1, max-image-preview:large, max-video-preview:-1\" \/>\n<link rel=\"canonical\" href=\"https:\/\/www.telemaque-beach.com\/de\/service-ausstattung\/einkaufszentrum\/\" \/>\n<meta property=\"og:locale\" content=\"de_DE\" \/>\n<meta property=\"og:type\" content=\"article\" \/>\n<meta property=\"og:title\" content=\"Einkaufszentrum - Telemaque Djerba\" \/>\n<meta property=\"og:description\" content=\"Nutzen Sie unsere Einkaufspassage f\u00fcr Ihre Souvenirs und den t\u00e4glichen Bedarf. Wir bieten einen Tabakservice und eine Wechselstube f\u00fcr zus\u00e4tzlichen Komfort.\" \/>\n<meta property=\"og:url\" content=\"https:\/\/www.telemaque-beach.com\/de\/service-ausstattung\/einkaufszentrum\/\" \/>\n<meta property=\"og:site_name\" content=\"Telemaque Djerba\" \/>\n<meta property=\"article:modified_time\" content=\"2025-11-25T11:29:48+00:00\" \/>\n<meta name=\"twitter:card\" content=\"summary_large_image\" \/>\n<meta name=\"twitter:label1\" content=\"Est. reading time\" \/>\n\t<meta name=\"twitter:data1\" content=\"1\u00a0Minute\" \/>\n<script type=\"application\/ld+json\" class=\"yoast-schema-graph\">{\"@context\":\"https:\/\/schema.org\",\"@graph\":[{\"@type\":\"WebPage\",\"@id\":\"https:\/\/www.telemaque-beach.com\/de\/service-ausstattung\/einkaufszentrum\/\",\"url\":\"https:\/\/www.telemaque-beach.com\/de\/service-ausstattung\/einkaufszentrum\/\",\"name\":\"Einkaufszentrum - Telemaque Djerba\",\"isPartOf\":{\"@id\":\"https:\/\/www.telemaque-beach.com\/de\/#website\"},\"datePublished\":\"2025-10-06T13:17:06+00:00\",\"dateModified\":\"2025-11-25T11:29:48+00:00\",\"description\":\"Nutzen Sie unsere Einkaufspassage f\u00fcr Ihre Souvenirs und den t\u00e4glichen Bedarf. Wir bieten einen Tabakservice und eine Wechselstube f\u00fcr zus\u00e4tzlichen Komfort.\",\"breadcrumb\":{\"@id\":\"https:\/\/www.telemaque-beach.com\/de\/service-ausstattung\/einkaufszentrum\/#breadcrumb\"},\"inLanguage\":\"de\",\"potentialAction\":[{\"@type\":\"ReadAction\",\"target\":[\"https:\/\/www.telemaque-beach.com\/de\/service-ausstattung\/einkaufszentrum\/\"]}]},{\"@type\":\"BreadcrumbList\",\"@id\":\"https:\/\/www.telemaque-beach.com\/de\/service-ausstattung\/einkaufszentrum\/#breadcrumb\",\"itemListElement\":[{\"@type\":\"ListItem\",\"position\":1,\"name\":\"Home\",\"item\":\"https:\/\/www.telemaque-beach.com\/de\/\"},{\"@type\":\"ListItem\",\"position\":2,\"name\":\"Service &amp; Ausstattung\",\"item\":\"https:\/\/www.telemaque-beach.com\/de\/service-ausstattung\/\"},{\"@type\":\"ListItem\",\"position\":3,\"name\":\"Einkaufszentrum\"}]},{\"@type\":\"WebSite\",\"@id\":\"https:\/\/www.telemaque-beach.com\/de\/#website\",\"url\":\"https:\/\/www.telemaque-beach.com\/de\/\",\"name\":\"Telemaque Beach & Spa\",\"description\":\"\",\"potentialAction\":[{\"@type\":\"SearchAction\",\"target\":{\"@type\":\"EntryPoint\",\"urlTemplate\":\"https:\/\/www.telemaque-beach.com\/de\/?s={search_term_string}\"},\"query-input\":{\"@type\":\"PropertyValueSpecification\",\"valueRequired\":true,\"valueName\":\"search_term_string\"}}],\"inLanguage\":\"de\"}]}<\/script>\n<!-- \/ Yoast SEO plugin. -->","yoast_head_json":{"title":"Einkaufszentrum - Telemaque Djerba","description":"Nutzen Sie unsere Einkaufspassage f\u00fcr Ihre Souvenirs und den t\u00e4glichen Bedarf. Wir bieten einen Tabakservice und eine Wechselstube f\u00fcr zus\u00e4tzlichen Komfort.","robots":{"index":"index","follow":"follow","max-snippet":"max-snippet:-1","max-image-preview":"max-image-preview:large","max-video-preview":"max-video-preview:-1"},"canonical":"https:\/\/www.telemaque-beach.com\/de\/service-ausstattung\/einkaufszentrum\/","og_locale":"de_DE","og_type":"article","og_title":"Einkaufszentrum - Telemaque Djerba","og_description":"Nutzen Sie unsere Einkaufspassage f\u00fcr Ihre Souvenirs und den t\u00e4glichen Bedarf. Wir bieten einen Tabakservice und eine Wechselstube f\u00fcr zus\u00e4tzlichen Komfort.","og_url":"https:\/\/www.telemaque-beach.com\/de\/service-ausstattung\/einkaufszentrum\/","og_site_name":"Telemaque Djerba","article_modified_time":"2025-11-25T11:29:48+00:00","twitter_card":"summary_large_image","twitter_misc":{"Est. reading time":"1\u00a0Minute"},"schema":{"@context":"https:\/\/schema.org","@graph":[{"@type":"WebPage","@id":"https:\/\/www.telemaque-beach.com\/de\/service-ausstattung\/einkaufszentrum\/","url":"https:\/\/www.telemaque-beach.com\/de\/service-ausstattung\/einkaufszentrum\/","name":"Einkaufszentrum - Telemaque Djerba","isPartOf":{"@id":"https:\/\/www.telemaque-beach.com\/de\/#website"},"datePublished":"2025-10-06T13:17:06+00:00","dateModified":"2025-11-25T11:29:48+00:00","description":"Nutzen Sie unsere Einkaufspassage f\u00fcr Ihre Souvenirs und den t\u00e4glichen Bedarf. Wir bieten einen Tabakservice und eine Wechselstube f\u00fcr zus\u00e4tzlichen Komfort.","breadcrumb":{"@id":"https:\/\/www.telemaque-beach.com\/de\/service-ausstattung\/einkaufszentrum\/#breadcrumb"},"inLanguage":"de","potentialAction":[{"@type":"ReadAction","target":["https:\/\/www.telemaque-beach.com\/de\/service-ausstattung\/einkaufszentrum\/"]}]},{"@type":"BreadcrumbList","@id":"https:\/\/www.telemaque-beach.com\/de\/service-ausstattung\/einkaufszentrum\/#breadcrumb","itemListElement":[{"@type":"ListItem","position":1,"name":"Home","item":"https:\/\/www.telemaque-beach.com\/de\/"},{"@type":"ListItem","position":2,"name":"Service &amp; Ausstattung","item":"https:\/\/www.telemaque-beach.com\/de\/service-ausstattung\/"},{"@type":"ListItem","position":3,"name":"Einkaufszentrum"}]},{"@type":"WebSite","@id":"https:\/\/www.telemaque-beach.com\/de\/#website","url":"https:\/\/www.telemaque-beach.com\/de\/","name":"Telemaque Beach & Spa","description":"","potentialAction":[{"@type":"SearchAction","target":{"@type":"EntryPoint","urlTemplate":"https:\/\/www.telemaque-beach.com\/de\/?s={search_term_string}"},"query-input":{"@type":"PropertyValueSpecification","valueRequired":true,"valueName":"search_term_string"}}],"inLanguage":"de"}]}},"acf":[],"_links":{"self":[{"href":"https:\/\/www.telemaque-beach.com\/de\/wp-json\/wp\/v2\/pages\/301","targetHints":{"allow":["GET"]}}],"collection":[{"href":"https:\/\/www.telemaque-beach.com\/de\/wp-json\/wp\/v2\/pages"}],"about":[{"href":"https:\/\/www.telemaque-beach.com\/de\/wp-json\/wp\/v2\/types\/page"}],"author":[{"embeddable":true,"href":"https:\/\/www.telemaque-beach.com\/de\/wp-json\/wp\/v2\/users\/23"}],"replies":[{"embeddable":true,"href":"https:\/\/www.telemaque-beach.com\/de\/wp-json\/wp\/v2\/comments?post=301"}],"version-history":[{"count":0,"href":"https:\/\/www.telemaque-beach.com\/de\/wp-json\/wp\/v2\/pages\/301\/revisions"}],"up":[{"embeddable":true,"href":"https:\/\/www.telemaque-beach.com\/de\/wp-json\/wp\/v2\/pages\/309"}],"wp:attachment":[{"href":"https:\/\/www.telemaque-beach.com\/de\/wp-json\/wp\/v2\/media?parent=301"}],"curies":[{"name":"wp","href":"https:\/\/api.w.org\/{rel}","templated":true}]}}