{"id":302,"date":"2025-10-06T13:17:06","date_gmt":"2025-10-06T13:17:06","guid":{"rendered":"https:\/\/telemaquedjerba.ms3.decms.eu\/daytime-activities\/"},"modified":"2025-11-25T11:30:04","modified_gmt":"2025-11-25T11:30:04","slug":"aktivitaeten","status":"publish","type":"page","link":"https:\/\/www.telemaque-beach.com\/de\/service-ausstattung\/aktivitaeten\/","title":{"rendered":"Aktivit\u00e4ten"},"content":{"rendered":"<p style=\"text-align: center;\">Suchen Sie nach<strong> Aktivit\u00e4ten auf Djerba<\/strong>, um Ihren Urlaub zu beleben?<br \/>\nDas T\u00e9l\u00e9maque Beach &amp; Spa bietet ein so reichhaltiges <strong>internationales Animationsprogramm<\/strong>, dass Ihre einzige Schwierigkeit darin bestehen wird, eine Aktivit\u00e4t auszuw\u00e4hlen.<\/p>\n<p style=\"text-align: center;\">F\u00fcr <strong>Erwachsene und Kinder<\/strong> konzipiert, liegt der Fokus auf <strong>Sport, Spiel und Gemeinschaft.<\/strong><br \/>\nOb Sie <strong>Wettkampflust, Bewegungsdrang<\/strong> oder einfach nur Spa\u00df haben m\u00f6chten \u2013 in unserem Resort finden Sie immer eine Aktivit\u00e4t auf Djerba, die zu Ihnen passt.<\/p>\n","protected":false},"excerpt":{"rendered":"<p>Suchen Sie nach Aktivit\u00e4ten auf Djerba, um Ihren Urlaub zu beleben? Das T\u00e9l\u00e9maque Beach &amp; Spa bietet ein so reichhaltiges internationales Animationsprogramm, dass Ihre einzige Schwierigkeit darin bestehen wird, eine Aktivit\u00e4t auszuw\u00e4hlen. F\u00fcr Erwachsene und Kinder konzipiert, liegt der Fokus auf Sport, Spiel und Gemeinschaft. Ob Sie Wettkampflust, Bewegungsdrang oder einfach nur Spa\u00df haben m\u00f6chten [&hellip;]<\/p>\n","protected":false},"author":23,"featured_media":0,"parent":309,"menu_order":7,"comment_status":"closed","ping_status":"closed","template":"template-default-2.php","meta":{"footnotes":""},"class_list":["post-302","page","type-page","status-publish","hentry"],"yoast_head":"<!-- This site is optimized with the Yoast SEO plugin v26.9 - https:\/\/yoast.com\/product\/yoast-seo-wordpress\/ -->\n<title>Aktivit\u00e4ten - Telemaque Djerba<\/title>\n<meta name=\"description\" content=\"In unserem All-inclusive-Hotel in Djerba wird Ihnen bestimmt nicht langweilig. Nehmen Sie an den Sportturnieren unseres Teams auf unseren Sportpl\u00e4tzen teil: Wasserball, Beachvolleyball, Basketball.\" \/>\n<meta name=\"robots\" content=\"index, follow, max-snippet:-1, max-image-preview:large, max-video-preview:-1\" \/>\n<link rel=\"canonical\" href=\"https:\/\/www.telemaque-beach.com\/de\/service-ausstattung\/aktivitaeten\/\" \/>\n<meta property=\"og:locale\" content=\"de_DE\" \/>\n<meta property=\"og:type\" content=\"article\" \/>\n<meta property=\"og:title\" content=\"Aktivit\u00e4ten - Telemaque Djerba\" \/>\n<meta property=\"og:description\" content=\"In unserem All-inclusive-Hotel in Djerba wird Ihnen bestimmt nicht langweilig. Nehmen Sie an den Sportturnieren unseres Teams auf unseren Sportpl\u00e4tzen teil: Wasserball, Beachvolleyball, Basketball.\" \/>\n<meta property=\"og:url\" content=\"https:\/\/www.telemaque-beach.com\/de\/service-ausstattung\/aktivitaeten\/\" \/>\n<meta property=\"og:site_name\" content=\"Telemaque Djerba\" \/>\n<meta property=\"article:modified_time\" content=\"2025-11-25T11:30:04+00:00\" \/>\n<meta name=\"twitter:card\" content=\"summary_large_image\" \/>\n<meta name=\"twitter:label1\" content=\"Est. reading time\" \/>\n\t<meta name=\"twitter:data1\" content=\"1\u00a0Minute\" \/>\n<script type=\"application\/ld+json\" class=\"yoast-schema-graph\">{\"@context\":\"https:\/\/schema.org\",\"@graph\":[{\"@type\":\"WebPage\",\"@id\":\"https:\/\/www.telemaque-beach.com\/de\/service-ausstattung\/aktivitaeten\/\",\"url\":\"https:\/\/www.telemaque-beach.com\/de\/service-ausstattung\/aktivitaeten\/\",\"name\":\"Aktivit\u00e4ten - Telemaque Djerba\",\"isPartOf\":{\"@id\":\"https:\/\/www.telemaque-beach.com\/de\/#website\"},\"datePublished\":\"2025-10-06T13:17:06+00:00\",\"dateModified\":\"2025-11-25T11:30:04+00:00\",\"description\":\"In unserem All-inclusive-Hotel in Djerba wird Ihnen bestimmt nicht langweilig. Nehmen Sie an den Sportturnieren unseres Teams auf unseren Sportpl\u00e4tzen teil: Wasserball, Beachvolleyball, Basketball.\",\"breadcrumb\":{\"@id\":\"https:\/\/www.telemaque-beach.com\/de\/service-ausstattung\/aktivitaeten\/#breadcrumb\"},\"inLanguage\":\"de\",\"potentialAction\":[{\"@type\":\"ReadAction\",\"target\":[\"https:\/\/www.telemaque-beach.com\/de\/service-ausstattung\/aktivitaeten\/\"]}]},{\"@type\":\"BreadcrumbList\",\"@id\":\"https:\/\/www.telemaque-beach.com\/de\/service-ausstattung\/aktivitaeten\/#breadcrumb\",\"itemListElement\":[{\"@type\":\"ListItem\",\"position\":1,\"name\":\"Home\",\"item\":\"https:\/\/www.telemaque-beach.com\/de\/\"},{\"@type\":\"ListItem\",\"position\":2,\"name\":\"Service &amp; Ausstattung\",\"item\":\"https:\/\/www.telemaque-beach.com\/de\/service-ausstattung\/\"},{\"@type\":\"ListItem\",\"position\":3,\"name\":\"Aktivit\u00e4ten\"}]},{\"@type\":\"WebSite\",\"@id\":\"https:\/\/www.telemaque-beach.com\/de\/#website\",\"url\":\"https:\/\/www.telemaque-beach.com\/de\/\",\"name\":\"Telemaque Beach & Spa\",\"description\":\"\",\"potentialAction\":[{\"@type\":\"SearchAction\",\"target\":{\"@type\":\"EntryPoint\",\"urlTemplate\":\"https:\/\/www.telemaque-beach.com\/de\/?s={search_term_string}\"},\"query-input\":{\"@type\":\"PropertyValueSpecification\",\"valueRequired\":true,\"valueName\":\"search_term_string\"}}],\"inLanguage\":\"de\"}]}<\/script>\n<!-- \/ Yoast SEO plugin. -->","yoast_head_json":{"title":"Aktivit\u00e4ten - Telemaque Djerba","description":"In unserem All-inclusive-Hotel in Djerba wird Ihnen bestimmt nicht langweilig. Nehmen Sie an den Sportturnieren unseres Teams auf unseren Sportpl\u00e4tzen teil: Wasserball, Beachvolleyball, Basketball.","robots":{"index":"index","follow":"follow","max-snippet":"max-snippet:-1","max-image-preview":"max-image-preview:large","max-video-preview":"max-video-preview:-1"},"canonical":"https:\/\/www.telemaque-beach.com\/de\/service-ausstattung\/aktivitaeten\/","og_locale":"de_DE","og_type":"article","og_title":"Aktivit\u00e4ten - Telemaque Djerba","og_description":"In unserem All-inclusive-Hotel in Djerba wird Ihnen bestimmt nicht langweilig. Nehmen Sie an den Sportturnieren unseres Teams auf unseren Sportpl\u00e4tzen teil: Wasserball, Beachvolleyball, Basketball.","og_url":"https:\/\/www.telemaque-beach.com\/de\/service-ausstattung\/aktivitaeten\/","og_site_name":"Telemaque Djerba","article_modified_time":"2025-11-25T11:30:04+00:00","twitter_card":"summary_large_image","twitter_misc":{"Est. reading time":"1\u00a0Minute"},"schema":{"@context":"https:\/\/schema.org","@graph":[{"@type":"WebPage","@id":"https:\/\/www.telemaque-beach.com\/de\/service-ausstattung\/aktivitaeten\/","url":"https:\/\/www.telemaque-beach.com\/de\/service-ausstattung\/aktivitaeten\/","name":"Aktivit\u00e4ten - Telemaque Djerba","isPartOf":{"@id":"https:\/\/www.telemaque-beach.com\/de\/#website"},"datePublished":"2025-10-06T13:17:06+00:00","dateModified":"2025-11-25T11:30:04+00:00","description":"In unserem All-inclusive-Hotel in Djerba wird Ihnen bestimmt nicht langweilig. Nehmen Sie an den Sportturnieren unseres Teams auf unseren Sportpl\u00e4tzen teil: Wasserball, Beachvolleyball, Basketball.","breadcrumb":{"@id":"https:\/\/www.telemaque-beach.com\/de\/service-ausstattung\/aktivitaeten\/#breadcrumb"},"inLanguage":"de","potentialAction":[{"@type":"ReadAction","target":["https:\/\/www.telemaque-beach.com\/de\/service-ausstattung\/aktivitaeten\/"]}]},{"@type":"BreadcrumbList","@id":"https:\/\/www.telemaque-beach.com\/de\/service-ausstattung\/aktivitaeten\/#breadcrumb","itemListElement":[{"@type":"ListItem","position":1,"name":"Home","item":"https:\/\/www.telemaque-beach.com\/de\/"},{"@type":"ListItem","position":2,"name":"Service &amp; Ausstattung","item":"https:\/\/www.telemaque-beach.com\/de\/service-ausstattung\/"},{"@type":"ListItem","position":3,"name":"Aktivit\u00e4ten"}]},{"@type":"WebSite","@id":"https:\/\/www.telemaque-beach.com\/de\/#website","url":"https:\/\/www.telemaque-beach.com\/de\/","name":"Telemaque Beach & Spa","description":"","potentialAction":[{"@type":"SearchAction","target":{"@type":"EntryPoint","urlTemplate":"https:\/\/www.telemaque-beach.com\/de\/?s={search_term_string}"},"query-input":{"@type":"PropertyValueSpecification","valueRequired":true,"valueName":"search_term_string"}}],"inLanguage":"de"}]}},"acf":[],"_links":{"self":[{"href":"https:\/\/www.telemaque-beach.com\/de\/wp-json\/wp\/v2\/pages\/302","targetHints":{"allow":["GET"]}}],"collection":[{"href":"https:\/\/www.telemaque-beach.com\/de\/wp-json\/wp\/v2\/pages"}],"about":[{"href":"https:\/\/www.telemaque-beach.com\/de\/wp-json\/wp\/v2\/types\/page"}],"author":[{"embeddable":true,"href":"https:\/\/www.telemaque-beach.com\/de\/wp-json\/wp\/v2\/users\/23"}],"replies":[{"embeddable":true,"href":"https:\/\/www.telemaque-beach.com\/de\/wp-json\/wp\/v2\/comments?post=302"}],"version-history":[{"count":0,"href":"https:\/\/www.telemaque-beach.com\/de\/wp-json\/wp\/v2\/pages\/302\/revisions"}],"up":[{"embeddable":true,"href":"https:\/\/www.telemaque-beach.com\/de\/wp-json\/wp\/v2\/pages\/309"}],"wp:attachment":[{"href":"https:\/\/www.telemaque-beach.com\/de\/wp-json\/wp\/v2\/media?parent=302"}],"curies":[{"name":"wp","href":"https:\/\/api.w.org\/{rel}","templated":true}]}}