{"id":303,"date":"2025-10-06T13:17:06","date_gmt":"2025-10-06T13:17:06","guid":{"rendered":"https:\/\/telemaquedjerba.ms3.decms.eu\/beach\/"},"modified":"2025-11-25T11:30:14","modified_gmt":"2025-11-25T11:30:14","slug":"privatstrand","status":"publish","type":"page","link":"https:\/\/www.telemaque-beach.com\/de\/service-ausstattung\/privatstrand\/","title":{"rendered":"Privatstrand"},"content":{"rendered":"<p style=\"text-align: center;\">Auf Djerba treffen Sonne und Meer auf eine idyllische Kulisse.<br \/>\nIm T\u00e9l\u00e9maque Beach &amp; Spa wird der Strand zu einem privilegierten Ort, um zu entspannen und den Urlaub in vollen Z\u00fcgen zu genie\u00dfen.<\/p>\n","protected":false},"excerpt":{"rendered":"<p>Auf Djerba treffen Sonne und Meer auf eine idyllische Kulisse. Im T\u00e9l\u00e9maque Beach &amp; Spa wird der Strand zu einem privilegierten Ort, um zu entspannen und den Urlaub in vollen Z\u00fcgen zu genie\u00dfen.<\/p>\n","protected":false},"author":23,"featured_media":0,"parent":309,"menu_order":8,"comment_status":"closed","ping_status":"closed","template":"template-default-2.php","meta":{"footnotes":""},"class_list":["post-303","page","type-page","status-publish","hentry"],"yoast_head":"<!-- This site is optimized with the Yoast SEO plugin v26.9 - https:\/\/yoast.com\/product\/yoast-seo-wordpress\/ -->\n<title>Privatstrand - Telemaque Djerba<\/title>\n<meta name=\"description\" content=\"Entdecken Sie unseren Beach Club in Djerba. Ein privater Sandstrand mit Strandbar in der Saison und Wassersportaktivit\u00e4ten: Kajak und Windsurfen.\" \/>\n<meta name=\"robots\" content=\"index, follow, max-snippet:-1, max-image-preview:large, max-video-preview:-1\" \/>\n<link rel=\"canonical\" href=\"https:\/\/www.telemaque-beach.com\/de\/service-ausstattung\/privatstrand\/\" \/>\n<meta property=\"og:locale\" content=\"de_DE\" \/>\n<meta property=\"og:type\" content=\"article\" \/>\n<meta property=\"og:title\" content=\"Privatstrand - Telemaque Djerba\" \/>\n<meta property=\"og:description\" content=\"Entdecken Sie unseren Beach Club in Djerba. Ein privater Sandstrand mit Strandbar in der Saison und Wassersportaktivit\u00e4ten: Kajak und Windsurfen.\" \/>\n<meta property=\"og:url\" content=\"https:\/\/www.telemaque-beach.com\/de\/service-ausstattung\/privatstrand\/\" \/>\n<meta property=\"og:site_name\" content=\"Telemaque Djerba\" \/>\n<meta property=\"article:modified_time\" content=\"2025-11-25T11:30:14+00:00\" \/>\n<meta name=\"twitter:card\" content=\"summary_large_image\" \/>\n<meta name=\"twitter:label1\" content=\"Est. reading time\" \/>\n\t<meta name=\"twitter:data1\" content=\"1\u00a0Minute\" \/>\n<script type=\"application\/ld+json\" class=\"yoast-schema-graph\">{\"@context\":\"https:\/\/schema.org\",\"@graph\":[{\"@type\":\"WebPage\",\"@id\":\"https:\/\/www.telemaque-beach.com\/de\/service-ausstattung\/privatstrand\/\",\"url\":\"https:\/\/www.telemaque-beach.com\/de\/service-ausstattung\/privatstrand\/\",\"name\":\"Privatstrand - Telemaque Djerba\",\"isPartOf\":{\"@id\":\"https:\/\/www.telemaque-beach.com\/de\/#website\"},\"datePublished\":\"2025-10-06T13:17:06+00:00\",\"dateModified\":\"2025-11-25T11:30:14+00:00\",\"description\":\"Entdecken Sie unseren Beach Club in Djerba. Ein privater Sandstrand mit Strandbar in der Saison und Wassersportaktivit\u00e4ten: Kajak und Windsurfen.\",\"breadcrumb\":{\"@id\":\"https:\/\/www.telemaque-beach.com\/de\/service-ausstattung\/privatstrand\/#breadcrumb\"},\"inLanguage\":\"de\",\"potentialAction\":[{\"@type\":\"ReadAction\",\"target\":[\"https:\/\/www.telemaque-beach.com\/de\/service-ausstattung\/privatstrand\/\"]}]},{\"@type\":\"BreadcrumbList\",\"@id\":\"https:\/\/www.telemaque-beach.com\/de\/service-ausstattung\/privatstrand\/#breadcrumb\",\"itemListElement\":[{\"@type\":\"ListItem\",\"position\":1,\"name\":\"Home\",\"item\":\"https:\/\/www.telemaque-beach.com\/de\/\"},{\"@type\":\"ListItem\",\"position\":2,\"name\":\"Service &amp; Ausstattung\",\"item\":\"https:\/\/www.telemaque-beach.com\/de\/service-ausstattung\/\"},{\"@type\":\"ListItem\",\"position\":3,\"name\":\"Privatstrand\"}]},{\"@type\":\"WebSite\",\"@id\":\"https:\/\/www.telemaque-beach.com\/de\/#website\",\"url\":\"https:\/\/www.telemaque-beach.com\/de\/\",\"name\":\"Telemaque Beach & Spa\",\"description\":\"\",\"potentialAction\":[{\"@type\":\"SearchAction\",\"target\":{\"@type\":\"EntryPoint\",\"urlTemplate\":\"https:\/\/www.telemaque-beach.com\/de\/?s={search_term_string}\"},\"query-input\":{\"@type\":\"PropertyValueSpecification\",\"valueRequired\":true,\"valueName\":\"search_term_string\"}}],\"inLanguage\":\"de\"}]}<\/script>\n<!-- \/ Yoast SEO plugin. -->","yoast_head_json":{"title":"Privatstrand - Telemaque Djerba","description":"Entdecken Sie unseren Beach Club in Djerba. Ein privater Sandstrand mit Strandbar in der Saison und Wassersportaktivit\u00e4ten: Kajak und Windsurfen.","robots":{"index":"index","follow":"follow","max-snippet":"max-snippet:-1","max-image-preview":"max-image-preview:large","max-video-preview":"max-video-preview:-1"},"canonical":"https:\/\/www.telemaque-beach.com\/de\/service-ausstattung\/privatstrand\/","og_locale":"de_DE","og_type":"article","og_title":"Privatstrand - Telemaque Djerba","og_description":"Entdecken Sie unseren Beach Club in Djerba. Ein privater Sandstrand mit Strandbar in der Saison und Wassersportaktivit\u00e4ten: Kajak und Windsurfen.","og_url":"https:\/\/www.telemaque-beach.com\/de\/service-ausstattung\/privatstrand\/","og_site_name":"Telemaque Djerba","article_modified_time":"2025-11-25T11:30:14+00:00","twitter_card":"summary_large_image","twitter_misc":{"Est. reading time":"1\u00a0Minute"},"schema":{"@context":"https:\/\/schema.org","@graph":[{"@type":"WebPage","@id":"https:\/\/www.telemaque-beach.com\/de\/service-ausstattung\/privatstrand\/","url":"https:\/\/www.telemaque-beach.com\/de\/service-ausstattung\/privatstrand\/","name":"Privatstrand - Telemaque Djerba","isPartOf":{"@id":"https:\/\/www.telemaque-beach.com\/de\/#website"},"datePublished":"2025-10-06T13:17:06+00:00","dateModified":"2025-11-25T11:30:14+00:00","description":"Entdecken Sie unseren Beach Club in Djerba. Ein privater Sandstrand mit Strandbar in der Saison und Wassersportaktivit\u00e4ten: Kajak und Windsurfen.","breadcrumb":{"@id":"https:\/\/www.telemaque-beach.com\/de\/service-ausstattung\/privatstrand\/#breadcrumb"},"inLanguage":"de","potentialAction":[{"@type":"ReadAction","target":["https:\/\/www.telemaque-beach.com\/de\/service-ausstattung\/privatstrand\/"]}]},{"@type":"BreadcrumbList","@id":"https:\/\/www.telemaque-beach.com\/de\/service-ausstattung\/privatstrand\/#breadcrumb","itemListElement":[{"@type":"ListItem","position":1,"name":"Home","item":"https:\/\/www.telemaque-beach.com\/de\/"},{"@type":"ListItem","position":2,"name":"Service &amp; Ausstattung","item":"https:\/\/www.telemaque-beach.com\/de\/service-ausstattung\/"},{"@type":"ListItem","position":3,"name":"Privatstrand"}]},{"@type":"WebSite","@id":"https:\/\/www.telemaque-beach.com\/de\/#website","url":"https:\/\/www.telemaque-beach.com\/de\/","name":"Telemaque Beach & Spa","description":"","potentialAction":[{"@type":"SearchAction","target":{"@type":"EntryPoint","urlTemplate":"https:\/\/www.telemaque-beach.com\/de\/?s={search_term_string}"},"query-input":{"@type":"PropertyValueSpecification","valueRequired":true,"valueName":"search_term_string"}}],"inLanguage":"de"}]}},"acf":[],"_links":{"self":[{"href":"https:\/\/www.telemaque-beach.com\/de\/wp-json\/wp\/v2\/pages\/303","targetHints":{"allow":["GET"]}}],"collection":[{"href":"https:\/\/www.telemaque-beach.com\/de\/wp-json\/wp\/v2\/pages"}],"about":[{"href":"https:\/\/www.telemaque-beach.com\/de\/wp-json\/wp\/v2\/types\/page"}],"author":[{"embeddable":true,"href":"https:\/\/www.telemaque-beach.com\/de\/wp-json\/wp\/v2\/users\/23"}],"replies":[{"embeddable":true,"href":"https:\/\/www.telemaque-beach.com\/de\/wp-json\/wp\/v2\/comments?post=303"}],"version-history":[{"count":0,"href":"https:\/\/www.telemaque-beach.com\/de\/wp-json\/wp\/v2\/pages\/303\/revisions"}],"up":[{"embeddable":true,"href":"https:\/\/www.telemaque-beach.com\/de\/wp-json\/wp\/v2\/pages\/309"}],"wp:attachment":[{"href":"https:\/\/www.telemaque-beach.com\/de\/wp-json\/wp\/v2\/media?parent=303"}],"curies":[{"name":"wp","href":"https:\/\/api.w.org\/{rel}","templated":true}]}}