{"id":306,"date":"2025-10-06T13:17:05","date_gmt":"2025-10-06T13:17:05","guid":{"rendered":"https:\/\/telemaquedjerba.ms3.decms.eu\/spa-balneotherapy-center\/"},"modified":"2025-11-25T11:29:01","modified_gmt":"2025-11-25T11:29:01","slug":"spa-balneotherapiezentrum","status":"publish","type":"page","link":"https:\/\/www.telemaque-beach.com\/de\/service-ausstattung\/spa-balneotherapiezentrum\/","title":{"rendered":"SPA \/ Balneotherapiezentrum"},"content":{"rendered":"<p style=\"text-align: center;\">Das T\u00e9l\u00e9maque Beach &amp; Spa ist auch ein Ort der Ruhe mit einem speziell f\u00fcr Wellness und Entspannung gestalteten Bereich.<br \/>\nUnser <strong>Hotel mit Spa auf Djerba<\/strong> verspricht ein umfassendes Entspannungserlebnis, bei dem Sie neue Energie tanken und den Alltagsstress vergessen k\u00f6nnen.<br \/>\nZwischen entspannenden Behandlungen, Regenerationsritualen und beruhigender Atmosph\u00e4re wird jeder Besuch in unserem Spa zu einer Einladung, sich selbst etwas Gutes zu tun (Leistungen gegen Aufpreis, nicht im All-Inclusive-Paket enthalten).<\/p>\n","protected":false},"excerpt":{"rendered":"<p>Das T\u00e9l\u00e9maque Beach &amp; Spa ist auch ein Ort der Ruhe mit einem speziell f\u00fcr Wellness und Entspannung gestalteten Bereich. Unser Hotel mit Spa auf Djerba verspricht ein umfassendes Entspannungserlebnis, bei dem Sie neue Energie tanken und den Alltagsstress vergessen k\u00f6nnen. Zwischen entspannenden Behandlungen, Regenerationsritualen und beruhigender Atmosph\u00e4re wird jeder Besuch in unserem Spa zu [&hellip;]<\/p>\n","protected":false},"author":23,"featured_media":0,"parent":309,"menu_order":0,"comment_status":"closed","ping_status":"closed","template":"template-default-2.php","meta":{"footnotes":""},"class_list":["post-306","page","type-page","status-publish","hentry"],"yoast_head":"<!-- This site is optimized with the Yoast SEO plugin v26.9 - https:\/\/yoast.com\/product\/yoast-seo-wordpress\/ -->\n<title>SPA \/ Balneotherapiezentrum - Telemaque Djerba<\/title>\n<meta name=\"description\" content=\"Entspannen Sie sich in unserem Hotel mit Spa in Djerba. Nutzen Sie unser modernes Balneotherapiezentrum mit Hammam, Whirlpool und entspannenden Massagen (nach Voranmeldung).\" \/>\n<meta name=\"robots\" content=\"index, follow, max-snippet:-1, max-image-preview:large, max-video-preview:-1\" \/>\n<link rel=\"canonical\" href=\"https:\/\/www.telemaque-beach.com\/de\/service-ausstattung\/spa-balneotherapiezentrum\/\" \/>\n<meta property=\"og:locale\" content=\"de_DE\" \/>\n<meta property=\"og:type\" content=\"article\" \/>\n<meta property=\"og:title\" content=\"SPA \/ Balneotherapiezentrum - Telemaque Djerba\" \/>\n<meta property=\"og:description\" content=\"Entspannen Sie sich in unserem Hotel mit Spa in Djerba. Nutzen Sie unser modernes Balneotherapiezentrum mit Hammam, Whirlpool und entspannenden Massagen (nach Voranmeldung).\" \/>\n<meta property=\"og:url\" content=\"https:\/\/www.telemaque-beach.com\/de\/service-ausstattung\/spa-balneotherapiezentrum\/\" \/>\n<meta property=\"og:site_name\" content=\"Telemaque Djerba\" \/>\n<meta property=\"article:modified_time\" content=\"2025-11-25T11:29:01+00:00\" \/>\n<meta name=\"twitter:card\" content=\"summary_large_image\" \/>\n<meta name=\"twitter:label1\" content=\"Est. reading time\" \/>\n\t<meta name=\"twitter:data1\" content=\"1\u00a0Minute\" \/>\n<script type=\"application\/ld+json\" class=\"yoast-schema-graph\">{\"@context\":\"https:\/\/schema.org\",\"@graph\":[{\"@type\":\"WebPage\",\"@id\":\"https:\/\/www.telemaque-beach.com\/de\/service-ausstattung\/spa-balneotherapiezentrum\/\",\"url\":\"https:\/\/www.telemaque-beach.com\/de\/service-ausstattung\/spa-balneotherapiezentrum\/\",\"name\":\"SPA \/ Balneotherapiezentrum - Telemaque Djerba\",\"isPartOf\":{\"@id\":\"https:\/\/www.telemaque-beach.com\/de\/#website\"},\"datePublished\":\"2025-10-06T13:17:05+00:00\",\"dateModified\":\"2025-11-25T11:29:01+00:00\",\"description\":\"Entspannen Sie sich in unserem Hotel mit Spa in Djerba. Nutzen Sie unser modernes Balneotherapiezentrum mit Hammam, Whirlpool und entspannenden Massagen (nach Voranmeldung).\",\"breadcrumb\":{\"@id\":\"https:\/\/www.telemaque-beach.com\/de\/service-ausstattung\/spa-balneotherapiezentrum\/#breadcrumb\"},\"inLanguage\":\"de\",\"potentialAction\":[{\"@type\":\"ReadAction\",\"target\":[\"https:\/\/www.telemaque-beach.com\/de\/service-ausstattung\/spa-balneotherapiezentrum\/\"]}]},{\"@type\":\"BreadcrumbList\",\"@id\":\"https:\/\/www.telemaque-beach.com\/de\/service-ausstattung\/spa-balneotherapiezentrum\/#breadcrumb\",\"itemListElement\":[{\"@type\":\"ListItem\",\"position\":1,\"name\":\"Home\",\"item\":\"https:\/\/www.telemaque-beach.com\/de\/\"},{\"@type\":\"ListItem\",\"position\":2,\"name\":\"Service &amp; Ausstattung\",\"item\":\"https:\/\/www.telemaque-beach.com\/de\/service-ausstattung\/\"},{\"@type\":\"ListItem\",\"position\":3,\"name\":\"SPA \/ Balneotherapiezentrum\"}]},{\"@type\":\"WebSite\",\"@id\":\"https:\/\/www.telemaque-beach.com\/de\/#website\",\"url\":\"https:\/\/www.telemaque-beach.com\/de\/\",\"name\":\"Telemaque Beach & Spa\",\"description\":\"\",\"potentialAction\":[{\"@type\":\"SearchAction\",\"target\":{\"@type\":\"EntryPoint\",\"urlTemplate\":\"https:\/\/www.telemaque-beach.com\/de\/?s={search_term_string}\"},\"query-input\":{\"@type\":\"PropertyValueSpecification\",\"valueRequired\":true,\"valueName\":\"search_term_string\"}}],\"inLanguage\":\"de\"}]}<\/script>\n<!-- \/ Yoast SEO plugin. -->","yoast_head_json":{"title":"SPA \/ Balneotherapiezentrum - Telemaque Djerba","description":"Entspannen Sie sich in unserem Hotel mit Spa in Djerba. Nutzen Sie unser modernes Balneotherapiezentrum mit Hammam, Whirlpool und entspannenden Massagen (nach Voranmeldung).","robots":{"index":"index","follow":"follow","max-snippet":"max-snippet:-1","max-image-preview":"max-image-preview:large","max-video-preview":"max-video-preview:-1"},"canonical":"https:\/\/www.telemaque-beach.com\/de\/service-ausstattung\/spa-balneotherapiezentrum\/","og_locale":"de_DE","og_type":"article","og_title":"SPA \/ Balneotherapiezentrum - Telemaque Djerba","og_description":"Entspannen Sie sich in unserem Hotel mit Spa in Djerba. Nutzen Sie unser modernes Balneotherapiezentrum mit Hammam, Whirlpool und entspannenden Massagen (nach Voranmeldung).","og_url":"https:\/\/www.telemaque-beach.com\/de\/service-ausstattung\/spa-balneotherapiezentrum\/","og_site_name":"Telemaque Djerba","article_modified_time":"2025-11-25T11:29:01+00:00","twitter_card":"summary_large_image","twitter_misc":{"Est. reading time":"1\u00a0Minute"},"schema":{"@context":"https:\/\/schema.org","@graph":[{"@type":"WebPage","@id":"https:\/\/www.telemaque-beach.com\/de\/service-ausstattung\/spa-balneotherapiezentrum\/","url":"https:\/\/www.telemaque-beach.com\/de\/service-ausstattung\/spa-balneotherapiezentrum\/","name":"SPA \/ Balneotherapiezentrum - Telemaque Djerba","isPartOf":{"@id":"https:\/\/www.telemaque-beach.com\/de\/#website"},"datePublished":"2025-10-06T13:17:05+00:00","dateModified":"2025-11-25T11:29:01+00:00","description":"Entspannen Sie sich in unserem Hotel mit Spa in Djerba. Nutzen Sie unser modernes Balneotherapiezentrum mit Hammam, Whirlpool und entspannenden Massagen (nach Voranmeldung).","breadcrumb":{"@id":"https:\/\/www.telemaque-beach.com\/de\/service-ausstattung\/spa-balneotherapiezentrum\/#breadcrumb"},"inLanguage":"de","potentialAction":[{"@type":"ReadAction","target":["https:\/\/www.telemaque-beach.com\/de\/service-ausstattung\/spa-balneotherapiezentrum\/"]}]},{"@type":"BreadcrumbList","@id":"https:\/\/www.telemaque-beach.com\/de\/service-ausstattung\/spa-balneotherapiezentrum\/#breadcrumb","itemListElement":[{"@type":"ListItem","position":1,"name":"Home","item":"https:\/\/www.telemaque-beach.com\/de\/"},{"@type":"ListItem","position":2,"name":"Service &amp; Ausstattung","item":"https:\/\/www.telemaque-beach.com\/de\/service-ausstattung\/"},{"@type":"ListItem","position":3,"name":"SPA \/ Balneotherapiezentrum"}]},{"@type":"WebSite","@id":"https:\/\/www.telemaque-beach.com\/de\/#website","url":"https:\/\/www.telemaque-beach.com\/de\/","name":"Telemaque Beach & Spa","description":"","potentialAction":[{"@type":"SearchAction","target":{"@type":"EntryPoint","urlTemplate":"https:\/\/www.telemaque-beach.com\/de\/?s={search_term_string}"},"query-input":{"@type":"PropertyValueSpecification","valueRequired":true,"valueName":"search_term_string"}}],"inLanguage":"de"}]}},"acf":[],"_links":{"self":[{"href":"https:\/\/www.telemaque-beach.com\/de\/wp-json\/wp\/v2\/pages\/306","targetHints":{"allow":["GET"]}}],"collection":[{"href":"https:\/\/www.telemaque-beach.com\/de\/wp-json\/wp\/v2\/pages"}],"about":[{"href":"https:\/\/www.telemaque-beach.com\/de\/wp-json\/wp\/v2\/types\/page"}],"author":[{"embeddable":true,"href":"https:\/\/www.telemaque-beach.com\/de\/wp-json\/wp\/v2\/users\/23"}],"replies":[{"embeddable":true,"href":"https:\/\/www.telemaque-beach.com\/de\/wp-json\/wp\/v2\/comments?post=306"}],"version-history":[{"count":0,"href":"https:\/\/www.telemaque-beach.com\/de\/wp-json\/wp\/v2\/pages\/306\/revisions"}],"up":[{"embeddable":true,"href":"https:\/\/www.telemaque-beach.com\/de\/wp-json\/wp\/v2\/pages\/309"}],"wp:attachment":[{"href":"https:\/\/www.telemaque-beach.com\/de\/wp-json\/wp\/v2\/media?parent=306"}],"curies":[{"name":"wp","href":"https:\/\/api.w.org\/{rel}","templated":true}]}}