{"id":307,"date":"2025-10-06T13:17:05","date_gmt":"2025-10-06T13:17:05","guid":{"rendered":"https:\/\/telemaquedjerba.ms3.decms.eu\/mini-golf\/"},"modified":"2025-11-25T11:29:30","modified_gmt":"2025-11-25T11:29:30","slug":"minigolf","status":"publish","type":"page","link":"https:\/\/www.telemaque-beach.com\/de\/service-ausstattung\/minigolf\/","title":{"rendered":"Minigolf"},"content":{"rendered":"<p style=\"text-align: center;\">Ideal, um sch\u00f6ne Momente mit der Familie zu teilen, ist unser kostenloses Minigolf die perfekte Aktivit\u00e4t, um Kinder und Erwachsene zusammenzubringen.<br \/>\nDer freundschaftliche Wettkampf um den Parcours wird zu einer Gelegenheit, zu lachen, sich spielerisch zu messen und gemeinsame Erinnerungen zu schaffen.<\/p>\n","protected":false},"excerpt":{"rendered":"<p>Ideal, um sch\u00f6ne Momente mit der Familie zu teilen, ist unser kostenloses Minigolf die perfekte Aktivit\u00e4t, um Kinder und Erwachsene zusammenzubringen. Der freundschaftliche Wettkampf um den Parcours wird zu einer Gelegenheit, zu lachen, sich spielerisch zu messen und gemeinsame Erinnerungen zu schaffen.<\/p>\n","protected":false},"author":23,"featured_media":0,"parent":309,"menu_order":4,"comment_status":"closed","ping_status":"closed","template":"template-default-2.php","meta":{"footnotes":""},"class_list":["post-307","page","type-page","status-publish","hentry"],"yoast_head":"<!-- This site is optimized with the Yoast SEO plugin v26.9 - https:\/\/yoast.com\/product\/yoast-seo-wordpress\/ -->\n<title>Minigolf - Telemaque Djerba<\/title>\n<meta name=\"description\" content=\"Minigolf geh\u00f6rt zu unseren Tagesaktivit\u00e4ten. Testen Sie Ihr K\u00f6nnen und verbringen Sie einen geselligen Moment mit Familie oder Freunden.\" \/>\n<meta name=\"robots\" content=\"index, follow, max-snippet:-1, max-image-preview:large, max-video-preview:-1\" \/>\n<link rel=\"canonical\" href=\"https:\/\/www.telemaque-beach.com\/de\/service-ausstattung\/minigolf\/\" \/>\n<meta property=\"og:locale\" content=\"de_DE\" \/>\n<meta property=\"og:type\" content=\"article\" \/>\n<meta property=\"og:title\" content=\"Minigolf - Telemaque Djerba\" \/>\n<meta property=\"og:description\" content=\"Minigolf geh\u00f6rt zu unseren Tagesaktivit\u00e4ten. Testen Sie Ihr K\u00f6nnen und verbringen Sie einen geselligen Moment mit Familie oder Freunden.\" \/>\n<meta property=\"og:url\" content=\"https:\/\/www.telemaque-beach.com\/de\/service-ausstattung\/minigolf\/\" \/>\n<meta property=\"og:site_name\" content=\"Telemaque Djerba\" \/>\n<meta property=\"article:modified_time\" content=\"2025-11-25T11:29:30+00:00\" \/>\n<meta name=\"twitter:card\" content=\"summary_large_image\" \/>\n<meta name=\"twitter:label1\" content=\"Est. reading time\" \/>\n\t<meta name=\"twitter:data1\" content=\"1\u00a0Minute\" \/>\n<script type=\"application\/ld+json\" class=\"yoast-schema-graph\">{\"@context\":\"https:\/\/schema.org\",\"@graph\":[{\"@type\":\"WebPage\",\"@id\":\"https:\/\/www.telemaque-beach.com\/de\/service-ausstattung\/minigolf\/\",\"url\":\"https:\/\/www.telemaque-beach.com\/de\/service-ausstattung\/minigolf\/\",\"name\":\"Minigolf - Telemaque Djerba\",\"isPartOf\":{\"@id\":\"https:\/\/www.telemaque-beach.com\/de\/#website\"},\"datePublished\":\"2025-10-06T13:17:05+00:00\",\"dateModified\":\"2025-11-25T11:29:30+00:00\",\"description\":\"Minigolf geh\u00f6rt zu unseren Tagesaktivit\u00e4ten. Testen Sie Ihr K\u00f6nnen und verbringen Sie einen geselligen Moment mit Familie oder Freunden.\",\"breadcrumb\":{\"@id\":\"https:\/\/www.telemaque-beach.com\/de\/service-ausstattung\/minigolf\/#breadcrumb\"},\"inLanguage\":\"de\",\"potentialAction\":[{\"@type\":\"ReadAction\",\"target\":[\"https:\/\/www.telemaque-beach.com\/de\/service-ausstattung\/minigolf\/\"]}]},{\"@type\":\"BreadcrumbList\",\"@id\":\"https:\/\/www.telemaque-beach.com\/de\/service-ausstattung\/minigolf\/#breadcrumb\",\"itemListElement\":[{\"@type\":\"ListItem\",\"position\":1,\"name\":\"Home\",\"item\":\"https:\/\/www.telemaque-beach.com\/de\/\"},{\"@type\":\"ListItem\",\"position\":2,\"name\":\"Service &amp; Ausstattung\",\"item\":\"https:\/\/www.telemaque-beach.com\/de\/service-ausstattung\/\"},{\"@type\":\"ListItem\",\"position\":3,\"name\":\"Minigolf\"}]},{\"@type\":\"WebSite\",\"@id\":\"https:\/\/www.telemaque-beach.com\/de\/#website\",\"url\":\"https:\/\/www.telemaque-beach.com\/de\/\",\"name\":\"Telemaque Beach & Spa\",\"description\":\"\",\"potentialAction\":[{\"@type\":\"SearchAction\",\"target\":{\"@type\":\"EntryPoint\",\"urlTemplate\":\"https:\/\/www.telemaque-beach.com\/de\/?s={search_term_string}\"},\"query-input\":{\"@type\":\"PropertyValueSpecification\",\"valueRequired\":true,\"valueName\":\"search_term_string\"}}],\"inLanguage\":\"de\"}]}<\/script>\n<!-- \/ Yoast SEO plugin. -->","yoast_head_json":{"title":"Minigolf - Telemaque Djerba","description":"Minigolf geh\u00f6rt zu unseren Tagesaktivit\u00e4ten. Testen Sie Ihr K\u00f6nnen und verbringen Sie einen geselligen Moment mit Familie oder Freunden.","robots":{"index":"index","follow":"follow","max-snippet":"max-snippet:-1","max-image-preview":"max-image-preview:large","max-video-preview":"max-video-preview:-1"},"canonical":"https:\/\/www.telemaque-beach.com\/de\/service-ausstattung\/minigolf\/","og_locale":"de_DE","og_type":"article","og_title":"Minigolf - Telemaque Djerba","og_description":"Minigolf geh\u00f6rt zu unseren Tagesaktivit\u00e4ten. Testen Sie Ihr K\u00f6nnen und verbringen Sie einen geselligen Moment mit Familie oder Freunden.","og_url":"https:\/\/www.telemaque-beach.com\/de\/service-ausstattung\/minigolf\/","og_site_name":"Telemaque Djerba","article_modified_time":"2025-11-25T11:29:30+00:00","twitter_card":"summary_large_image","twitter_misc":{"Est. reading time":"1\u00a0Minute"},"schema":{"@context":"https:\/\/schema.org","@graph":[{"@type":"WebPage","@id":"https:\/\/www.telemaque-beach.com\/de\/service-ausstattung\/minigolf\/","url":"https:\/\/www.telemaque-beach.com\/de\/service-ausstattung\/minigolf\/","name":"Minigolf - Telemaque Djerba","isPartOf":{"@id":"https:\/\/www.telemaque-beach.com\/de\/#website"},"datePublished":"2025-10-06T13:17:05+00:00","dateModified":"2025-11-25T11:29:30+00:00","description":"Minigolf geh\u00f6rt zu unseren Tagesaktivit\u00e4ten. Testen Sie Ihr K\u00f6nnen und verbringen Sie einen geselligen Moment mit Familie oder Freunden.","breadcrumb":{"@id":"https:\/\/www.telemaque-beach.com\/de\/service-ausstattung\/minigolf\/#breadcrumb"},"inLanguage":"de","potentialAction":[{"@type":"ReadAction","target":["https:\/\/www.telemaque-beach.com\/de\/service-ausstattung\/minigolf\/"]}]},{"@type":"BreadcrumbList","@id":"https:\/\/www.telemaque-beach.com\/de\/service-ausstattung\/minigolf\/#breadcrumb","itemListElement":[{"@type":"ListItem","position":1,"name":"Home","item":"https:\/\/www.telemaque-beach.com\/de\/"},{"@type":"ListItem","position":2,"name":"Service &amp; Ausstattung","item":"https:\/\/www.telemaque-beach.com\/de\/service-ausstattung\/"},{"@type":"ListItem","position":3,"name":"Minigolf"}]},{"@type":"WebSite","@id":"https:\/\/www.telemaque-beach.com\/de\/#website","url":"https:\/\/www.telemaque-beach.com\/de\/","name":"Telemaque Beach & Spa","description":"","potentialAction":[{"@type":"SearchAction","target":{"@type":"EntryPoint","urlTemplate":"https:\/\/www.telemaque-beach.com\/de\/?s={search_term_string}"},"query-input":{"@type":"PropertyValueSpecification","valueRequired":true,"valueName":"search_term_string"}}],"inLanguage":"de"}]}},"acf":[],"_links":{"self":[{"href":"https:\/\/www.telemaque-beach.com\/de\/wp-json\/wp\/v2\/pages\/307","targetHints":{"allow":["GET"]}}],"collection":[{"href":"https:\/\/www.telemaque-beach.com\/de\/wp-json\/wp\/v2\/pages"}],"about":[{"href":"https:\/\/www.telemaque-beach.com\/de\/wp-json\/wp\/v2\/types\/page"}],"author":[{"embeddable":true,"href":"https:\/\/www.telemaque-beach.com\/de\/wp-json\/wp\/v2\/users\/23"}],"replies":[{"embeddable":true,"href":"https:\/\/www.telemaque-beach.com\/de\/wp-json\/wp\/v2\/comments?post=307"}],"version-history":[{"count":0,"href":"https:\/\/www.telemaque-beach.com\/de\/wp-json\/wp\/v2\/pages\/307\/revisions"}],"up":[{"embeddable":true,"href":"https:\/\/www.telemaque-beach.com\/de\/wp-json\/wp\/v2\/pages\/309"}],"wp:attachment":[{"href":"https:\/\/www.telemaque-beach.com\/de\/wp-json\/wp\/v2\/media?parent=307"}],"curies":[{"name":"wp","href":"https:\/\/api.w.org\/{rel}","templated":true}]}}