{"id":308,"date":"2025-10-06T13:17:05","date_gmt":"2025-10-06T13:17:05","guid":{"rendered":"https:\/\/telemaquedjerba.ms3.decms.eu\/mini-club\/"},"modified":"2025-11-25T11:29:09","modified_gmt":"2025-11-25T11:29:09","slug":"kinderclub","status":"publish","type":"page","link":"https:\/\/www.telemaque-beach.com\/de\/service-ausstattung\/kinderclub\/","title":{"rendered":"Kinderclub"},"content":{"rendered":"<p style=\"text-align: center;\">Im T\u00e9l\u00e9maque Beach &amp; Spa kommen Kinder und Jugendliche den ganzen Tag \u00fcber auf ihre Kosten!<br \/>\nUnser <strong>Hotel mit Kinderclub auf Djerba<\/strong> empf\u00e4ngt Kinder im Alter von 4 bis 12 Jahren, 6 Tage die Woche, von 10:00 bis 12:00 Uhr und von 15:00 bis 17:30 Uhr.<\/p>\n","protected":false},"excerpt":{"rendered":"<p>Im T\u00e9l\u00e9maque Beach &amp; Spa kommen Kinder und Jugendliche den ganzen Tag \u00fcber auf ihre Kosten! Unser Hotel mit Kinderclub auf Djerba empf\u00e4ngt Kinder im Alter von 4 bis 12 Jahren, 6 Tage die Woche, von 10:00 bis 12:00 Uhr und von 15:00 bis 17:30 Uhr.<\/p>\n","protected":false},"author":23,"featured_media":0,"parent":309,"menu_order":1,"comment_status":"closed","ping_status":"closed","template":"template-default-2.php","meta":{"footnotes":""},"class_list":["post-308","page","type-page","status-publish","hentry"],"yoast_head":"<!-- This site is optimized with the Yoast SEO plugin v26.9 - https:\/\/yoast.com\/product\/yoast-seo-wordpress\/ -->\n<title>Kinderclub - Telemaque Djerba<\/title>\n<meta name=\"description\" content=\"Der Miniclub unseres Hotels in Djerba ist wie geschaffen f\u00fcr Kinder! Spiele, internationale Animationen und ein eigener Spielplatz erwarten die 4- bis 12-J\u00e4hrigen.\" \/>\n<meta name=\"robots\" content=\"index, follow, max-snippet:-1, max-image-preview:large, max-video-preview:-1\" \/>\n<link rel=\"canonical\" href=\"https:\/\/www.telemaque-beach.com\/de\/service-ausstattung\/kinderclub\/\" \/>\n<meta property=\"og:locale\" content=\"de_DE\" \/>\n<meta property=\"og:type\" content=\"article\" \/>\n<meta property=\"og:title\" content=\"Kinderclub - Telemaque Djerba\" \/>\n<meta property=\"og:description\" content=\"Der Miniclub unseres Hotels in Djerba ist wie geschaffen f\u00fcr Kinder! Spiele, internationale Animationen und ein eigener Spielplatz erwarten die 4- bis 12-J\u00e4hrigen.\" \/>\n<meta property=\"og:url\" content=\"https:\/\/www.telemaque-beach.com\/de\/service-ausstattung\/kinderclub\/\" \/>\n<meta property=\"og:site_name\" content=\"Telemaque Djerba\" \/>\n<meta property=\"article:modified_time\" content=\"2025-11-25T11:29:09+00:00\" \/>\n<meta name=\"twitter:card\" content=\"summary_large_image\" \/>\n<meta name=\"twitter:label1\" content=\"Est. reading time\" \/>\n\t<meta name=\"twitter:data1\" content=\"1\u00a0Minute\" \/>\n<script type=\"application\/ld+json\" class=\"yoast-schema-graph\">{\"@context\":\"https:\/\/schema.org\",\"@graph\":[{\"@type\":\"WebPage\",\"@id\":\"https:\/\/www.telemaque-beach.com\/de\/service-ausstattung\/kinderclub\/\",\"url\":\"https:\/\/www.telemaque-beach.com\/de\/service-ausstattung\/kinderclub\/\",\"name\":\"Kinderclub - Telemaque Djerba\",\"isPartOf\":{\"@id\":\"https:\/\/www.telemaque-beach.com\/de\/#website\"},\"datePublished\":\"2025-10-06T13:17:05+00:00\",\"dateModified\":\"2025-11-25T11:29:09+00:00\",\"description\":\"Der Miniclub unseres Hotels in Djerba ist wie geschaffen f\u00fcr Kinder! Spiele, internationale Animationen und ein eigener Spielplatz erwarten die 4- bis 12-J\u00e4hrigen.\",\"breadcrumb\":{\"@id\":\"https:\/\/www.telemaque-beach.com\/de\/service-ausstattung\/kinderclub\/#breadcrumb\"},\"inLanguage\":\"de\",\"potentialAction\":[{\"@type\":\"ReadAction\",\"target\":[\"https:\/\/www.telemaque-beach.com\/de\/service-ausstattung\/kinderclub\/\"]}]},{\"@type\":\"BreadcrumbList\",\"@id\":\"https:\/\/www.telemaque-beach.com\/de\/service-ausstattung\/kinderclub\/#breadcrumb\",\"itemListElement\":[{\"@type\":\"ListItem\",\"position\":1,\"name\":\"Home\",\"item\":\"https:\/\/www.telemaque-beach.com\/de\/\"},{\"@type\":\"ListItem\",\"position\":2,\"name\":\"Service &amp; Ausstattung\",\"item\":\"https:\/\/www.telemaque-beach.com\/de\/service-ausstattung\/\"},{\"@type\":\"ListItem\",\"position\":3,\"name\":\"Kinderclub\"}]},{\"@type\":\"WebSite\",\"@id\":\"https:\/\/www.telemaque-beach.com\/de\/#website\",\"url\":\"https:\/\/www.telemaque-beach.com\/de\/\",\"name\":\"Telemaque Beach & Spa\",\"description\":\"\",\"potentialAction\":[{\"@type\":\"SearchAction\",\"target\":{\"@type\":\"EntryPoint\",\"urlTemplate\":\"https:\/\/www.telemaque-beach.com\/de\/?s={search_term_string}\"},\"query-input\":{\"@type\":\"PropertyValueSpecification\",\"valueRequired\":true,\"valueName\":\"search_term_string\"}}],\"inLanguage\":\"de\"}]}<\/script>\n<!-- \/ Yoast SEO plugin. -->","yoast_head_json":{"title":"Kinderclub - Telemaque Djerba","description":"Der Miniclub unseres Hotels in Djerba ist wie geschaffen f\u00fcr Kinder! Spiele, internationale Animationen und ein eigener Spielplatz erwarten die 4- bis 12-J\u00e4hrigen.","robots":{"index":"index","follow":"follow","max-snippet":"max-snippet:-1","max-image-preview":"max-image-preview:large","max-video-preview":"max-video-preview:-1"},"canonical":"https:\/\/www.telemaque-beach.com\/de\/service-ausstattung\/kinderclub\/","og_locale":"de_DE","og_type":"article","og_title":"Kinderclub - Telemaque Djerba","og_description":"Der Miniclub unseres Hotels in Djerba ist wie geschaffen f\u00fcr Kinder! Spiele, internationale Animationen und ein eigener Spielplatz erwarten die 4- bis 12-J\u00e4hrigen.","og_url":"https:\/\/www.telemaque-beach.com\/de\/service-ausstattung\/kinderclub\/","og_site_name":"Telemaque Djerba","article_modified_time":"2025-11-25T11:29:09+00:00","twitter_card":"summary_large_image","twitter_misc":{"Est. reading time":"1\u00a0Minute"},"schema":{"@context":"https:\/\/schema.org","@graph":[{"@type":"WebPage","@id":"https:\/\/www.telemaque-beach.com\/de\/service-ausstattung\/kinderclub\/","url":"https:\/\/www.telemaque-beach.com\/de\/service-ausstattung\/kinderclub\/","name":"Kinderclub - Telemaque Djerba","isPartOf":{"@id":"https:\/\/www.telemaque-beach.com\/de\/#website"},"datePublished":"2025-10-06T13:17:05+00:00","dateModified":"2025-11-25T11:29:09+00:00","description":"Der Miniclub unseres Hotels in Djerba ist wie geschaffen f\u00fcr Kinder! Spiele, internationale Animationen und ein eigener Spielplatz erwarten die 4- bis 12-J\u00e4hrigen.","breadcrumb":{"@id":"https:\/\/www.telemaque-beach.com\/de\/service-ausstattung\/kinderclub\/#breadcrumb"},"inLanguage":"de","potentialAction":[{"@type":"ReadAction","target":["https:\/\/www.telemaque-beach.com\/de\/service-ausstattung\/kinderclub\/"]}]},{"@type":"BreadcrumbList","@id":"https:\/\/www.telemaque-beach.com\/de\/service-ausstattung\/kinderclub\/#breadcrumb","itemListElement":[{"@type":"ListItem","position":1,"name":"Home","item":"https:\/\/www.telemaque-beach.com\/de\/"},{"@type":"ListItem","position":2,"name":"Service &amp; Ausstattung","item":"https:\/\/www.telemaque-beach.com\/de\/service-ausstattung\/"},{"@type":"ListItem","position":3,"name":"Kinderclub"}]},{"@type":"WebSite","@id":"https:\/\/www.telemaque-beach.com\/de\/#website","url":"https:\/\/www.telemaque-beach.com\/de\/","name":"Telemaque Beach & Spa","description":"","potentialAction":[{"@type":"SearchAction","target":{"@type":"EntryPoint","urlTemplate":"https:\/\/www.telemaque-beach.com\/de\/?s={search_term_string}"},"query-input":{"@type":"PropertyValueSpecification","valueRequired":true,"valueName":"search_term_string"}}],"inLanguage":"de"}]}},"acf":[],"_links":{"self":[{"href":"https:\/\/www.telemaque-beach.com\/de\/wp-json\/wp\/v2\/pages\/308","targetHints":{"allow":["GET"]}}],"collection":[{"href":"https:\/\/www.telemaque-beach.com\/de\/wp-json\/wp\/v2\/pages"}],"about":[{"href":"https:\/\/www.telemaque-beach.com\/de\/wp-json\/wp\/v2\/types\/page"}],"author":[{"embeddable":true,"href":"https:\/\/www.telemaque-beach.com\/de\/wp-json\/wp\/v2\/users\/23"}],"replies":[{"embeddable":true,"href":"https:\/\/www.telemaque-beach.com\/de\/wp-json\/wp\/v2\/comments?post=308"}],"version-history":[{"count":0,"href":"https:\/\/www.telemaque-beach.com\/de\/wp-json\/wp\/v2\/pages\/308\/revisions"}],"up":[{"embeddable":true,"href":"https:\/\/www.telemaque-beach.com\/de\/wp-json\/wp\/v2\/pages\/309"}],"wp:attachment":[{"href":"https:\/\/www.telemaque-beach.com\/de\/wp-json\/wp\/v2\/media?parent=308"}],"curies":[{"name":"wp","href":"https:\/\/api.w.org\/{rel}","templated":true}]}}