{"id":309,"date":"2025-10-06T13:15:44","date_gmt":"2025-10-06T13:15:44","guid":{"rendered":"https:\/\/telemaquedjerba.ms3.decms.eu\/services-equipment\/"},"modified":"2025-11-25T11:28:40","modified_gmt":"2025-11-25T11:28:40","slug":"service-ausstattung","status":"publish","type":"page","link":"https:\/\/www.telemaque-beach.com\/de\/service-ausstattung\/","title":{"rendered":"Service &amp; Ausstattung"},"content":{"rendered":"<p style=\"text-align: center;\">Das <b>T\u00e9l\u00e9maque Beach &amp; Spa<\/b> bietet eine Vielzahl von <b>Serviceleistungen<\/b>, um Ihren Aufenthalt <b>unvergesslich und praktisch<\/b> zu gestalten \u2013 alles direkt im Hotel verf\u00fcgbar.<br \/>\nAlles ist darauf ausgerichtet, <b>Komfort und Entspannung<\/b> in einem <b>4-Sterne-Strandambiente<\/b> zu vereinen.<\/p>\n","protected":false},"excerpt":{"rendered":"<p>Das T\u00e9l\u00e9maque Beach &amp; Spa bietet eine Vielzahl von Serviceleistungen, um Ihren Aufenthalt unvergesslich und praktisch zu gestalten \u2013 alles direkt im Hotel verf\u00fcgbar. Alles ist darauf ausgerichtet, Komfort und Entspannung in einem 4-Sterne-Strandambiente zu vereinen.<\/p>\n","protected":false},"author":23,"featured_media":0,"parent":0,"menu_order":3,"comment_status":"closed","ping_status":"closed","template":"template-services.php","meta":{"footnotes":""},"class_list":["post-309","page","type-page","status-publish","hentry"],"yoast_head":"<!-- This site is optimized with the Yoast SEO plugin v26.9 - https:\/\/yoast.com\/product\/yoast-seo-wordpress\/ -->\n<title>Service &amp; Ausstattung - Telemaque Djerba<\/title>\n<meta name=\"description\" content=\"Genie\u00dfen Sie f\u00fcr einen unbeschwerten Aufenthalt unsere Dienstleistungen und Einrichtungen: Flughafentransfer auf Anfrage, Autovermietung, gro\u00dfz\u00fcgige Parkpl\u00e4tze und Gep\u00e4ckaufbewahrung.\" \/>\n<meta name=\"robots\" content=\"index, follow, max-snippet:-1, max-image-preview:large, max-video-preview:-1\" \/>\n<link rel=\"canonical\" href=\"https:\/\/www.telemaque-beach.com\/de\/service-ausstattung\/\" \/>\n<meta property=\"og:locale\" content=\"de_DE\" \/>\n<meta property=\"og:type\" content=\"article\" \/>\n<meta property=\"og:title\" content=\"Service &amp; Ausstattung - Telemaque Djerba\" \/>\n<meta property=\"og:description\" content=\"Genie\u00dfen Sie f\u00fcr einen unbeschwerten Aufenthalt unsere Dienstleistungen und Einrichtungen: Flughafentransfer auf Anfrage, Autovermietung, gro\u00dfz\u00fcgige Parkpl\u00e4tze und Gep\u00e4ckaufbewahrung.\" \/>\n<meta property=\"og:url\" content=\"https:\/\/www.telemaque-beach.com\/de\/service-ausstattung\/\" \/>\n<meta property=\"og:site_name\" content=\"Telemaque Djerba\" \/>\n<meta property=\"article:modified_time\" content=\"2025-11-25T11:28:40+00:00\" \/>\n<meta name=\"twitter:card\" content=\"summary_large_image\" \/>\n<meta name=\"twitter:label1\" content=\"Est. reading time\" \/>\n\t<meta name=\"twitter:data1\" content=\"1\u00a0Minute\" \/>\n<script type=\"application\/ld+json\" class=\"yoast-schema-graph\">{\"@context\":\"https:\/\/schema.org\",\"@graph\":[{\"@type\":\"WebPage\",\"@id\":\"https:\/\/www.telemaque-beach.com\/de\/service-ausstattung\/\",\"url\":\"https:\/\/www.telemaque-beach.com\/de\/service-ausstattung\/\",\"name\":\"Service &amp; Ausstattung - Telemaque Djerba\",\"isPartOf\":{\"@id\":\"https:\/\/www.telemaque-beach.com\/de\/#website\"},\"datePublished\":\"2025-10-06T13:15:44+00:00\",\"dateModified\":\"2025-11-25T11:28:40+00:00\",\"description\":\"Genie\u00dfen Sie f\u00fcr einen unbeschwerten Aufenthalt unsere Dienstleistungen und Einrichtungen: Flughafentransfer auf Anfrage, Autovermietung, gro\u00dfz\u00fcgige Parkpl\u00e4tze und Gep\u00e4ckaufbewahrung.\",\"breadcrumb\":{\"@id\":\"https:\/\/www.telemaque-beach.com\/de\/service-ausstattung\/#breadcrumb\"},\"inLanguage\":\"de\",\"potentialAction\":[{\"@type\":\"ReadAction\",\"target\":[\"https:\/\/www.telemaque-beach.com\/de\/service-ausstattung\/\"]}]},{\"@type\":\"BreadcrumbList\",\"@id\":\"https:\/\/www.telemaque-beach.com\/de\/service-ausstattung\/#breadcrumb\",\"itemListElement\":[{\"@type\":\"ListItem\",\"position\":1,\"name\":\"Home\",\"item\":\"https:\/\/www.telemaque-beach.com\/de\/\"},{\"@type\":\"ListItem\",\"position\":2,\"name\":\"Service &amp; Ausstattung\"}]},{\"@type\":\"WebSite\",\"@id\":\"https:\/\/www.telemaque-beach.com\/de\/#website\",\"url\":\"https:\/\/www.telemaque-beach.com\/de\/\",\"name\":\"Telemaque Beach & Spa\",\"description\":\"\",\"potentialAction\":[{\"@type\":\"SearchAction\",\"target\":{\"@type\":\"EntryPoint\",\"urlTemplate\":\"https:\/\/www.telemaque-beach.com\/de\/?s={search_term_string}\"},\"query-input\":{\"@type\":\"PropertyValueSpecification\",\"valueRequired\":true,\"valueName\":\"search_term_string\"}}],\"inLanguage\":\"de\"}]}<\/script>\n<!-- \/ Yoast SEO plugin. -->","yoast_head_json":{"title":"Service &amp; Ausstattung - Telemaque Djerba","description":"Genie\u00dfen Sie f\u00fcr einen unbeschwerten Aufenthalt unsere Dienstleistungen und Einrichtungen: Flughafentransfer auf Anfrage, Autovermietung, gro\u00dfz\u00fcgige Parkpl\u00e4tze und Gep\u00e4ckaufbewahrung.","robots":{"index":"index","follow":"follow","max-snippet":"max-snippet:-1","max-image-preview":"max-image-preview:large","max-video-preview":"max-video-preview:-1"},"canonical":"https:\/\/www.telemaque-beach.com\/de\/service-ausstattung\/","og_locale":"de_DE","og_type":"article","og_title":"Service &amp; Ausstattung - Telemaque Djerba","og_description":"Genie\u00dfen Sie f\u00fcr einen unbeschwerten Aufenthalt unsere Dienstleistungen und Einrichtungen: Flughafentransfer auf Anfrage, Autovermietung, gro\u00dfz\u00fcgige Parkpl\u00e4tze und Gep\u00e4ckaufbewahrung.","og_url":"https:\/\/www.telemaque-beach.com\/de\/service-ausstattung\/","og_site_name":"Telemaque Djerba","article_modified_time":"2025-11-25T11:28:40+00:00","twitter_card":"summary_large_image","twitter_misc":{"Est. reading time":"1\u00a0Minute"},"schema":{"@context":"https:\/\/schema.org","@graph":[{"@type":"WebPage","@id":"https:\/\/www.telemaque-beach.com\/de\/service-ausstattung\/","url":"https:\/\/www.telemaque-beach.com\/de\/service-ausstattung\/","name":"Service &amp; Ausstattung - Telemaque Djerba","isPartOf":{"@id":"https:\/\/www.telemaque-beach.com\/de\/#website"},"datePublished":"2025-10-06T13:15:44+00:00","dateModified":"2025-11-25T11:28:40+00:00","description":"Genie\u00dfen Sie f\u00fcr einen unbeschwerten Aufenthalt unsere Dienstleistungen und Einrichtungen: Flughafentransfer auf Anfrage, Autovermietung, gro\u00dfz\u00fcgige Parkpl\u00e4tze und Gep\u00e4ckaufbewahrung.","breadcrumb":{"@id":"https:\/\/www.telemaque-beach.com\/de\/service-ausstattung\/#breadcrumb"},"inLanguage":"de","potentialAction":[{"@type":"ReadAction","target":["https:\/\/www.telemaque-beach.com\/de\/service-ausstattung\/"]}]},{"@type":"BreadcrumbList","@id":"https:\/\/www.telemaque-beach.com\/de\/service-ausstattung\/#breadcrumb","itemListElement":[{"@type":"ListItem","position":1,"name":"Home","item":"https:\/\/www.telemaque-beach.com\/de\/"},{"@type":"ListItem","position":2,"name":"Service &amp; Ausstattung"}]},{"@type":"WebSite","@id":"https:\/\/www.telemaque-beach.com\/de\/#website","url":"https:\/\/www.telemaque-beach.com\/de\/","name":"Telemaque Beach & Spa","description":"","potentialAction":[{"@type":"SearchAction","target":{"@type":"EntryPoint","urlTemplate":"https:\/\/www.telemaque-beach.com\/de\/?s={search_term_string}"},"query-input":{"@type":"PropertyValueSpecification","valueRequired":true,"valueName":"search_term_string"}}],"inLanguage":"de"}]}},"acf":[],"_links":{"self":[{"href":"https:\/\/www.telemaque-beach.com\/de\/wp-json\/wp\/v2\/pages\/309","targetHints":{"allow":["GET"]}}],"collection":[{"href":"https:\/\/www.telemaque-beach.com\/de\/wp-json\/wp\/v2\/pages"}],"about":[{"href":"https:\/\/www.telemaque-beach.com\/de\/wp-json\/wp\/v2\/types\/page"}],"author":[{"embeddable":true,"href":"https:\/\/www.telemaque-beach.com\/de\/wp-json\/wp\/v2\/users\/23"}],"replies":[{"embeddable":true,"href":"https:\/\/www.telemaque-beach.com\/de\/wp-json\/wp\/v2\/comments?post=309"}],"version-history":[{"count":0,"href":"https:\/\/www.telemaque-beach.com\/de\/wp-json\/wp\/v2\/pages\/309\/revisions"}],"wp:attachment":[{"href":"https:\/\/www.telemaque-beach.com\/de\/wp-json\/wp\/v2\/media?parent=309"}],"curies":[{"name":"wp","href":"https:\/\/api.w.org\/{rel}","templated":true}]}}