{"id":311,"date":"2025-10-06T13:15:30","date_gmt":"2025-10-06T13:15:30","guid":{"rendered":"https:\/\/telemaquedjerba.ms3.decms.eu\/bar-restaurants\/"},"modified":"2025-11-25T11:28:11","modified_gmt":"2025-11-25T11:28:11","slug":"bars-und-restaurants","status":"publish","type":"page","link":"https:\/\/www.telemaque-beach.com\/de\/bars-und-restaurants\/","title":{"rendered":"Bars und Restaurants"},"content":{"rendered":"<p style=\"text-align: center;\">Weil Urlaub auch ein Abenteuer f\u00fcr die Sinne ist, hat das T\u00e9l\u00e9maque Beach &amp; Spa eine wahre Geschmacksreise f\u00fcr Sie kreiert. <strong>Im All-Inclusive-Hotelrestaurant auf Djerba<\/strong> wird jede Mahlzeit oder jeder Snack zu einem echten Genuss f\u00fcr die Sinne.<\/p>\n<p>&nbsp;<\/p>\n","protected":false},"excerpt":{"rendered":"<p>Weil Urlaub auch ein Abenteuer f\u00fcr die Sinne ist, hat das T\u00e9l\u00e9maque Beach &amp; Spa eine wahre Geschmacksreise f\u00fcr Sie kreiert. Im All-Inclusive-Hotelrestaurant auf Djerba wird jede Mahlzeit oder jeder Snack zu einem echten Genuss f\u00fcr die Sinne. &nbsp;<\/p>\n","protected":false},"author":23,"featured_media":0,"parent":0,"menu_order":2,"comment_status":"closed","ping_status":"closed","template":"template-restaurants.php","meta":{"footnotes":""},"class_list":["post-311","page","type-page","status-publish","hentry"],"yoast_head":"<!-- This site is optimized with the Yoast SEO plugin v26.9 - https:\/\/yoast.com\/product\/yoast-seo-wordpress\/ -->\n<title>Bars und Restaurants - Telemaque Djerba<\/title>\n<meta name=\"description\" content=\"Unser Hotel-Restaurant in Djerba l\u00e4dt Sie zum Essen ein. Vom Buffet des Restaurants bis zur Atmosph\u00e4re der Bar \u2013 genie\u00dfen Sie jeden Moment Ihres All-inclusive-Aufenthalts.\" \/>\n<meta name=\"robots\" content=\"index, follow, max-snippet:-1, max-image-preview:large, max-video-preview:-1\" \/>\n<link rel=\"canonical\" href=\"https:\/\/www.telemaque-beach.com\/de\/bars-und-restaurants\/\" \/>\n<meta property=\"og:locale\" content=\"de_DE\" \/>\n<meta property=\"og:type\" content=\"article\" \/>\n<meta property=\"og:title\" content=\"Bars und Restaurants - Telemaque Djerba\" \/>\n<meta property=\"og:description\" content=\"Unser Hotel-Restaurant in Djerba l\u00e4dt Sie zum Essen ein. Vom Buffet des Restaurants bis zur Atmosph\u00e4re der Bar \u2013 genie\u00dfen Sie jeden Moment Ihres All-inclusive-Aufenthalts.\" \/>\n<meta property=\"og:url\" content=\"https:\/\/www.telemaque-beach.com\/de\/bars-und-restaurants\/\" \/>\n<meta property=\"og:site_name\" content=\"Telemaque Djerba\" \/>\n<meta property=\"article:modified_time\" content=\"2025-11-25T11:28:11+00:00\" \/>\n<meta name=\"twitter:card\" content=\"summary_large_image\" \/>\n<meta name=\"twitter:label1\" content=\"Est. reading time\" \/>\n\t<meta name=\"twitter:data1\" content=\"1\u00a0Minute\" \/>\n<script type=\"application\/ld+json\" class=\"yoast-schema-graph\">{\"@context\":\"https:\/\/schema.org\",\"@graph\":[{\"@type\":\"WebPage\",\"@id\":\"https:\/\/www.telemaque-beach.com\/de\/bars-und-restaurants\/\",\"url\":\"https:\/\/www.telemaque-beach.com\/de\/bars-und-restaurants\/\",\"name\":\"Bars und Restaurants - Telemaque Djerba\",\"isPartOf\":{\"@id\":\"https:\/\/www.telemaque-beach.com\/de\/#website\"},\"datePublished\":\"2025-10-06T13:15:30+00:00\",\"dateModified\":\"2025-11-25T11:28:11+00:00\",\"description\":\"Unser Hotel-Restaurant in Djerba l\u00e4dt Sie zum Essen ein. Vom Buffet des Restaurants bis zur Atmosph\u00e4re der Bar \u2013 genie\u00dfen Sie jeden Moment Ihres All-inclusive-Aufenthalts.\",\"breadcrumb\":{\"@id\":\"https:\/\/www.telemaque-beach.com\/de\/bars-und-restaurants\/#breadcrumb\"},\"inLanguage\":\"de\",\"potentialAction\":[{\"@type\":\"ReadAction\",\"target\":[\"https:\/\/www.telemaque-beach.com\/de\/bars-und-restaurants\/\"]}]},{\"@type\":\"BreadcrumbList\",\"@id\":\"https:\/\/www.telemaque-beach.com\/de\/bars-und-restaurants\/#breadcrumb\",\"itemListElement\":[{\"@type\":\"ListItem\",\"position\":1,\"name\":\"Home\",\"item\":\"https:\/\/www.telemaque-beach.com\/de\/\"},{\"@type\":\"ListItem\",\"position\":2,\"name\":\"Bars und Restaurants\"}]},{\"@type\":\"WebSite\",\"@id\":\"https:\/\/www.telemaque-beach.com\/de\/#website\",\"url\":\"https:\/\/www.telemaque-beach.com\/de\/\",\"name\":\"Telemaque Beach & Spa\",\"description\":\"\",\"potentialAction\":[{\"@type\":\"SearchAction\",\"target\":{\"@type\":\"EntryPoint\",\"urlTemplate\":\"https:\/\/www.telemaque-beach.com\/de\/?s={search_term_string}\"},\"query-input\":{\"@type\":\"PropertyValueSpecification\",\"valueRequired\":true,\"valueName\":\"search_term_string\"}}],\"inLanguage\":\"de\"}]}<\/script>\n<!-- \/ Yoast SEO plugin. -->","yoast_head_json":{"title":"Bars und Restaurants - Telemaque Djerba","description":"Unser Hotel-Restaurant in Djerba l\u00e4dt Sie zum Essen ein. Vom Buffet des Restaurants bis zur Atmosph\u00e4re der Bar \u2013 genie\u00dfen Sie jeden Moment Ihres All-inclusive-Aufenthalts.","robots":{"index":"index","follow":"follow","max-snippet":"max-snippet:-1","max-image-preview":"max-image-preview:large","max-video-preview":"max-video-preview:-1"},"canonical":"https:\/\/www.telemaque-beach.com\/de\/bars-und-restaurants\/","og_locale":"de_DE","og_type":"article","og_title":"Bars und Restaurants - Telemaque Djerba","og_description":"Unser Hotel-Restaurant in Djerba l\u00e4dt Sie zum Essen ein. Vom Buffet des Restaurants bis zur Atmosph\u00e4re der Bar \u2013 genie\u00dfen Sie jeden Moment Ihres All-inclusive-Aufenthalts.","og_url":"https:\/\/www.telemaque-beach.com\/de\/bars-und-restaurants\/","og_site_name":"Telemaque Djerba","article_modified_time":"2025-11-25T11:28:11+00:00","twitter_card":"summary_large_image","twitter_misc":{"Est. reading time":"1\u00a0Minute"},"schema":{"@context":"https:\/\/schema.org","@graph":[{"@type":"WebPage","@id":"https:\/\/www.telemaque-beach.com\/de\/bars-und-restaurants\/","url":"https:\/\/www.telemaque-beach.com\/de\/bars-und-restaurants\/","name":"Bars und Restaurants - Telemaque Djerba","isPartOf":{"@id":"https:\/\/www.telemaque-beach.com\/de\/#website"},"datePublished":"2025-10-06T13:15:30+00:00","dateModified":"2025-11-25T11:28:11+00:00","description":"Unser Hotel-Restaurant in Djerba l\u00e4dt Sie zum Essen ein. Vom Buffet des Restaurants bis zur Atmosph\u00e4re der Bar \u2013 genie\u00dfen Sie jeden Moment Ihres All-inclusive-Aufenthalts.","breadcrumb":{"@id":"https:\/\/www.telemaque-beach.com\/de\/bars-und-restaurants\/#breadcrumb"},"inLanguage":"de","potentialAction":[{"@type":"ReadAction","target":["https:\/\/www.telemaque-beach.com\/de\/bars-und-restaurants\/"]}]},{"@type":"BreadcrumbList","@id":"https:\/\/www.telemaque-beach.com\/de\/bars-und-restaurants\/#breadcrumb","itemListElement":[{"@type":"ListItem","position":1,"name":"Home","item":"https:\/\/www.telemaque-beach.com\/de\/"},{"@type":"ListItem","position":2,"name":"Bars und Restaurants"}]},{"@type":"WebSite","@id":"https:\/\/www.telemaque-beach.com\/de\/#website","url":"https:\/\/www.telemaque-beach.com\/de\/","name":"Telemaque Beach & Spa","description":"","potentialAction":[{"@type":"SearchAction","target":{"@type":"EntryPoint","urlTemplate":"https:\/\/www.telemaque-beach.com\/de\/?s={search_term_string}"},"query-input":{"@type":"PropertyValueSpecification","valueRequired":true,"valueName":"search_term_string"}}],"inLanguage":"de"}]}},"acf":[],"_links":{"self":[{"href":"https:\/\/www.telemaque-beach.com\/de\/wp-json\/wp\/v2\/pages\/311","targetHints":{"allow":["GET"]}}],"collection":[{"href":"https:\/\/www.telemaque-beach.com\/de\/wp-json\/wp\/v2\/pages"}],"about":[{"href":"https:\/\/www.telemaque-beach.com\/de\/wp-json\/wp\/v2\/types\/page"}],"author":[{"embeddable":true,"href":"https:\/\/www.telemaque-beach.com\/de\/wp-json\/wp\/v2\/users\/23"}],"replies":[{"embeddable":true,"href":"https:\/\/www.telemaque-beach.com\/de\/wp-json\/wp\/v2\/comments?post=311"}],"version-history":[{"count":0,"href":"https:\/\/www.telemaque-beach.com\/de\/wp-json\/wp\/v2\/pages\/311\/revisions"}],"wp:attachment":[{"href":"https:\/\/www.telemaque-beach.com\/de\/wp-json\/wp\/v2\/media?parent=311"}],"curies":[{"name":"wp","href":"https:\/\/api.w.org\/{rel}","templated":true}]}}