{"id":313,"date":"2025-10-06T13:14:40","date_gmt":"2025-10-06T13:14:40","guid":{"rendered":"https:\/\/telemaquedjerba.ms3.decms.eu\/rooms\/"},"modified":"2025-11-25T11:26:40","modified_gmt":"2025-11-25T11:26:40","slug":"zimmer","status":"publish","type":"page","link":"https:\/\/www.telemaque-beach.com\/de\/zimmer\/","title":{"rendered":"Zimmer"},"content":{"rendered":"<p>Genie\u00dfen Sie den <b>Luxus und Komfort unserer 216 Zimmer und Suiten<\/b> im Herzen einer <b>zauberhaften Umgebung auf der Insel Djerba<\/b> in Tunesien. Die Unterk\u00fcnfte sind auf das <b>Hauptgeb\u00e4ude<\/b> und charmante <b>Bungalows \u2013 die sogenannten Menzel \u2013<\/b> verteilt. Jedes Zimmer \u00f6ffnet sich zu einem <b>Balkon, einer Terrasse oder einer gro\u00dfen Fensterfront<\/b> und bietet einen <b>beruhigenden Blick auf unsere G\u00e4rten<\/b> oder auf das <b>glitzernde Meer<\/b>.<\/p>\n<p>Um Ihr Wohlbefinden zu jeder Jahreszeit zu gew\u00e4hrleisten, sind alle Zimmer mit <b>moderner Ausstattung<\/b> versehen: <b>Klimaanlage, schallisolierte Fenster, Minik\u00fchlschrank<\/b> und <b>eigenem Badezimmer<\/b>. Zwei unserer Bungalows sind au\u00dferdem <b>barrierefrei<\/b> und f\u00fcr <b>Personen mit eingeschr\u00e4nkter Mobilit\u00e4t<\/b> zug\u00e4nglich.<\/p>\n","protected":false},"excerpt":{"rendered":"<p>Genie\u00dfen Sie den Luxus und Komfort unserer 216 Zimmer und Suiten im Herzen einer zauberhaften Umgebung auf der Insel Djerba in Tunesien. Die Unterk\u00fcnfte sind auf das Hauptgeb\u00e4ude und charmante Bungalows \u2013 die sogenannten Menzel \u2013 verteilt. Jedes Zimmer \u00f6ffnet sich zu einem Balkon, einer Terrasse oder einer gro\u00dfen Fensterfront und bietet einen beruhigenden Blick [&hellip;]<\/p>\n","protected":false},"author":23,"featured_media":0,"parent":0,"menu_order":1,"comment_status":"closed","ping_status":"closed","template":"template-rooms-2.php","meta":{"footnotes":""},"class_list":["post-313","page","type-page","status-publish","hentry"],"yoast_head":"<!-- This site is optimized with the Yoast SEO plugin v26.9 - https:\/\/yoast.com\/product\/yoast-seo-wordpress\/ -->\n<title>Zimmer - Telemaque Djerba<\/title>\n<meta name=\"description\" content=\"W\u00e4hlen Sie f\u00fcr Ihren Aufenthalt in Tunesien ein Hotelzimmer, das zu Ihnen passt. Von Zimmern mit Meerblick bis hin zu Familienzimmern genie\u00dfen Sie 4-Sterne-Komfort.\" \/>\n<meta name=\"robots\" content=\"index, follow, max-snippet:-1, max-image-preview:large, max-video-preview:-1\" \/>\n<link rel=\"canonical\" href=\"https:\/\/www.telemaque-beach.com\/de\/zimmer\/\" \/>\n<meta property=\"og:locale\" content=\"de_DE\" \/>\n<meta property=\"og:type\" content=\"article\" \/>\n<meta property=\"og:title\" content=\"Zimmer - Telemaque Djerba\" \/>\n<meta property=\"og:description\" content=\"W\u00e4hlen Sie f\u00fcr Ihren Aufenthalt in Tunesien ein Hotelzimmer, das zu Ihnen passt. Von Zimmern mit Meerblick bis hin zu Familienzimmern genie\u00dfen Sie 4-Sterne-Komfort.\" \/>\n<meta property=\"og:url\" content=\"https:\/\/www.telemaque-beach.com\/de\/zimmer\/\" \/>\n<meta property=\"og:site_name\" content=\"Telemaque Djerba\" \/>\n<meta property=\"article:modified_time\" content=\"2025-11-25T11:26:40+00:00\" \/>\n<meta name=\"twitter:card\" content=\"summary_large_image\" \/>\n<meta name=\"twitter:label1\" content=\"Est. reading time\" \/>\n\t<meta name=\"twitter:data1\" content=\"1\u00a0Minute\" \/>\n<script type=\"application\/ld+json\" class=\"yoast-schema-graph\">{\"@context\":\"https:\/\/schema.org\",\"@graph\":[{\"@type\":\"WebPage\",\"@id\":\"https:\/\/www.telemaque-beach.com\/de\/zimmer\/\",\"url\":\"https:\/\/www.telemaque-beach.com\/de\/zimmer\/\",\"name\":\"Zimmer - Telemaque Djerba\",\"isPartOf\":{\"@id\":\"https:\/\/www.telemaque-beach.com\/de\/#website\"},\"datePublished\":\"2025-10-06T13:14:40+00:00\",\"dateModified\":\"2025-11-25T11:26:40+00:00\",\"description\":\"W\u00e4hlen Sie f\u00fcr Ihren Aufenthalt in Tunesien ein Hotelzimmer, das zu Ihnen passt. Von Zimmern mit Meerblick bis hin zu Familienzimmern genie\u00dfen Sie 4-Sterne-Komfort.\",\"breadcrumb\":{\"@id\":\"https:\/\/www.telemaque-beach.com\/de\/zimmer\/#breadcrumb\"},\"inLanguage\":\"de\",\"potentialAction\":[{\"@type\":\"ReadAction\",\"target\":[\"https:\/\/www.telemaque-beach.com\/de\/zimmer\/\"]}]},{\"@type\":\"BreadcrumbList\",\"@id\":\"https:\/\/www.telemaque-beach.com\/de\/zimmer\/#breadcrumb\",\"itemListElement\":[{\"@type\":\"ListItem\",\"position\":1,\"name\":\"Home\",\"item\":\"https:\/\/www.telemaque-beach.com\/de\/\"},{\"@type\":\"ListItem\",\"position\":2,\"name\":\"Zimmer\"}]},{\"@type\":\"WebSite\",\"@id\":\"https:\/\/www.telemaque-beach.com\/de\/#website\",\"url\":\"https:\/\/www.telemaque-beach.com\/de\/\",\"name\":\"Telemaque Beach & Spa\",\"description\":\"\",\"potentialAction\":[{\"@type\":\"SearchAction\",\"target\":{\"@type\":\"EntryPoint\",\"urlTemplate\":\"https:\/\/www.telemaque-beach.com\/de\/?s={search_term_string}\"},\"query-input\":{\"@type\":\"PropertyValueSpecification\",\"valueRequired\":true,\"valueName\":\"search_term_string\"}}],\"inLanguage\":\"de\"}]}<\/script>\n<!-- \/ Yoast SEO plugin. -->","yoast_head_json":{"title":"Zimmer - Telemaque Djerba","description":"W\u00e4hlen Sie f\u00fcr Ihren Aufenthalt in Tunesien ein Hotelzimmer, das zu Ihnen passt. Von Zimmern mit Meerblick bis hin zu Familienzimmern genie\u00dfen Sie 4-Sterne-Komfort.","robots":{"index":"index","follow":"follow","max-snippet":"max-snippet:-1","max-image-preview":"max-image-preview:large","max-video-preview":"max-video-preview:-1"},"canonical":"https:\/\/www.telemaque-beach.com\/de\/zimmer\/","og_locale":"de_DE","og_type":"article","og_title":"Zimmer - Telemaque Djerba","og_description":"W\u00e4hlen Sie f\u00fcr Ihren Aufenthalt in Tunesien ein Hotelzimmer, das zu Ihnen passt. Von Zimmern mit Meerblick bis hin zu Familienzimmern genie\u00dfen Sie 4-Sterne-Komfort.","og_url":"https:\/\/www.telemaque-beach.com\/de\/zimmer\/","og_site_name":"Telemaque Djerba","article_modified_time":"2025-11-25T11:26:40+00:00","twitter_card":"summary_large_image","twitter_misc":{"Est. reading time":"1\u00a0Minute"},"schema":{"@context":"https:\/\/schema.org","@graph":[{"@type":"WebPage","@id":"https:\/\/www.telemaque-beach.com\/de\/zimmer\/","url":"https:\/\/www.telemaque-beach.com\/de\/zimmer\/","name":"Zimmer - Telemaque Djerba","isPartOf":{"@id":"https:\/\/www.telemaque-beach.com\/de\/#website"},"datePublished":"2025-10-06T13:14:40+00:00","dateModified":"2025-11-25T11:26:40+00:00","description":"W\u00e4hlen Sie f\u00fcr Ihren Aufenthalt in Tunesien ein Hotelzimmer, das zu Ihnen passt. Von Zimmern mit Meerblick bis hin zu Familienzimmern genie\u00dfen Sie 4-Sterne-Komfort.","breadcrumb":{"@id":"https:\/\/www.telemaque-beach.com\/de\/zimmer\/#breadcrumb"},"inLanguage":"de","potentialAction":[{"@type":"ReadAction","target":["https:\/\/www.telemaque-beach.com\/de\/zimmer\/"]}]},{"@type":"BreadcrumbList","@id":"https:\/\/www.telemaque-beach.com\/de\/zimmer\/#breadcrumb","itemListElement":[{"@type":"ListItem","position":1,"name":"Home","item":"https:\/\/www.telemaque-beach.com\/de\/"},{"@type":"ListItem","position":2,"name":"Zimmer"}]},{"@type":"WebSite","@id":"https:\/\/www.telemaque-beach.com\/de\/#website","url":"https:\/\/www.telemaque-beach.com\/de\/","name":"Telemaque Beach & Spa","description":"","potentialAction":[{"@type":"SearchAction","target":{"@type":"EntryPoint","urlTemplate":"https:\/\/www.telemaque-beach.com\/de\/?s={search_term_string}"},"query-input":{"@type":"PropertyValueSpecification","valueRequired":true,"valueName":"search_term_string"}}],"inLanguage":"de"}]}},"acf":[],"_links":{"self":[{"href":"https:\/\/www.telemaque-beach.com\/de\/wp-json\/wp\/v2\/pages\/313","targetHints":{"allow":["GET"]}}],"collection":[{"href":"https:\/\/www.telemaque-beach.com\/de\/wp-json\/wp\/v2\/pages"}],"about":[{"href":"https:\/\/www.telemaque-beach.com\/de\/wp-json\/wp\/v2\/types\/page"}],"author":[{"embeddable":true,"href":"https:\/\/www.telemaque-beach.com\/de\/wp-json\/wp\/v2\/users\/23"}],"replies":[{"embeddable":true,"href":"https:\/\/www.telemaque-beach.com\/de\/wp-json\/wp\/v2\/comments?post=313"}],"version-history":[{"count":0,"href":"https:\/\/www.telemaque-beach.com\/de\/wp-json\/wp\/v2\/pages\/313\/revisions"}],"wp:attachment":[{"href":"https:\/\/www.telemaque-beach.com\/de\/wp-json\/wp\/v2\/media?parent=313"}],"curies":[{"name":"wp","href":"https:\/\/api.w.org\/{rel}","templated":true}]}}