{"id":314,"date":"2025-10-06T12:44:03","date_gmt":"2025-10-06T12:44:03","guid":{"rendered":"https:\/\/telemaquedjerba.ms3.decms.eu\/accueil\/"},"modified":"2025-11-25T11:26:29","modified_gmt":"2025-11-25T11:26:29","slug":"empfang","status":"publish","type":"page","link":"https:\/\/www.telemaque-beach.com\/de\/","title":{"rendered":"Empfang"},"content":{"rendered":"<p style=\"text-align: center;\">Auf der sonnigen Insel Djerba, an der tunesischen K\u00fcste, hei\u00dft Sie das <strong>T\u00e9l\u00e9maque Beach &amp; Spa<\/strong> direkt am Meer willkommen \u2013 f\u00fcr einen Aufenthalt voller <strong>Entspannung und Komfort.<\/strong><\/p>\n<p style=\"text-align: center;\">Inspiriert von <strong>Telemach<\/strong>, dem Sohn des Odysseus und Symbol f\u00fcr Mut und Wahrheitssuche, legt unser <strong>4-Sterne-All-Inclusive-Hotel auf Djerba<\/strong> gro\u00dfen Wert auf <strong>aufrichtigen Service und herzliche Gastfreundschaft.<\/strong><\/p>\n<p style=\"text-align: center;\">Ob als Paar, mit der Familie oder mit Freunden \u2013 genie\u00dfen Sie einen Ort der Ruhe, an dem sich <strong>Strand, Freizeit und Wellness<\/strong> zu einem unvergesslichen Urlaub verbinden.<\/p>\n","protected":false},"excerpt":{"rendered":"<p>Auf der sonnigen Insel Djerba, an der tunesischen K\u00fcste, hei\u00dft Sie das T\u00e9l\u00e9maque Beach &amp; Spa direkt am Meer willkommen \u2013 f\u00fcr einen Aufenthalt voller Entspannung und Komfort. Inspiriert von Telemach, dem Sohn des Odysseus und Symbol f\u00fcr Mut und Wahrheitssuche, legt unser 4-Sterne-All-Inclusive-Hotel auf Djerba gro\u00dfen Wert auf aufrichtigen Service und herzliche Gastfreundschaft. Ob [&hellip;]<\/p>\n","protected":false},"author":23,"featured_media":0,"parent":0,"menu_order":0,"comment_status":"closed","ping_status":"closed","template":"","meta":{"footnotes":""},"class_list":["post-314","page","type-page","status-publish","hentry"],"yoast_head":"<!-- This site is optimized with the Yoast SEO plugin v26.9 - https:\/\/yoast.com\/product\/yoast-seo-wordpress\/ -->\n<title>Empfang - Telemaque Djerba<\/title>\n<meta name=\"description\" content=\"Entdecken Sie das T\u00e9l\u00e9maque Beach &amp; Spa, Ihr 4-Sterne-All-Inclusive-Hotel in Djerba. Wir begr\u00fc\u00dfen Sie direkt am Meer mit Swimmingpools, Spa und vielf\u00e4ltigem Unterhaltungsprogramm.\" \/>\n<meta name=\"robots\" content=\"index, follow, max-snippet:-1, max-image-preview:large, max-video-preview:-1\" \/>\n<link rel=\"canonical\" href=\"https:\/\/www.telemaque-beach.com\/de\/\" \/>\n<meta property=\"og:locale\" content=\"de_DE\" \/>\n<meta property=\"og:type\" content=\"article\" \/>\n<meta property=\"og:title\" content=\"Empfang - Telemaque Djerba\" \/>\n<meta property=\"og:description\" content=\"Entdecken Sie das T\u00e9l\u00e9maque Beach &amp; Spa, Ihr 4-Sterne-All-Inclusive-Hotel in Djerba. Wir begr\u00fc\u00dfen Sie direkt am Meer mit Swimmingpools, Spa und vielf\u00e4ltigem Unterhaltungsprogramm.\" \/>\n<meta property=\"og:url\" content=\"https:\/\/www.telemaque-beach.com\/de\/\" \/>\n<meta property=\"og:site_name\" content=\"Telemaque Djerba\" \/>\n<meta property=\"article:modified_time\" content=\"2025-11-25T11:26:29+00:00\" \/>\n<meta name=\"twitter:card\" content=\"summary_large_image\" \/>\n<meta name=\"twitter:label1\" content=\"Est. reading time\" \/>\n\t<meta name=\"twitter:data1\" content=\"1\u00a0Minute\" \/>\n<script type=\"application\/ld+json\" class=\"yoast-schema-graph\">{\"@context\":\"https:\/\/schema.org\",\"@graph\":[{\"@type\":\"WebPage\",\"@id\":\"https:\/\/www.telemaque-beach.com\/de\/\",\"url\":\"https:\/\/www.telemaque-beach.com\/de\/\",\"name\":\"Empfang - Telemaque Djerba\",\"isPartOf\":{\"@id\":\"https:\/\/www.telemaque-beach.com\/de\/#website\"},\"datePublished\":\"2025-10-06T12:44:03+00:00\",\"dateModified\":\"2025-11-25T11:26:29+00:00\",\"description\":\"Entdecken Sie das T\u00e9l\u00e9maque Beach & Spa, Ihr 4-Sterne-All-Inclusive-Hotel in Djerba. Wir begr\u00fc\u00dfen Sie direkt am Meer mit Swimmingpools, Spa und vielf\u00e4ltigem Unterhaltungsprogramm.\",\"breadcrumb\":{\"@id\":\"https:\/\/www.telemaque-beach.com\/de\/#breadcrumb\"},\"inLanguage\":\"de\",\"potentialAction\":[{\"@type\":\"ReadAction\",\"target\":[\"https:\/\/www.telemaque-beach.com\/de\/\"]}]},{\"@type\":\"BreadcrumbList\",\"@id\":\"https:\/\/www.telemaque-beach.com\/de\/#breadcrumb\",\"itemListElement\":[{\"@type\":\"ListItem\",\"position\":1,\"name\":\"Home\",\"item\":\"https:\/\/www.telemaque-beach.com\/de\/\"},{\"@type\":\"ListItem\",\"position\":2,\"name\":\"Empfang\"}]},{\"@type\":\"WebSite\",\"@id\":\"https:\/\/www.telemaque-beach.com\/de\/#website\",\"url\":\"https:\/\/www.telemaque-beach.com\/de\/\",\"name\":\"Telemaque Beach & Spa\",\"description\":\"\",\"potentialAction\":[{\"@type\":\"SearchAction\",\"target\":{\"@type\":\"EntryPoint\",\"urlTemplate\":\"https:\/\/www.telemaque-beach.com\/de\/?s={search_term_string}\"},\"query-input\":{\"@type\":\"PropertyValueSpecification\",\"valueRequired\":true,\"valueName\":\"search_term_string\"}}],\"inLanguage\":\"de\"}]}<\/script>\n<!-- \/ Yoast SEO plugin. -->","yoast_head_json":{"title":"Empfang - Telemaque Djerba","description":"Entdecken Sie das T\u00e9l\u00e9maque Beach & Spa, Ihr 4-Sterne-All-Inclusive-Hotel in Djerba. Wir begr\u00fc\u00dfen Sie direkt am Meer mit Swimmingpools, Spa und vielf\u00e4ltigem Unterhaltungsprogramm.","robots":{"index":"index","follow":"follow","max-snippet":"max-snippet:-1","max-image-preview":"max-image-preview:large","max-video-preview":"max-video-preview:-1"},"canonical":"https:\/\/www.telemaque-beach.com\/de\/","og_locale":"de_DE","og_type":"article","og_title":"Empfang - Telemaque Djerba","og_description":"Entdecken Sie das T\u00e9l\u00e9maque Beach & Spa, Ihr 4-Sterne-All-Inclusive-Hotel in Djerba. Wir begr\u00fc\u00dfen Sie direkt am Meer mit Swimmingpools, Spa und vielf\u00e4ltigem Unterhaltungsprogramm.","og_url":"https:\/\/www.telemaque-beach.com\/de\/","og_site_name":"Telemaque Djerba","article_modified_time":"2025-11-25T11:26:29+00:00","twitter_card":"summary_large_image","twitter_misc":{"Est. reading time":"1\u00a0Minute"},"schema":{"@context":"https:\/\/schema.org","@graph":[{"@type":"WebPage","@id":"https:\/\/www.telemaque-beach.com\/de\/","url":"https:\/\/www.telemaque-beach.com\/de\/","name":"Empfang - Telemaque Djerba","isPartOf":{"@id":"https:\/\/www.telemaque-beach.com\/de\/#website"},"datePublished":"2025-10-06T12:44:03+00:00","dateModified":"2025-11-25T11:26:29+00:00","description":"Entdecken Sie das T\u00e9l\u00e9maque Beach & Spa, Ihr 4-Sterne-All-Inclusive-Hotel in Djerba. Wir begr\u00fc\u00dfen Sie direkt am Meer mit Swimmingpools, Spa und vielf\u00e4ltigem Unterhaltungsprogramm.","breadcrumb":{"@id":"https:\/\/www.telemaque-beach.com\/de\/#breadcrumb"},"inLanguage":"de","potentialAction":[{"@type":"ReadAction","target":["https:\/\/www.telemaque-beach.com\/de\/"]}]},{"@type":"BreadcrumbList","@id":"https:\/\/www.telemaque-beach.com\/de\/#breadcrumb","itemListElement":[{"@type":"ListItem","position":1,"name":"Home","item":"https:\/\/www.telemaque-beach.com\/de\/"},{"@type":"ListItem","position":2,"name":"Empfang"}]},{"@type":"WebSite","@id":"https:\/\/www.telemaque-beach.com\/de\/#website","url":"https:\/\/www.telemaque-beach.com\/de\/","name":"Telemaque Beach & Spa","description":"","potentialAction":[{"@type":"SearchAction","target":{"@type":"EntryPoint","urlTemplate":"https:\/\/www.telemaque-beach.com\/de\/?s={search_term_string}"},"query-input":{"@type":"PropertyValueSpecification","valueRequired":true,"valueName":"search_term_string"}}],"inLanguage":"de"}]}},"acf":[],"_links":{"self":[{"href":"https:\/\/www.telemaque-beach.com\/de\/wp-json\/wp\/v2\/pages\/314","targetHints":{"allow":["GET"]}}],"collection":[{"href":"https:\/\/www.telemaque-beach.com\/de\/wp-json\/wp\/v2\/pages"}],"about":[{"href":"https:\/\/www.telemaque-beach.com\/de\/wp-json\/wp\/v2\/types\/page"}],"author":[{"embeddable":true,"href":"https:\/\/www.telemaque-beach.com\/de\/wp-json\/wp\/v2\/users\/23"}],"replies":[{"embeddable":true,"href":"https:\/\/www.telemaque-beach.com\/de\/wp-json\/wp\/v2\/comments?post=314"}],"version-history":[{"count":0,"href":"https:\/\/www.telemaque-beach.com\/de\/wp-json\/wp\/v2\/pages\/314\/revisions"}],"wp:attachment":[{"href":"https:\/\/www.telemaque-beach.com\/de\/wp-json\/wp\/v2\/media?parent=314"}],"curies":[{"name":"wp","href":"https:\/\/api.w.org\/{rel}","templated":true}]}}